{"id":814,"date":"2024-09-25T16:04:37","date_gmt":"2024-09-25T16:04:37","guid":{"rendered":"https:\/\/ayto5.accesia.info\/?page_id=814"},"modified":"2024-09-26T14:54:20","modified_gmt":"2024-09-26T14:54:20","slug":"bustia-de-denuncies","status":"publish","type":"page","link":"https:\/\/guardamardelasafor.org\/es\/bustia-de-denuncies\/","title":{"rendered":"Buz\u00f3n de denuncias"},"content":{"rendered":"<!--themify_builder_content-->\n<div id=\"themify_builder_content-814\" data-postid=\"814\" class=\"themify_builder_content themify_builder_content-814 themify_builder tf_clear\">\n                    <div  data-parallax-bg=\"desktop\" data-css_id=\"qhu6175\" data-lazy=\"1\" class=\"module_row themify_builder_row fullwidth tb_qhu6175 tb_first tf_w\">\n            <span  class=\"builder_row_cover tf_abs\" data-lazy=\"1\"><\/span>            <div class=\"row_inner col_align_top tb_col_count_1 tf_box tf_rel\">\n                        <div  data-lazy=\"1\" class=\"module_column tb-column col-full tb_ligv175 first\">\n                    <!-- module text -->\n<div  class=\"module module-text tb_1su5175   \" data-lazy=\"1\">\n        <div  class=\"tb_text_wrap\">\n        <h1 style=\"margin-bottom: 0;\">B\u00fastia de denuncia antifrau<\/h1>    <\/div>\n<\/div>\n<!-- \/module text -->        <\/div>\n                        <\/div>\n        <\/div>\n                        <div  data-lazy=\"1\" class=\"module_row themify_builder_row tb_c29x667 tf_w\">\n                        <div class=\"row_inner col_align_top tb_col_count_1 tf_box tf_rel\">\n                        <div  data-lazy=\"1\" class=\"module_column tb-column col-full tb_5j9j687 first\">\n                    <!-- module plain text -->\n<div  class=\"module module-plain-text tb_sxzp62 \" data-lazy=\"1\">\n        <div class=\"tb_text_wrap\">\n    <div class=\"frm_forms  with_frm_style frm_style_estilo-de-formidable\" id=\"frm_form_3_container\" data-token=\"5cf767a9d151311575d5e1890e04a116\">\n<form enctype=\"multipart\/form-data\" method=\"post\" class=\"frm-show-form \" id=\"form_buzon-denuncias\" data-token=\"5cf767a9d151311575d5e1890e04a116\">\n<div class=\"frm_form_fields \">\n<fieldset>\n<legend class=\"frm_screen_reader\">Buz\u00f3n de denuncias<\/legend>\r\n\r\n<div class=\"frm_fields_container\">\n<input type=\"hidden\" name=\"frm_action\" value=\"create\" \/>\n<input type=\"hidden\" name=\"form_id\" value=\"3\" \/>\n<input type=\"hidden\" name=\"frm_hide_fields_3\" id=\"frm_hide_fields_3\" value=\"\" \/>\n<input type=\"hidden\" name=\"form_key\" value=\"buzon-denuncias\" \/>\n<input type=\"hidden\" name=\"item_meta[0]\" value=\"\" \/>\n<input type=\"hidden\" id=\"frm_submit_entry_3\" name=\"frm_submit_entry_3\" value=\"34975e515f\" \/><input type=\"hidden\" name=\"_wp_http_referer\" value=\"\/es\/wp-json\/wp\/v2\/pages\/814\" \/><div id=\"frm_field_12_container\" class=\"frm_form_field form-field  frm_required_field frm_top_container frm12 frm_first\">\r\n    <label for=\"field_qh4icy3\" id=\"field_qh4icy3_label\" class=\"frm_primary_label\">Identificaci\u00f3 de la persona que remet la informaci\u00f3\r\n        <span class=\"frm_required\" aria-hidden=\"true\">*<\/span>\r\n    <\/label>\r\n    <input type=\"text\" id=\"field_qh4icy3\" name=\"item_meta[12]\" value=\"\"  placeholder=\"Exemple: 12345678Z\" data-reqmsg=\"Este campo no puede estar en blanco.\" aria-required=\"true\" data-invmsg=\"Name no es v\u00e1lido\" aria-invalid=\"false\"   aria-describedby=\"frm_desc_field_qh4icy3\"\/>\r\n    <div class=\"frm_description\" id=\"frm_desc_field_qh4icy3\"> Introdueix el teu NIF o NIE complet, amb lletres i n\u00fameros.<\/div>\r\n    \r\n<\/div>\n<div id=\"frm_field_18_container\" class=\"frm_form_field form-field  frm_required_field frm_top_container frm6 frm_first\">\r\n\t<label for=\"field_ycs40\" id=\"field_ycs40_label\" class=\"frm_primary_label\">Nom\r\n\t\t<span class=\"frm_required\" aria-hidden=\"true\">*<\/span>\r\n\t<\/label>\r\n\t<input type=\"text\" id=\"field_ycs40\" name=\"item_meta[18]\" value=\"\"  placeholder=\"Exemple: Jose\" data-reqmsg=\"Nom cannot be blank.\" aria-required=\"true\" data-invmsg=\"Nom is invalid\" aria-invalid=\"false\"   aria-describedby=\"frm_desc_field_ycs40\"\/>\r\n\t<div class=\"frm_description\" id=\"frm_desc_field_ycs40\">Indica el teu nom de pila tal com apareix en el teu document oficial.<\/div>\r\n\t\r\n<\/div>\n<div id=\"frm_field_20_container\" class=\"frm_form_field form-field  frm_required_field frm_top_container frm6\">\r\n\t<label for=\"field_tealp\" id=\"field_tealp_label\" class=\"frm_primary_label\">Cognoms\r\n\t\t<span class=\"frm_required\" aria-hidden=\"true\">*<\/span>\r\n\t<\/label>\r\n\t<input type=\"text\" id=\"field_tealp\" name=\"item_meta[20]\" value=\"\"  placeholder=\"Exemple: Mart\u00ednez Garc\u00eda\" data-reqmsg=\"Cognoms cannot be blank.\" aria-required=\"true\" data-invmsg=\"Cognoms is invalid\" aria-invalid=\"false\"   aria-describedby=\"frm_desc_field_tealp\"\/>\r\n\t<div class=\"frm_description\" id=\"frm_desc_field_tealp\">Escriu els teus cognoms complets, separats per un espai.<\/div>\r\n\t\r\n<\/div>\n<div id=\"frm_field_13_container\" class=\"frm_form_field form-field  frm_required_field frm_top_container frm_full\">\r\n    <label for=\"field_29yf4d3\" id=\"field_29yf4d3_label\" class=\"frm_primary_label\">Informaci\u00f3 a t\u00edtol personal o en representaci\u00f3 d'una empresa o entitat\r\n        <span class=\"frm_required\" aria-hidden=\"true\">*<\/span>\r\n    <\/label>\r\n    <input type=\"email\" id=\"field_29yf4d3\" name=\"item_meta[13]\" value=\"\"  placeholder=\"Exemple: B12345678\" data-reqmsg=\"Este campo no puede estar en blanco.\" aria-required=\"true\" data-invmsg=\"Please enter a valid email address\" aria-invalid=\"false\"   aria-describedby=\"frm_desc_field_29yf4d3\"\/>\r\n    <div class=\"frm_description\" id=\"frm_desc_field_29yf4d3\">Introdueix el CIF de l'empresa o entitat que representes.<\/div>\r\n    \r\n<\/div>\n<div id=\"frm_field_19_container\" class=\"frm_form_field form-field  frm_required_field frm_top_container\">\r\n\t<label for=\"field_i7kq2\" id=\"field_i7kq2_label\" class=\"frm_primary_label\">Ra\u00f3 social de l'empresa a la que representa\r\n\t\t<span class=\"frm_required\" aria-hidden=\"true\">*<\/span>\r\n\t<\/label>\r\n\t<input type=\"text\" id=\"field_i7kq2\" name=\"item_meta[19]\" value=\"\"  placeholder=\"Exemple: Serveis Inform\u00e0tics del Mediterrani SL\" data-reqmsg=\"Ra\u00f3 social de l&#039;empresa a la que representa cannot be blank.\" aria-required=\"true\" data-invmsg=\"Ra\u00f3 social de l&#039;empresa a la que representa is invalid\" aria-invalid=\"false\"   aria-describedby=\"frm_desc_field_i7kq2\"\/>\r\n\t<div class=\"frm_description\" id=\"frm_desc_field_i7kq2\">Escriu el nom legal complet de l'empresa o entitat que representes.<\/div>\r\n\t\r\n<\/div>\n<div id=\"frm_field_22_container\" class=\"frm_form_field form-field  frm_required_field frm_top_container vertical_radio\">\r\n\t<div  id=\"field_3cxpw_label\" class=\"frm_primary_label\">Indique la forma en qu\u00e8 desitja comunicar-se\r\n\t\t<span class=\"frm_required\" aria-hidden=\"true\">*<\/span>\r\n\t<\/div>\r\n\t<div class=\"frm_opt_container\" aria-labelledby=\"field_3cxpw_label\" role=\"group\">\t\t<div class=\"frm_checkbox\" id=\"frm_checkbox_22-0\">\t\t\t<label  for=\"field_3cxpw-0\">\n\t\t\t<input type=\"checkbox\" name=\"item_meta[22][]\" id=\"field_3cxpw-0\" value=\"Correu electr\u00f2nic\"  data-reqmsg=\"Indique la forma en qu\u00e8 desitja comunicar-se cannot be blank.\" data-invmsg=\"Indique la forma en qu\u00e8 desitja comunicar-se no es v\u00e1lido\"   aria-required=\"true\"  \/> Correu electr\u00f2nic<\/label><\/div>\n\t\t<div class=\"frm_checkbox\" id=\"frm_checkbox_22-1\">\t\t\t<label  for=\"field_3cxpw-1\">\n\t\t\t<input type=\"checkbox\" name=\"item_meta[22][]\" id=\"field_3cxpw-1\" value=\"Correu postal\"  data-reqmsg=\"Indique la forma en qu\u00e8 desitja comunicar-se cannot be blank.\" data-invmsg=\"Indique la forma en qu\u00e8 desitja comunicar-se no es v\u00e1lido\"   \/> Correu postal<\/label><\/div>\n<\/div>\r\n\t<div class=\"frm_description\" id=\"frm_desc_field_3cxpw\">Tria com prefereixes rebre les comunicacions: correu electr\u00f2nic o correu postal.<\/div>\r\n\t\r\n<\/div>\n<div id=\"frm_field_26_container\" class=\"frm_form_field form-field  frm_required_field frm_top_container\">\r\n\t<label for=\"field_6i51m\" id=\"field_6i51m_label\" class=\"frm_primary_label\">Direcci\u00f3\r\n\t\t<span class=\"frm_required\" aria-hidden=\"true\">*<\/span>\r\n\t<\/label>\r\n\t<input type=\"text\" id=\"field_6i51m\" name=\"item_meta[26]\" value=\"\"  placeholder=\"Exemple: Carrer Major, 45, 3r, 46003 Val\u00e8ncia\" data-reqmsg=\"Direcci\u00f3 cannot be blank.\" aria-required=\"true\" data-invmsg=\"Direcci\u00f3 is invalid\" aria-invalid=\"false\"   aria-describedby=\"frm_desc_field_6i51m\"\/>\r\n\t<div class=\"frm_description\" id=\"frm_desc_field_6i51m\">Indica la teua adre\u00e7a postal completa si has triat rebre comunicacions per correu postal.<\/div>\r\n\t\r\n<\/div>\n<div id=\"frm_field_24_container\" class=\"frm_form_field form-field  frm_required_field frm_top_container vertical_radio\">\r\n\t<div  id=\"field_brngu_label\" class=\"frm_primary_label\">Ha treballat en l'entitat a la qual es refereixen els fets?\r\n\t\t<span class=\"frm_required\" aria-hidden=\"true\">*<\/span>\r\n\t<\/div>\r\n\t<div class=\"frm_opt_container\" aria-labelledby=\"field_brngu_label\" role=\"group\">\t\t<div class=\"frm_checkbox\" id=\"frm_checkbox_24-0\">\t\t\t<label  for=\"field_brngu-0\">\n\t\t\t<input type=\"checkbox\" name=\"item_meta[24][]\" id=\"field_brngu-0\" value=\"Si\"  data-reqmsg=\"Ha treballat en l&#039;entitat a la qual es refereixen els fets? cannot be blank.\" data-invmsg=\"Ha treballat en l&#039;entitat a la qual es refereixen els fets? no es v\u00e1lido\"   aria-required=\"true\"  \/> Si<\/label><\/div>\n\t\t<div class=\"frm_checkbox\" id=\"frm_checkbox_24-1\">\t\t\t<label  for=\"field_brngu-1\">\n\t\t\t<input type=\"checkbox\" name=\"item_meta[24][]\" id=\"field_brngu-1\" value=\"No\"  data-reqmsg=\"Ha treballat en l&#039;entitat a la qual es refereixen els fets? cannot be blank.\" data-invmsg=\"Ha treballat en l&#039;entitat a la qual es refereixen els fets? no es v\u00e1lido\"   \/> No<\/label><\/div>\n<\/div>\r\n\t<div class=\"frm_description\" id=\"frm_desc_field_brngu\">Marca si has treballat pr\u00e8viament a l\u2019empresa o entitat relacionada amb els fets que comuniques.<\/div>\r\n\t\r\n<\/div>\n<div id=\"frm_field_25_container\" class=\"frm_form_field form-field  frm_required_field frm_top_container frm_full\">\r\n    <label for=\"field_65zsh\" id=\"field_65zsh_label\" class=\"frm_primary_label\">Identificaci\u00f3 de la persona o entitat que haguera com\u00e8s el frau o irregularitat\r\n        <span class=\"frm_required\" aria-hidden=\"true\">*<\/span>\r\n    <\/label>\r\n    <input type=\"email\" id=\"field_65zsh\" name=\"item_meta[25]\" value=\"\"  placeholder=\"Exemple: Persona f\u00edsica\" data-reqmsg=\"Este campo no puede estar en blanco.\" aria-required=\"true\" data-invmsg=\"Please enter a valid email address\" aria-invalid=\"false\"   aria-describedby=\"frm_desc_field_65zsh\"\/>\r\n    <div class=\"frm_description\" id=\"frm_desc_field_65zsh\">Especifica si la persona o entitat que denuncies \u00e9s f\u00edsica (una persona) o jur\u00eddica (una empresa o entitat).<\/div>\r\n    \r\n<\/div>\n<div id=\"frm_field_23_container\" class=\"frm_form_field form-field  frm_required_field frm_top_container\">\r\n\t<label for=\"field_rktc\" id=\"field_rktc_label\" class=\"frm_primary_label\">Nom i cognoms o ra\u00f3 social\r\n\t\t<span class=\"frm_required\" aria-hidden=\"true\">*<\/span>\r\n\t<\/label>\r\n\t<input type=\"text\" id=\"field_rktc\" name=\"item_meta[23]\" value=\"\"  placeholder=\"Exemple: Construccions Llevantines SL\" data-reqmsg=\"Nom i cognoms o ra\u00f3 social cannot be blank.\" aria-required=\"true\" data-invmsg=\"Nom i cognoms o ra\u00f3 social is invalid\" aria-invalid=\"false\"   aria-describedby=\"frm_desc_field_rktc\"\/>\r\n\t<div class=\"frm_description\" id=\"frm_desc_field_rktc\">Escriu el nom complet de la persona o la ra\u00f3 social de l\u2019entitat que consideres implicada.<\/div>\r\n\t\r\n<\/div>\n<div id=\"frm_field_27_container\" class=\"frm_form_field form-field  frm_required_field frm_top_container\">\r\n\t<label for=\"field_ryvax\" id=\"field_ryvax_label\" class=\"frm_primary_label\">C\u00e0rrec que ostenta a l'empresa o entitat afectada\r\n\t\t<span class=\"frm_required\" aria-hidden=\"true\">*<\/span>\r\n\t<\/label>\r\n\t<input type=\"text\" id=\"field_ryvax\" name=\"item_meta[27]\" value=\"\"  placeholder=\"Exemple: Director de compres\" data-reqmsg=\"C\u00e0rrec que ostenta a l&#039;empresa o entitat afectada cannot be blank.\" aria-required=\"true\" data-invmsg=\"C\u00e0rrec que ostenta a l&#039;empresa o entitat afectada is invalid\" aria-invalid=\"false\"   aria-describedby=\"frm_desc_field_ryvax\"\/>\r\n\t<div class=\"frm_description\" id=\"frm_desc_field_ryvax\">Indica el c\u00e0rrec o posici\u00f3 que ocupa dins de l'empresa o entitat.<\/div>\r\n\t\r\n<\/div>\n<div id=\"frm_field_29_container\" class=\"frm_form_field form-field  frm_required_field frm_top_container vertical_radio\">\r\n\t<div  id=\"field_pc3l1_label\" class=\"frm_primary_label\">Coneix el fons de la UE implicat en la irregularitat o si aquesta afecta el Mecanisme de Recuperaci\u00f3 i Resili\u00e8ncia?\r\n\t\t<span class=\"frm_required\" aria-hidden=\"true\">*<\/span>\r\n\t<\/div>\r\n\t<div class=\"frm_opt_container\" aria-labelledby=\"field_pc3l1_label\" role=\"group\">\t\t<div class=\"frm_checkbox\" id=\"frm_checkbox_29-0\">\t\t\t<label  for=\"field_pc3l1-0\">\n\t\t\t<input type=\"checkbox\" name=\"item_meta[29][]\" id=\"field_pc3l1-0\" value=\"Si\"  data-reqmsg=\"Coneix el fons de la UE implicat en la irregularitat o si aquesta afecta el Mecanisme de Recuperaci\u00f3 i Resili\u00e8ncia? cannot be blank.\" data-invmsg=\"Coneix el fons de la UE implicat en la irregularitat o si aquesta afecta el Mecanisme de Recuperaci\u00f3 i Resili\u00e8ncia? no es v\u00e1lido\"   aria-required=\"true\"  \/> Si<\/label><\/div>\n\t\t<div class=\"frm_checkbox\" id=\"frm_checkbox_29-1\">\t\t\t<label  for=\"field_pc3l1-1\">\n\t\t\t<input type=\"checkbox\" name=\"item_meta[29][]\" id=\"field_pc3l1-1\" value=\"No\"  data-reqmsg=\"Coneix el fons de la UE implicat en la irregularitat o si aquesta afecta el Mecanisme de Recuperaci\u00f3 i Resili\u00e8ncia? cannot be blank.\" data-invmsg=\"Coneix el fons de la UE implicat en la irregularitat o si aquesta afecta el Mecanisme de Recuperaci\u00f3 i Resili\u00e8ncia? no es v\u00e1lido\"   \/> No<\/label><\/div>\n<\/div>\r\n\t<div class=\"frm_description\" id=\"frm_desc_field_pc3l1\">Marca si saps si els fets estan relacionats amb algun fons europeu o amb el Mecanisme de Recuperaci\u00f3 i Resili\u00e8ncia (Next Generation EU).<\/div>\r\n\t\r\n<\/div>\n<div id=\"frm_field_28_container\" class=\"frm_form_field form-field  frm_top_container\">\r\n\t<label for=\"field_fpc1c\" id=\"field_fpc1c_label\" class=\"frm_primary_label\">Comentaris\r\n\t\t<span class=\"frm_required\" aria-hidden=\"true\"><\/span>\r\n\t<\/label>\r\n\t<input type=\"text\" id=\"field_fpc1c\" name=\"item_meta[28]\" value=\"\"  placeholder=\"Escriu els teus comentaris adicional ac\u00ed...\" data-invmsg=\"Comentaris is invalid\" aria-invalid=\"false\"   aria-describedby=\"frm_desc_field_fpc1c\"\/>\r\n\t<div class=\"frm_description\" id=\"frm_desc_field_fpc1c\">Escriu qualsevol informaci\u00f3 addicional que puga ser rellevant per entendre millor el cas.<\/div>\r\n\t\r\n<\/div>\n<div id=\"frm_field_30_container\" class=\"frm_form_field form-field  frm_required_field frm_top_container vertical_radio\">\r\n\t<div  id=\"field_inz4i_label\" class=\"frm_primary_label\">Indique si ha rem\u00e9s la informaci\u00f3 a un altre \u00f2rgan o entitat:\r\n\t\t<span class=\"frm_required\" aria-hidden=\"true\">*<\/span>\r\n\t<\/div>\r\n\t<div class=\"frm_opt_container\" aria-labelledby=\"field_inz4i_label\" role=\"group\">\t\t<div class=\"frm_checkbox\" id=\"frm_checkbox_30-0\">\t\t\t<label  for=\"field_inz4i-0\">\n\t\t\t<input type=\"checkbox\" name=\"item_meta[30][]\" id=\"field_inz4i-0\" value=\"Si\"  data-reqmsg=\"Indique si ha rem\u00e9s la informaci\u00f3 a un altre \u00f2rgan o entitat: cannot be blank.\" data-invmsg=\"Indique si ha rem\u00e9s la informaci\u00f3 a un altre \u00f2rgan o entitat: no es v\u00e1lido\"   aria-required=\"true\"  \/> Si<\/label><\/div>\n\t\t<div class=\"frm_checkbox\" id=\"frm_checkbox_30-1\">\t\t\t<label  for=\"field_inz4i-1\">\n\t\t\t<input type=\"checkbox\" name=\"item_meta[30][]\" id=\"field_inz4i-1\" value=\"No\"  data-reqmsg=\"Indique si ha rem\u00e9s la informaci\u00f3 a un altre \u00f2rgan o entitat: cannot be blank.\" data-invmsg=\"Indique si ha rem\u00e9s la informaci\u00f3 a un altre \u00f2rgan o entitat: no es v\u00e1lido\"   \/> No<\/label><\/div>\n<\/div>\r\n\t<div class=\"frm_description\" id=\"frm_desc_field_inz4i\">Marca si ja has traslladat aquesta informaci\u00f3 a alguna altra instituci\u00f3 o autoritat.<\/div>\r\n\t\r\n<\/div>\n<div id=\"frm_field_34_container\" class=\"frm_form_field form-field  frm_none_container\">\n\t<label for=\"cf-turnstile-response\" id=\"field_z71me_label\" class=\"frm_primary_label\">Captcha\n\t\t<span class=\"frm_required\" aria-hidden=\"true\"><\/span>\n\t<\/label>\n\t<div  id=\"field_z71me\" class=\"frm-cf-turnstile\" data-sitekey=\"0x4AAAAAABlZAPSskTeXdA6o\" data-language=\"es\" data-size=\"normal\" data-theme=\"light\"><\/div>\n\t\n\t\n<\/div>\n<div id=\"frm_field_17_container\" class=\"frm_form_field form-field \">\r\n\t<div class=\"frm_submit\">\r\n\r\n<button class=\"frm_button_submit\" type=\"submit\"  >Enviar<\/button>\r\n\r\n<\/div>\r\n<\/div>\n\t<input type=\"hidden\" name=\"item_key\" value=\"\" \/>\n\t\t\t<div id=\"frm_field_35_container\">\n\t\t\t<label for=\"field_i9pcz\" >\n\t\t\t\tSi eres humano, deja este campo en blanco.\t\t\t<\/label>\n\t\t\t<input  id=\"field_i9pcz\" type=\"text\" class=\"frm_form_field form-field frm_verify\" name=\"item_meta[35]\" value=\"\"  \/>\n\t\t<\/div>\n\t\t<input name=\"frm_state\" type=\"hidden\" value=\"ShSG6V7vd3poTG+RmV1Dx8rxHmvlvSlz\/h8H9EjkK+U=\" \/><\/div>\n<\/fieldset>\n<\/div>\n\n<\/form>\n<\/div>\n    <\/div>\n<\/div>\n<!-- \/module plain text --><!-- module text -->\n<div  class=\"module module-text tb_45mm688   \" data-lazy=\"1\">\n        <div  class=\"tb_text_wrap\">\n        <h3 style=\"text-align: left;\">INFORMACI\u00d3 IMPORTANT<\/h3>\n<ol>\n<li style=\"text-align: left;\">La den\u00fancia ser\u00e0 tinguida en compte i se&#8217;ls comunicaran els resultats de les gestions realitzades.<\/li>\n<li style=\"text-align: left;\">Es respectar\u00e0 la confidencialitat i la protecci\u00f3 de dades personals.<\/li>\n<li style=\"text-align: left;\">No patiran repres\u00e0lies, ni seran sancionats en el cas que es tracte de funcionaris p\u00fablics.<\/li>\n<\/ol>    <\/div>\n<\/div>\n<!-- \/module text -->        <\/div>\n                        <\/div>\n        <\/div>\n        <\/div>\n<!--\/themify_builder_content-->","protected":false},"excerpt":{"rendered":"<p>Buz\u00f3n de denuncia antifraude INFORMACI\u00d3N IMPORTANTE La denuncia ser\u00e1 tenida en cuenta y se les comunicar\u00e1n los resultados de las gestiones realizadas. Se respetar\u00e1 la confidencialidad y la protecci\u00f3n de datos personales.<\/p>","protected":false},"author":1,"featured_media":0,"parent":0,"menu_order":0,"comment_status":"closed","ping_status":"closed","template":"","meta":{"footnotes":""},"class_list":["post-814","page","type-page","status-publish","hentry","has-post-title","has-post-date","has-post-category","has-post-tag","has-post-comment","has-post-author",""],"builder_content":"<h1 style=\"margin-bottom: 0;\">B\u00fastia de denuncia antifrau<\/h1>\n[formidable id=3]\n<h3 style=\"text-align: left;\">INFORMACI\u00d3 IMPORTANT<\/h3> <ol> <li style=\"text-align: left;\">La den\u00fancia ser\u00e0 tinguida en compte i se'ls comunicaran els resultats de les gestions realitzades.<\/li> <li style=\"text-align: left;\">Es respectar\u00e0 la confidencialitat i la protecci\u00f3 de dades personals.<\/li> <li style=\"text-align: left;\">No patiran repres\u00e0lies, ni seran sancionats en el cas que es tracte de funcionaris p\u00fablics.<\/li> <\/ol>","_links":{"self":[{"href":"https:\/\/guardamardelasafor.org\/es\/wp-json\/wp\/v2\/pages\/814","targetHints":{"allow":["GET"]}}],"collection":[{"href":"https:\/\/guardamardelasafor.org\/es\/wp-json\/wp\/v2\/pages"}],"about":[{"href":"https:\/\/guardamardelasafor.org\/es\/wp-json\/wp\/v2\/types\/page"}],"author":[{"embeddable":true,"href":"https:\/\/guardamardelasafor.org\/es\/wp-json\/wp\/v2\/users\/1"}],"replies":[{"embeddable":true,"href":"https:\/\/guardamardelasafor.org\/es\/wp-json\/wp\/v2\/comments?post=814"}],"version-history":[{"count":7,"href":"https:\/\/guardamardelasafor.org\/es\/wp-json\/wp\/v2\/pages\/814\/revisions"}],"predecessor-version":[{"id":829,"href":"https:\/\/guardamardelasafor.org\/es\/wp-json\/wp\/v2\/pages\/814\/revisions\/829"}],"wp:attachment":[{"href":"https:\/\/guardamardelasafor.org\/es\/wp-json\/wp\/v2\/media?parent=814"}],"curies":[{"name":"wp","href":"https:\/\/api.w.org\/{rel}","templated":true}]}}