{"id":618,"date":"2024-09-24T16:47:09","date_gmt":"2024-09-24T16:47:09","guid":{"rendered":"https:\/\/ayto5.accesia.info\/?page_id=618"},"modified":"2024-09-26T14:53:09","modified_gmt":"2024-09-26T14:53:09","slug":"educacio","status":"publish","type":"page","link":"https:\/\/guardamardelasafor.org\/es\/serveis-municipals\/educacio\/","title":{"rendered":"Educaci\u00f3n"},"content":{"rendered":"<!--themify_builder_content-->\n<div id=\"themify_builder_content-618\" data-postid=\"618\" class=\"themify_builder_content themify_builder_content-618 themify_builder tf_clear\">\n                    <div  data-parallax-bg=\"desktop\" data-lazy=\"1\" class=\"module_row themify_builder_row tb_fvf9342 tb_first tf_w\">\n            <span  class=\"builder_row_cover tf_abs\" data-lazy=\"1\"><\/span>            <div class=\"row_inner col_align_top tb_col_count_1 tf_box tf_rel\">\n                        <div  data-lazy=\"1\" class=\"module_column tb-column col-full tb_sgm3342 first\">\n                    <!-- module text -->\n<div  class=\"module module-text tb_t6uc342\" data-lazy=\"1\">\n        <div  class=\"tb_text_wrap\">\n        <h1 style=\"margin-bottom: 0;\">Educaci\u00f3n<\/h1>    <\/div>\n<\/div>\n<!-- \/module text -->        <\/div>\n                        <\/div>\n        <\/div>\n                        <div  data-lazy=\"1\" class=\"module_row themify_builder_row tb_865l200 tf_w\">\n                        <div class=\"row_inner col_align_top tb_col_count_1 tf_box tf_rel\">\n                        <div  data-lazy=\"1\" class=\"module_column tb-column col-full tb_6nbg200 first\">\n                    <!-- module text -->\n<div  class=\"module module-text tb_p08r741\" data-lazy=\"1\">\n        <div  class=\"tb_text_wrap\">\n        <p>Desde la concejal\u00eda de educaci\u00f3n se gestiona todas las ayudas que por parte de los organismos p\u00fablicos en materia de educaci\u00f3n.<\/p>\n<p>Se gestiona las guarder\u00edas de verano, navidad, semana santa y otras, en las que se realizan diferentes actividades educativas, culturales y deportivas y talleres tem\u00e1ticos.<\/p>    <\/div>\n<\/div>\n<!-- \/module text --><!-- module image -->\n<div  class=\"module module-image tb_a7yj14 image-top   tf_mw\" data-lazy=\"1\">\n        <div class=\"image-wrap tf_rel tf_mw\">\n            <img loading=\"lazy\" decoding=\"async\" width=\"1600\" height=\"1060\" src=\"https:\/\/guardamardelasafor.org\/wp-content\/uploads\/2024\/09\/lg-184-12335137501359061791.jpg\" class=\"wp-post-image wp-image-608\" title=\"lg-184-12335137501359061791\" alt=\"lg-184-12335137501359061791\" srcset=\"https:\/\/guardamardelasafor.org\/wp-content\/uploads\/2024\/09\/lg-184-12335137501359061791.jpg 1600w, https:\/\/guardamardelasafor.org\/wp-content\/uploads\/2024\/09\/lg-184-12335137501359061791-300x199.jpg 300w, https:\/\/guardamardelasafor.org\/wp-content\/uploads\/2024\/09\/lg-184-12335137501359061791-1024x678.jpg 1024w, https:\/\/guardamardelasafor.org\/wp-content\/uploads\/2024\/09\/lg-184-12335137501359061791-768x509.jpg 768w, https:\/\/guardamardelasafor.org\/wp-content\/uploads\/2024\/09\/lg-184-12335137501359061791-1536x1018.jpg 1536w, https:\/\/guardamardelasafor.org\/wp-content\/uploads\/2024\/09\/lg-184-12335137501359061791-18x12.jpg 18w\" sizes=\"auto, (max-width: 1600px) 100vw, 1600px\" \/>    \n        <\/div>\n    <!-- \/image-wrap -->\n    \n        <\/div>\n<!-- \/module image --><!-- module text -->\n<div  class=\"module module-text tb_qoeo856\" data-lazy=\"1\">\n        <div  class=\"tb_text_wrap\">\n        <h2><strong>CULTURA<\/strong><\/h2>    <\/div>\n<\/div>\n<!-- \/module text --><!-- module text -->\n<div  class=\"module module-text tb_be4k747\" data-lazy=\"1\">\n        <div  class=\"tb_text_wrap\">\n        <div id=\"sl23977_bg\" class=\"sl_bg\" data-name=\"\" data-id=\"23977\">\n<div id=\"sl23977\" class=\"sl\">\n<div class=\"fila\">\n<div class=\"c-12\">\n<div id=\"ce36483_bg\" class=\"ce_bg\">\n<div id=\"ce36483_bg2\" class=\"ce_bg2\">\n<div id=\"ce36483\" class=\"ce\">\n<div class=\"txt\">\n<p>La concejal\u00eda de Cultura gestiona toda la agenda cultural de Guardamar de La Safor, con varios actos que van desde conciertos, teatros, presentaci\u00f3n de libros, exposiciones de cuadros, fotograf\u00eda, tem\u00e1ticas, y cualquier otro evento cultural.<\/p>\n<p>Desde esta concejal\u00eda tambi\u00e9n se fomenta la colaboraci\u00f3n entre las distintas asociaciones existentes como otras nuevas que pueden crearse. Algunas de las asociaciones que actualmente existen son:<\/p>\n<\/div>\n<\/div>\n<\/div>\n<\/div>\n<\/div>\n<\/div>\n<\/div>\n<\/div>\n<div id=\"sl23978_bg\" class=\"sl_bg\" data-name=\"\" data-id=\"23978\">\n<div id=\"sl23978\" class=\"sl\">\n<div class=\"fila\">\n<div class=\"c-12 c-md-6\">\n<div id=\"ce36484_bg\" class=\"ce_bg\">\n<div id=\"ce36484_bg2\" class=\"ce_bg2\">\n<div id=\"ce36484\" class=\"ce\">\n<div class=\"txt\">\n<p>- Asociaci\u00f3n de Mujeres y Hombres de Guardamar.<\/p>\n<\/div>\n<\/div>\n<\/div>\n<\/div>\n<\/div>\n<\/div>\n<\/div>\n<\/div>    <\/div>\n<\/div>\n<!-- \/module text -->        <div  data-lazy=\"1\" class=\"module_subrow themify_builder_sub_row tf_w col_align_middle tb_col_count_2 tb_17lx766\">\n                <div  data-lazy=\"1\" class=\"module_column sub_column col4-2 tb_zsg0766 first\">\n                    <!-- module image -->\n<div  class=\"module module-image tb_u10d204 image-top drop-shadow  tf_mw\" data-lazy=\"1\">\n        <div class=\"image-wrap tf_rel tf_mw\">\n            <img loading=\"lazy\" decoding=\"async\" width=\"300\" height=\"300\" src=\"https:\/\/guardamardelasafor.org\/wp-content\/uploads\/2024\/09\/184-15220587082055752363.jpg\" class=\"wp-post-image wp-image-609\" title=\"184-15220587082055752363\" alt=\"184-15220587082055752363\" srcset=\"https:\/\/guardamardelasafor.org\/wp-content\/uploads\/2024\/09\/184-15220587082055752363.jpg 300w, https:\/\/guardamardelasafor.org\/wp-content\/uploads\/2024\/09\/184-15220587082055752363-150x150.jpg 150w, https:\/\/guardamardelasafor.org\/wp-content\/uploads\/2024\/09\/184-15220587082055752363-12x12.jpg 12w\" sizes=\"auto, (max-width: 300px) 100vw, 300px\" \/>    \n        <\/div>\n    <!-- \/image-wrap -->\n    \n        <\/div>\n<!-- \/module image -->        <\/div>\n                    <div  data-lazy=\"1\" class=\"module_column sub_column col4-2 tb_1hwe766 last\">\n                    <!-- module text -->\n<div  class=\"module module-text tb_3ihq222\" data-lazy=\"1\">\n        <div  class=\"tb_text_wrap\">\n        <p>Asociaci\u00f3n de Mujeres y Hombres de Guardamar.<\/p>    <\/div>\n<\/div>\n<!-- \/module text -->        <\/div>\n                    <\/div>\n                <div  data-lazy=\"1\" class=\"module_subrow themify_builder_sub_row tf_w col_align_middle tb_col_count_2 tb_3wtn100\">\n                <div  data-lazy=\"1\" class=\"module_column sub_column col4-2 tb_2bdl100 first\">\n                    <!-- module image -->\n<div  class=\"module module-image tb_8aip100 image-top drop-shadow  tf_mw\" data-lazy=\"1\">\n        <div class=\"image-wrap tf_rel tf_mw\">\n            <img loading=\"lazy\" decoding=\"async\" width=\"300\" height=\"300\" src=\"https:\/\/guardamardelasafor.org\/wp-content\/uploads\/2024\/09\/184-8497424830491168.jpg\" class=\"wp-post-image wp-image-613\" title=\"184-8497424830491168\" alt=\"184-8497424830491168\" srcset=\"https:\/\/guardamardelasafor.org\/wp-content\/uploads\/2024\/09\/184-8497424830491168.jpg 300w, https:\/\/guardamardelasafor.org\/wp-content\/uploads\/2024\/09\/184-8497424830491168-150x150.jpg 150w, https:\/\/guardamardelasafor.org\/wp-content\/uploads\/2024\/09\/184-8497424830491168-12x12.jpg 12w\" sizes=\"auto, (max-width: 300px) 100vw, 300px\" \/>    \n        <\/div>\n    <!-- \/image-wrap -->\n    \n        <\/div>\n<!-- \/module image -->        <\/div>\n                    <div  data-lazy=\"1\" class=\"module_column sub_column col4-2 tb_0s6r100 last\">\n                    <!-- module text -->\n<div  class=\"module module-text tb_nnl2100\" data-lazy=\"1\">\n        <div  class=\"tb_text_wrap\">\n        <p>Asociaci\u00f3n de Moteros de Guardamar.<\/p>    <\/div>\n<\/div>\n<!-- \/module text -->        <\/div>\n                    <\/div>\n                <div  data-lazy=\"1\" class=\"module_subrow themify_builder_sub_row tf_w col_align_middle tb_col_count_2 tb_l02s307\">\n                <div  data-lazy=\"1\" class=\"module_column sub_column col4-2 tb_n1zg307 first\">\n                    <!-- module image -->\n<div  class=\"module module-image tb_cbiz307 image-top drop-shadow  tf_mw\" data-lazy=\"1\">\n        <div class=\"image-wrap tf_rel tf_mw\">\n            <img loading=\"lazy\" decoding=\"async\" width=\"900\" height=\"896\" src=\"https:\/\/guardamardelasafor.org\/wp-content\/uploads\/2024\/09\/md-184-17561508631325390507.jpg\" class=\"wp-post-image wp-image-614\" title=\"Screenshot\" alt=\"Screenshot\" srcset=\"https:\/\/guardamardelasafor.org\/wp-content\/uploads\/2024\/09\/md-184-17561508631325390507.jpg 900w, https:\/\/guardamardelasafor.org\/wp-content\/uploads\/2024\/09\/md-184-17561508631325390507-300x300.jpg 300w, https:\/\/guardamardelasafor.org\/wp-content\/uploads\/2024\/09\/md-184-17561508631325390507-150x150.jpg 150w, https:\/\/guardamardelasafor.org\/wp-content\/uploads\/2024\/09\/md-184-17561508631325390507-768x765.jpg 768w, https:\/\/guardamardelasafor.org\/wp-content\/uploads\/2024\/09\/md-184-17561508631325390507-12x12.jpg 12w\" sizes=\"auto, (max-width: 900px) 100vw, 900px\" \/>    \n        <\/div>\n    <!-- \/image-wrap -->\n    \n        <\/div>\n<!-- \/module image -->        <\/div>\n                    <div  data-lazy=\"1\" class=\"module_column sub_column col4-2 tb_4eyc307 last\">\n                    <!-- module text -->\n<div  class=\"module module-text tb_8b84307\" data-lazy=\"1\">\n        <div  class=\"tb_text_wrap\">\n        <p>Asociaci\u00f3n Guardamar Runners<br><\/p>    <\/div>\n<\/div>\n<!-- \/module text -->        <\/div>\n                    <\/div>\n                <div  data-lazy=\"1\" class=\"module_subrow themify_builder_sub_row tf_w col_align_middle tb_col_count_2 tb_kzjo428\">\n                <div  data-lazy=\"1\" class=\"module_column sub_column col4-2 tb_v3vz428 first\">\n                    <!-- module image -->\n<div  class=\"module module-image tb_g7m4428 image-top drop-shadow  tf_mw\" data-lazy=\"1\">\n        <div class=\"image-wrap tf_rel tf_mw\">\n            <img loading=\"lazy\" decoding=\"async\" width=\"300\" height=\"300\" src=\"https:\/\/guardamardelasafor.org\/wp-content\/uploads\/2024\/09\/184-1041003900913445857.jpg\" class=\"wp-post-image wp-image-611\" title=\"184-1041003900913445857\" alt=\"184-1041003900913445857\" srcset=\"https:\/\/guardamardelasafor.org\/wp-content\/uploads\/2024\/09\/184-1041003900913445857.jpg 300w, https:\/\/guardamardelasafor.org\/wp-content\/uploads\/2024\/09\/184-1041003900913445857-150x150.jpg 150w, https:\/\/guardamardelasafor.org\/wp-content\/uploads\/2024\/09\/184-1041003900913445857-12x12.jpg 12w\" sizes=\"auto, (max-width: 300px) 100vw, 300px\" \/>    \n        <\/div>\n    <!-- \/image-wrap -->\n    \n        <\/div>\n<!-- \/module image -->        <\/div>\n                    <div  data-lazy=\"1\" class=\"module_column sub_column col4-2 tb_y0dd428 last\">\n                    <!-- module text -->\n<div  class=\"module module-text tb_ytes428\" data-lazy=\"1\">\n        <div  class=\"tb_text_wrap\">\n        <p>Asociaci\u00f3n Musical Guardamar de la Safor<br><\/p>    <\/div>\n<\/div>\n<!-- \/module text -->        <\/div>\n                    <\/div>\n                <\/div>\n                        <\/div>\n        <\/div>\n        <\/div>\n<!--\/themify_builder_content-->","protected":false},"excerpt":{"rendered":"<p>Educaci\u00f3 Des de la regidoria d&#8217;educaci\u00f3 es gestiona totes les ajudes que per part dels organisms p\u00fablics en mat\u00e8ria d&#8217;educaci\u00f3. Es gestiona les escoletes d&#8217;estiu, nadal, setmana santa i altres, en les quals es realitzen diferents activitats educatives, culturals i esportives i tallers tem\u00e0tics. CULTURA La regidoria\u00a0de Cultura gestiona tota l&#8217;agenda cultural de Guardamar de [&hellip;]<\/p>\n","protected":false},"author":1,"featured_media":0,"parent":599,"menu_order":0,"comment_status":"closed","ping_status":"closed","template":"","meta":{"footnotes":""},"class_list":["post-618","page","type-page","status-publish","hentry","has-post-title","has-post-date","has-post-category","has-post-tag","has-post-comment","has-post-author",""],"builder_content":"<h1 style=\"margin-bottom: 0;\">Educaci\u00f3<\/h1>\n<p>Des de la regidoria d'educaci\u00f3 es gestiona totes les ajudes que per part dels organisms p\u00fablics en mat\u00e8ria d'educaci\u00f3.<\/p> <p>Es gestiona les escoletes d'estiu, nadal, setmana santa i altres, en les quals es realitzen diferents activitats educatives, culturals i esportives i tallers tem\u00e0tics.<\/p>\n<img src=\"https:\/\/guardamardelasafor.org\/wp-content\/uploads\/2024\/09\/lg-184-12335137501359061791.jpg\" title=\"lg-184-12335137501359061791\" alt=\"lg-184-12335137501359061791\" srcset=\"https:\/\/guardamardelasafor.org\/wp-content\/uploads\/2024\/09\/lg-184-12335137501359061791.jpg 1600w, https:\/\/guardamardelasafor.org\/wp-content\/uploads\/2024\/09\/lg-184-12335137501359061791-300x199.jpg 300w, https:\/\/guardamardelasafor.org\/wp-content\/uploads\/2024\/09\/lg-184-12335137501359061791-1024x678.jpg 1024w, https:\/\/guardamardelasafor.org\/wp-content\/uploads\/2024\/09\/lg-184-12335137501359061791-768x509.jpg 768w, https:\/\/guardamardelasafor.org\/wp-content\/uploads\/2024\/09\/lg-184-12335137501359061791-1536x1018.jpg 1536w, https:\/\/guardamardelasafor.org\/wp-content\/uploads\/2024\/09\/lg-184-12335137501359061791-18x12.jpg 18w\" sizes=\"(max-width: 1600px) 100vw, 1600px\" \/>\n<h2><strong>CULTURA<\/strong><\/h2>\n<p>La regidoria\u00a0de Cultura gestiona tota l'agenda cultural de Guardamar de La Safor, amb diversos actes que van des de concerts, teatres, presentaci\u00f3 de llibres, exposicions de quadros, fotografia, tem\u00e0tiques, i qualsevol altre event cultural.<\/p> <p>Des d'esta regidoria tamb\u00e9 \u00a0es fomenta la col\u00b7laboraci\u00f3 entre les distintes associacions existents com altres noves que es poden crear.\u00a0 Algunes de les associacions que actualment existeixen s\u00f3n:<\/p>\n<p>- Associaci\u00f3 de Dones i Homes de Guardamar.<\/p>\n<img src=\"https:\/\/guardamardelasafor.org\/wp-content\/uploads\/2024\/09\/184-15220587082055752363.jpg\" title=\"184-15220587082055752363\" alt=\"184-15220587082055752363\" srcset=\"https:\/\/guardamardelasafor.org\/wp-content\/uploads\/2024\/09\/184-15220587082055752363.jpg 300w, https:\/\/guardamardelasafor.org\/wp-content\/uploads\/2024\/09\/184-15220587082055752363-150x150.jpg 150w, https:\/\/guardamardelasafor.org\/wp-content\/uploads\/2024\/09\/184-15220587082055752363-12x12.jpg 12w\" sizes=\"(max-width: 300px) 100vw, 300px\" \/>\n<p>Associaci\u00f3 de Dones i Homes de Guardamar.<\/p>\n<img src=\"https:\/\/guardamardelasafor.org\/wp-content\/uploads\/2024\/09\/184-8497424830491168.jpg\" title=\"184-8497424830491168\" alt=\"184-8497424830491168\" srcset=\"https:\/\/guardamardelasafor.org\/wp-content\/uploads\/2024\/09\/184-8497424830491168.jpg 300w, https:\/\/guardamardelasafor.org\/wp-content\/uploads\/2024\/09\/184-8497424830491168-150x150.jpg 150w, https:\/\/guardamardelasafor.org\/wp-content\/uploads\/2024\/09\/184-8497424830491168-12x12.jpg 12w\" sizes=\"(max-width: 300px) 100vw, 300px\" \/>\n<p>Associaci\u00f3 de Moters de Guardamar.<\/p>\n<img src=\"https:\/\/guardamardelasafor.org\/wp-content\/uploads\/2024\/09\/md-184-17561508631325390507.jpg\" title=\"Screenshot\" alt=\"Screenshot\" srcset=\"https:\/\/guardamardelasafor.org\/wp-content\/uploads\/2024\/09\/md-184-17561508631325390507.jpg 900w, https:\/\/guardamardelasafor.org\/wp-content\/uploads\/2024\/09\/md-184-17561508631325390507-300x300.jpg 300w, https:\/\/guardamardelasafor.org\/wp-content\/uploads\/2024\/09\/md-184-17561508631325390507-150x150.jpg 150w, https:\/\/guardamardelasafor.org\/wp-content\/uploads\/2024\/09\/md-184-17561508631325390507-768x765.jpg 768w, https:\/\/guardamardelasafor.org\/wp-content\/uploads\/2024\/09\/md-184-17561508631325390507-12x12.jpg 12w\" sizes=\"(max-width: 900px) 100vw, 900px\" \/>\n<p>Associaci\u00f3 Guardamar Runners<br><\/p>\n<img src=\"https:\/\/guardamardelasafor.org\/wp-content\/uploads\/2024\/09\/184-1041003900913445857.jpg\" title=\"184-1041003900913445857\" alt=\"184-1041003900913445857\" srcset=\"https:\/\/guardamardelasafor.org\/wp-content\/uploads\/2024\/09\/184-1041003900913445857.jpg 300w, https:\/\/guardamardelasafor.org\/wp-content\/uploads\/2024\/09\/184-1041003900913445857-150x150.jpg 150w, https:\/\/guardamardelasafor.org\/wp-content\/uploads\/2024\/09\/184-1041003900913445857-12x12.jpg 12w\" sizes=\"(max-width: 300px) 100vw, 300px\" \/>\n<p>Associaci\u00f3 Musical Guardamar de la Safor<br><\/p>","_links":{"self":[{"href":"https:\/\/guardamardelasafor.org\/es\/wp-json\/wp\/v2\/pages\/618","targetHints":{"allow":["GET"]}}],"collection":[{"href":"https:\/\/guardamardelasafor.org\/es\/wp-json\/wp\/v2\/pages"}],"about":[{"href":"https:\/\/guardamardelasafor.org\/es\/wp-json\/wp\/v2\/types\/page"}],"author":[{"embeddable":true,"href":"https:\/\/guardamardelasafor.org\/es\/wp-json\/wp\/v2\/users\/1"}],"replies":[{"embeddable":true,"href":"https:\/\/guardamardelasafor.org\/es\/wp-json\/wp\/v2\/comments?post=618"}],"version-history":[{"count":7,"href":"https:\/\/guardamardelasafor.org\/es\/wp-json\/wp\/v2\/pages\/618\/revisions"}],"predecessor-version":[{"id":801,"href":"https:\/\/guardamardelasafor.org\/es\/wp-json\/wp\/v2\/pages\/618\/revisions\/801"}],"up":[{"embeddable":true,"href":"https:\/\/guardamardelasafor.org\/es\/wp-json\/wp\/v2\/pages\/599"}],"wp:attachment":[{"href":"https:\/\/guardamardelasafor.org\/es\/wp-json\/wp\/v2\/media?parent=618"}],"curies":[{"name":"wp","href":"https:\/\/api.w.org\/{rel}","templated":true}]}}