{"id":601,"date":"2024-09-24T16:39:08","date_gmt":"2024-09-24T16:39:08","guid":{"rendered":"https:\/\/ayto5.accesia.info\/?page_id=601"},"modified":"2026-01-14T09:21:11","modified_gmt":"2026-01-14T09:21:11","slug":"esports","status":"publish","type":"page","link":"https:\/\/guardamardelasafor.org\/es\/poble\/esports\/","title":{"rendered":"Deportes"},"content":{"rendered":"<!--themify_builder_content-->\n<div id=\"themify_builder_content-601\" data-postid=\"601\" class=\"themify_builder_content themify_builder_content-601 themify_builder tf_clear\">\n                    <div  data-parallax-bg=\"desktop\" data-lazy=\"1\" class=\"module_row themify_builder_row tb_fvf9342 tb_first tf_w\">\n            <span  class=\"builder_row_cover tf_abs\" data-lazy=\"1\"><\/span>            <div class=\"row_inner col_align_top tb_col_count_1 tf_box tf_rel\">\n                        <div  data-lazy=\"1\" class=\"module_column tb-column col-full tb_sgm3342 first\">\n                    <!-- module text -->\n<div  class=\"module module-text tb_t6uc342\" data-lazy=\"1\">\n        <div  class=\"tb_text_wrap\">\n        <h1 style=\"margin-bottom: 0;\">Deportes<\/h1>    <\/div>\n<\/div>\n<!-- \/module text -->        <\/div>\n                        <\/div>\n        <\/div>\n                        <div  data-lazy=\"1\" class=\"module_row themify_builder_row tb_865l200 tf_w\">\n                        <div class=\"row_inner col_align_top tb_col_count_1 tf_box tf_rel\">\n                        <div  data-lazy=\"1\" class=\"module_column tb-column col-full tb_6nbg200 first\">\n                    <!-- module text -->\n<div  class=\"module module-text tb_pmv8198\" data-lazy=\"1\">\n        <div  class=\"tb_text_wrap\">\n        <div id=\"sl23977_bg\" class=\"sl_bg\" data-name=\"\" data-id=\"23977\">\n<div id=\"sl23977\" class=\"sl\">\n<div class=\"fila\">\n<div class=\"c-12\">\n<div id=\"ce36483_bg\" class=\"ce_bg\">\n<div id=\"ce36483_bg2\" class=\"ce_bg2\">\n<div id=\"ce36483\" class=\"ce\">\n<div class=\"txt\">\n<p>En el apartado deportivo, la concejal\u00eda gestiona todo tipo de actividades deportivas, tanto para adultos como para ni\u00f1os. Escuela de P\u00e1del, Tenis, Zumba,, Patinaje, Ballet, Pilates, Funky, Training, etc.<br><\/p><\/div><\/div><\/div><\/div><\/div><\/div><\/div><\/div><div id=\"sl23978_bg\" class=\"sl_bg\" data-name=\"\" data-id=\"23978\"><div id=\"sl23978\" class=\"sl\"><div class=\"fila\"><div class=\"c-12 c-md-6\"><div id=\"ce36484_bg\" class=\"ce_bg\"><div id=\"ce36484_bg2\" class=\"ce_bg2\"><div id=\"ce36484\" class=\"ce\"><div class=\"txt\">\n<\/div>\n<\/div>\n<\/div>\n<\/div>\n<\/div>\n<\/div>\n<\/div>\n<\/div>    <\/div>\n<\/div>\n<!-- \/module text --><!-- module image -->\n<div  class=\"module module-image tb_81op975 image-top drop-shadow  auto_fullwidth tf_mw\" data-lazy=\"1\">\n        <div class=\"image-wrap tf_rel tf_mw\">\n            <img loading=\"lazy\" decoding=\"async\" width=\"960\" height=\"720\" src=\"https:\/\/guardamardelasafor.org\/wp-content\/uploads\/2024\/09\/184-6757863981078411149.jpg\" class=\"wp-post-image wp-image-682\" title=\"184-6757863981078411149\" alt=\"184-6757863981078411149\" srcset=\"https:\/\/guardamardelasafor.org\/wp-content\/uploads\/2024\/09\/184-6757863981078411149.jpg 960w, https:\/\/guardamardelasafor.org\/wp-content\/uploads\/2024\/09\/184-6757863981078411149-300x225.jpg 300w, https:\/\/guardamardelasafor.org\/wp-content\/uploads\/2024\/09\/184-6757863981078411149-768x576.jpg 768w, https:\/\/guardamardelasafor.org\/wp-content\/uploads\/2024\/09\/184-6757863981078411149-16x12.jpg 16w\" sizes=\"auto, (max-width: 960px) 100vw, 960px\" \/>    \n        <\/div>\n    <!-- \/image-wrap -->\n    \n        <\/div>\n<!-- \/module image --><!-- module text -->\n<div  class=\"module module-text tb_0953996\" data-lazy=\"1\">\n        <div  class=\"tb_text_wrap\">\n        <div id=\"sl23977_bg\" class=\"sl_bg\" data-name=\"\" data-id=\"23977\">\n<div id=\"sl23977\" class=\"sl\">\n<div class=\"fila\">\n<div class=\"c-12\">\n<div id=\"ce36483_bg\" class=\"ce_bg\">\n<div id=\"ce36483_bg2\" class=\"ce_bg2\">\n<div id=\"ce36483\" class=\"ce\">\n<div class=\"txt\">\n<h2>RESERVA DE PISTAS DE P\u00c1DEL<\/h2><\/div><\/div><\/div><\/div><\/div><\/div><\/div><\/div>    <\/div>\n<\/div>\n<!-- \/module text --><!-- module buttons -->\n<div  class=\"module module-buttons tb_xhhs872 buttons-horizontal solid   buttons-fullwidth\" data-lazy=\"1\">\n        <div class=\"module-buttons-item tf_in_flx\">\n                        <a href=\"https:\/\/reservas.guardamar.turiasmart.com\/\" class=\"ui builder_button tf_in_flx black\" target=\"_blank\" rel=\"noopener\">\n                                    <em><svg  class=\"tf_fa tf-far-bookmark\" aria-hidden=\"true\"><use href=\"#tf-far-bookmark\"><\/use><\/svg><\/em>                                        App para la reserva de pistas de Padel                                        <\/a>\n                <\/div>\n            <\/div>\n<!-- \/module buttons -->\n<!-- module text -->\n<div  class=\"module module-text tb_x5ye284\" data-lazy=\"1\">\n        <div  class=\"tb_text_wrap\">\n        <div id=\"sl23977_bg\" class=\"sl_bg\" data-name=\"\" data-id=\"23977\">\n<div id=\"sl23977\" class=\"sl\">\n<div class=\"fila\">\n<div class=\"c-12\">\n<div id=\"ce36483_bg\" class=\"ce_bg\">\n<div id=\"ce36483_bg2\" class=\"ce_bg2\">\n<div id=\"ce36483\" class=\"ce\">\n<div class=\"txt\">\n<h2>CENTRO DEPORTIVO EL ULLAL<\/h2><\/div><\/div><\/div><\/div><\/div><\/div><\/div><\/div><div id=\"sl23978_bg\" class=\"sl_bg\" data-name=\"\" data-id=\"23978\"><div id=\"sl23978\" class=\"sl\"><div class=\"fila\"><div class=\"c-12 c-md-6\"><div id=\"ce36484_bg\" class=\"ce_bg\"><div id=\"ce36484_bg2\" class=\"ce_bg2\"><div id=\"ce36484\" class=\"ce\"><div class=\"txt\">\n<\/div>\n<\/div>\n<\/div>\n<\/div>\n<\/div>\n<\/div>\n<\/div>\n<\/div>    <\/div>\n<\/div>\n<!-- \/module text --><!-- module buttons -->\n<div  class=\"module module-buttons tb_d7g3461 buttons-horizontal solid   buttons-fullwidth\" data-lazy=\"1\">\n        <div class=\"module-buttons-item tf_in_flx\">\n                        <a href=\"https:\/\/www.facebook.com\/centreesportiuullal\/?locale=es_ES\" class=\"ui builder_button tf_in_flx black\" target=\"_blank\" rel=\"noopener\">\n                                    <em><svg  class=\"tf_fa tf-ti-facebook\" aria-hidden=\"true\"><use href=\"#tf-ti-facebook\"><\/use><\/svg><\/em>                                        Facebook del Centro Deportivo el Colmillo                                        <\/a>\n                <\/div>\n            <\/div>\n<!-- \/module buttons -->\n<div  class=\"module themify_builder_slider_wrap tf_clearfix module-slider tb_s5xh890  slider-default  slide-image-fullwidth\" data-lazy=\"1\">\n        <div class=\"themify_builder_slider tf_carousel tf_swiper-container tf_rel tf_overflow\" data-lazy=\"1\"        data-visible=\"1\"\n        data-tab-visible=\"1\"\n        data-mob-visible=\"1\"\n        data-scroll=\"1\"\n                        data-speed=\"1\"\n        data-wrapvar=\"1\"\n        data-slider_nav=\"1\"\n        data-pager=\"1\"\n        data-effect=\"scroll\" \n        data-height=\"variable\"\n        data-css_url=\"https:\/\/guardamardelasafor.org\/wp-content\/themes\/themify-ultra\/themify\/themify-builder\/css\/modules\/sliders\/carousel,https:\/\/guardamardelasafor.org\/wp-content\/themes\/themify-ultra\/themify\/themify-builder\/css\/modules\/sliders\/slider\"\n                    >\n        <div class=\"tf_swiper-wrapper tf_lazy tf_rel tf_w tf_h tf_textc\">\n                         <div class=\"tf_swiper-slide\">            <div class=\"slide-inner-wrap\">\n                                    <div class=\"tf_rel tf_lazy slide-image\">\n                                                                            <img src=\"data:image\/svg+xml,%3Csvg%20xmlns=%27http:\/\/www.w3.org\/2000\/svg%27%20width='500'%20height='350'%20viewBox=%270%200%20500%20350%27%3E%3C\/svg%3E\" loading=\"lazy\" data-lazy=\"1\" data-tf-not-load=\"1\" style=\"background:linear-gradient(to right,#89acca 25%,#9cb9d7 25% 50%,#9bb8d8 50% 75%,#96afcd 75%),linear-gradient(to right,#b9b3b3 25%,#c1b7b8 25% 50%,#686963 50% 75%,#b5abac 75%),linear-gradient(to right,#a3a4a6 25%,#b0a6a5 25% 50%,#625e5b 50% 75%,#9d928e 75%),linear-gradient(to right,#959ea3 25%,#755f62 25% 50%,#8d9598 50% 75%,#284b2d 75%)\" decoding=\"async\" data-tf-src=\"https:\/\/guardamardelasafor.org\/wp-content\/uploads\/2024\/09\/md-184-2576142752145825195-500x350.jpg\" width=\"500\" height=\"350\" class=\"tf_svg_lazy wp-post-image wp-image-684\" title=\"md-184-2576142752145825195\" alt=\"md-184-2576142752145825195\" data-tf-srcset=\"https:\/\/guardamardelasafor.org\/wp-content\/uploads\/2024\/09\/md-184-2576142752145825195-500x350.jpg 500w, https:\/\/guardamardelasafor.org\/wp-content\/uploads\/2024\/09\/md-184-2576142752145825195-16x12.jpg 16w\" data-tf-sizes=\"(max-width: 500px) 100vw, 500px\" \/><noscript><img loading=\"lazy\" decoding=\"async\" data-tf-not-load data-no-script src=\"https:\/\/guardamardelasafor.org\/wp-content\/uploads\/2024\/09\/md-184-2576142752145825195-500x350.jpg\" width=\"500\" height=\"350\" class=\"wp-post-image wp-image-684\" title=\"md-184-2576142752145825195\" alt=\"md-184-2576142752145825195\" srcset=\"https:\/\/guardamardelasafor.org\/wp-content\/uploads\/2024\/09\/md-184-2576142752145825195-500x350.jpg 500w, https:\/\/guardamardelasafor.org\/wp-content\/uploads\/2024\/09\/md-184-2576142752145825195-16x12.jpg 16w\" sizes=\"auto, (max-width: 500px) 100vw, 500px\" \/><\/noscript>                                            <\/div>\n                \n                            <\/div>\n        <\/div>                     <div class=\"tf_swiper-slide\" style=\"content-visibility:hidden\">            <div class=\"slide-inner-wrap\">\n                                    <div class=\"tf_rel tf_lazy slide-image\">\n                                                                            <img src=\"data:image\/svg+xml,%3Csvg%20xmlns=%27http:\/\/www.w3.org\/2000\/svg%27%20width='500'%20height='350'%20viewBox=%270%200%20500%20350%27%3E%3C\/svg%3E\" loading=\"lazy\" data-lazy=\"1\" data-tf-not-load=\"1\" style=\"background:linear-gradient(to right,#556157 25%,#5c685c 25% 50%,#61645b 50% 75%,#646f61 75%),linear-gradient(to right,#9faca5 25%,#738a76 25% 50%,#8b8d82 50% 75%,#87908b 75%),linear-gradient(to right,#abb1ad 25%,#b7baaf 25% 50%,#bbbcc1 50% 75%,#6a7370 75%),linear-gradient(to right,#99a69d 25%,#a7ada9 25% 50%,#a5a9a8 50% 75%,#87908d 75%)\" decoding=\"async\" data-tf-src=\"https:\/\/guardamardelasafor.org\/wp-content\/uploads\/2024\/09\/md-184-2990680821381073950-500x350.jpg\" width=\"500\" height=\"350\" class=\"tf_svg_lazy wp-post-image wp-image-685\" title=\"md-184-2990680821381073950\" alt=\"md-184-2990680821381073950\" data-tf-srcset=\"https:\/\/guardamardelasafor.org\/wp-content\/uploads\/2024\/09\/md-184-2990680821381073950-500x350.jpg 500w, https:\/\/guardamardelasafor.org\/wp-content\/uploads\/2024\/09\/md-184-2990680821381073950-16x12.jpg 16w\" data-tf-sizes=\"(max-width: 500px) 100vw, 500px\" \/><noscript><img loading=\"lazy\" decoding=\"async\" data-tf-not-load data-no-script src=\"https:\/\/guardamardelasafor.org\/wp-content\/uploads\/2024\/09\/md-184-2990680821381073950-500x350.jpg\" width=\"500\" height=\"350\" class=\"wp-post-image wp-image-685\" title=\"md-184-2990680821381073950\" alt=\"md-184-2990680821381073950\" srcset=\"https:\/\/guardamardelasafor.org\/wp-content\/uploads\/2024\/09\/md-184-2990680821381073950-500x350.jpg 500w, https:\/\/guardamardelasafor.org\/wp-content\/uploads\/2024\/09\/md-184-2990680821381073950-16x12.jpg 16w\" sizes=\"auto, (max-width: 500px) 100vw, 500px\" \/><\/noscript>                                            <\/div>\n                \n                            <\/div>\n        <\/div>                     <div class=\"tf_swiper-slide\" style=\"content-visibility:hidden\">            <div class=\"slide-inner-wrap\">\n                                    <div class=\"tf_rel tf_lazy slide-image\">\n                                                                            <img src=\"data:image\/svg+xml,%3Csvg%20xmlns=%27http:\/\/www.w3.org\/2000\/svg%27%20width='500'%20height='350'%20viewBox=%270%200%20500%20350%27%3E%3C\/svg%3E\" loading=\"lazy\" data-lazy=\"1\" data-tf-not-load=\"1\" style=\"background:linear-gradient(to right,#56635a 25%,#6f7c75 25% 50%,#888a85 50% 75%,#444a46 75%),linear-gradient(to right,#8c9c9c 25%,#9ca1a4 25% 50%,#959f9e 50% 75%,#c4c5c0 75%),linear-gradient(to right,#354a5d 25%,#979ba4 25% 50%,#6e7166 50% 75%,#665f59 75%),linear-gradient(to right,#9da7a8 25%,#a2abaa 25% 50%,#ccd1cd 50% 75%,#a1a7a3 75%)\" decoding=\"async\" data-tf-src=\"https:\/\/guardamardelasafor.org\/wp-content\/uploads\/2024\/09\/md-184-3519642881777323103-500x350.jpg\" width=\"500\" height=\"350\" class=\"tf_svg_lazy wp-post-image wp-image-683\" title=\"md-184-3519642881777323103\" alt=\"md-184-3519642881777323103\" data-tf-srcset=\"https:\/\/guardamardelasafor.org\/wp-content\/uploads\/2024\/09\/md-184-3519642881777323103-500x350.jpg 500w, https:\/\/guardamardelasafor.org\/wp-content\/uploads\/2024\/09\/md-184-3519642881777323103-16x12.jpg 16w\" data-tf-sizes=\"(max-width: 500px) 100vw, 500px\" \/><noscript><img loading=\"lazy\" decoding=\"async\" data-tf-not-load data-no-script src=\"https:\/\/guardamardelasafor.org\/wp-content\/uploads\/2024\/09\/md-184-3519642881777323103-500x350.jpg\" width=\"500\" height=\"350\" class=\"wp-post-image wp-image-683\" title=\"md-184-3519642881777323103\" alt=\"md-184-3519642881777323103\" srcset=\"https:\/\/guardamardelasafor.org\/wp-content\/uploads\/2024\/09\/md-184-3519642881777323103-500x350.jpg 500w, https:\/\/guardamardelasafor.org\/wp-content\/uploads\/2024\/09\/md-184-3519642881777323103-16x12.jpg 16w\" sizes=\"auto, (max-width: 500px) 100vw, 500px\" \/><\/noscript>                                            <\/div>\n                \n                            <\/div>\n        <\/div>                     <div class=\"tf_swiper-slide\" style=\"content-visibility:hidden\">            <div class=\"slide-inner-wrap\">\n                                    <div class=\"tf_rel tf_lazy slide-image\">\n                                                                            <img src=\"data:image\/svg+xml,%3Csvg%20xmlns=%27http:\/\/www.w3.org\/2000\/svg%27%20width='500'%20height='350'%20viewBox=%270%200%20500%20350%27%3E%3C\/svg%3E\" loading=\"lazy\" data-lazy=\"1\" data-tf-not-load=\"1\" style=\"background:linear-gradient(to right,#c29ea2 25%,#b6abb3 25% 50%,#bb9aa3 50% 75%,#c5a1a5 75%),linear-gradient(to right,#fff9fb 25%,#f50d1a 25% 50%,#fff90a 50% 75%,#f8b8ae 75%),linear-gradient(to right,#cb7d69 25%,#b1705a 25% 50%,#ffaea3 50% 75%,#773737 75%),linear-gradient(to right,#656462 25%,#792e57 25% 50%,#de1fbc 50% 75%,#fcb6aa 75%)\" decoding=\"async\" data-tf-src=\"https:\/\/guardamardelasafor.org\/wp-content\/uploads\/2024\/09\/md-184-17488570061070825403-500x350.jpg\" width=\"500\" height=\"350\" class=\"tf_svg_lazy wp-post-image wp-image-686\" title=\"md-184-17488570061070825403\" alt=\"md-184-17488570061070825403\" data-tf-srcset=\"https:\/\/guardamardelasafor.org\/wp-content\/uploads\/2024\/09\/md-184-17488570061070825403-500x350.jpg 500w, https:\/\/guardamardelasafor.org\/wp-content\/uploads\/2024\/09\/md-184-17488570061070825403-18x12.jpg 18w\" data-tf-sizes=\"(max-width: 500px) 100vw, 500px\" \/><noscript><img loading=\"lazy\" decoding=\"async\" data-tf-not-load data-no-script src=\"https:\/\/guardamardelasafor.org\/wp-content\/uploads\/2024\/09\/md-184-17488570061070825403-500x350.jpg\" width=\"500\" height=\"350\" class=\"wp-post-image wp-image-686\" title=\"md-184-17488570061070825403\" alt=\"md-184-17488570061070825403\" srcset=\"https:\/\/guardamardelasafor.org\/wp-content\/uploads\/2024\/09\/md-184-17488570061070825403-500x350.jpg 500w, https:\/\/guardamardelasafor.org\/wp-content\/uploads\/2024\/09\/md-184-17488570061070825403-18x12.jpg 18w\" sizes=\"auto, (max-width: 500px) 100vw, 500px\" \/><\/noscript>                                            <\/div>\n                \n                            <\/div>\n        <\/div>            <\/div>\n    <\/div>\n<\/div>\n        <\/div>\n                        <\/div>\n        <\/div>\n        <\/div>\n<!--\/themify_builder_content-->","protected":false},"excerpt":{"rendered":"<p>Deportes En el apartado deportivo la concejal\u00eda gestiona todo tipo de actividades deportivas, tanto para adultos como para ni\u00f1os.<\/p>","protected":false},"author":1,"featured_media":0,"parent":146,"menu_order":0,"comment_status":"closed","ping_status":"closed","template":"","meta":{"footnotes":""},"class_list":["post-601","page","type-page","status-publish","hentry","has-post-title","has-post-date","has-post-category","has-post-tag","has-post-comment","has-post-author",""],"builder_content":"<h1 style=\"margin-bottom: 0;\">Esports<\/h1>\n<p>A l'apartat esportiu la regidoria gestiona tot tipus d'activitats esportives, tant per adults com per a xiquets.&nbsp; Escola de P\u00e0del, Tenis, Zumba,, Patinatge, Ballet, Pilates, Funky, Training, etc.<br><\/p>\n<img src=\"https:\/\/guardamardelasafor.org\/wp-content\/uploads\/2024\/09\/184-6757863981078411149.jpg\" title=\"184-6757863981078411149\" alt=\"184-6757863981078411149\" srcset=\"https:\/\/guardamardelasafor.org\/wp-content\/uploads\/2024\/09\/184-6757863981078411149.jpg 960w, https:\/\/guardamardelasafor.org\/wp-content\/uploads\/2024\/09\/184-6757863981078411149-300x225.jpg 300w, https:\/\/guardamardelasafor.org\/wp-content\/uploads\/2024\/09\/184-6757863981078411149-768x576.jpg 768w, https:\/\/guardamardelasafor.org\/wp-content\/uploads\/2024\/09\/184-6757863981078411149-16x12.jpg 16w\" sizes=\"(max-width: 960px) 100vw, 960px\" \/>\n<h2>RESERVA DE PISTES DE P\u00c0DEL<\/h2>\n<a href=\"https:\/\/reservas.guardamar.turiasmart.com\/\" target=\"_blank\" rel=\"noopener\"> <em><svg aria-hidden=\"true\"><use href=\"#tf-far-bookmark\"><\/use><\/svg><\/em> App per a la reserva de pistes de Padel <\/a>\n<h2>CENTRE ESPORTIU L'ULLAL<\/h2>\n<a href=\"https:\/\/www.facebook.com\/centreesportiuullal\/?locale=es_ES\" target=\"_blank\" rel=\"noopener\"> <em><svg aria-hidden=\"true\"><use href=\"#tf-ti-facebook\"><\/use><\/svg><\/em> Facebook del Centre Esportiu l'Ullal <\/a>\n<img src=\"data:image\/svg+xml,%3Csvg%20xmlns=%27http:\/\/www.w3.org\/2000\/svg%27%20width='500'%20height='350'%20viewBox=%270%200%20500%20350%27%3E%3C\/svg%3E\" loading=\"lazy\" data-lazy=\"1\" data-tf-not-load=\"1\" style=\"background:linear-gradient(to right,#89acca 25%,#9cb9d7 25% 50%,#9bb8d8 50% 75%,#96afcd 75%),linear-gradient(to right,#b9b3b3 25%,#c1b7b8 25% 50%,#686963 50% 75%,#b5abac 75%),linear-gradient(to right,#a3a4a6 25%,#b0a6a5 25% 50%,#625e5b 50% 75%,#9d928e 75%),linear-gradient(to right,#959ea3 25%,#755f62 25% 50%,#8d9598 50% 75%,#284b2d 75%)\" decoding=\"async\" data-tf-src=\"https:\/\/guardamardelasafor.org\/wp-content\/uploads\/2024\/09\/md-184-2576142752145825195-500x350.jpg\" width=\"500\" height=\"350\" title=\"md-184-2576142752145825195\" alt=\"md-184-2576142752145825195\" data-tf-srcset=\"https:\/\/guardamardelasafor.org\/wp-content\/uploads\/2024\/09\/md-184-2576142752145825195-500x350.jpg 500w, https:\/\/guardamardelasafor.org\/wp-content\/uploads\/2024\/09\/md-184-2576142752145825195-16x12.jpg 16w\" data-tf-sizes=\"(max-width: 500px) 100vw, 500px\" \/><noscript><img data-tf-not-load data-no-script src=\"https:\/\/guardamardelasafor.org\/wp-content\/uploads\/2024\/09\/md-184-2576142752145825195-500x350.jpg\" width=\"500\" height=\"350\" title=\"md-184-2576142752145825195\" alt=\"md-184-2576142752145825195\" srcset=\"https:\/\/guardamardelasafor.org\/wp-content\/uploads\/2024\/09\/md-184-2576142752145825195-500x350.jpg 500w, https:\/\/guardamardelasafor.org\/wp-content\/uploads\/2024\/09\/md-184-2576142752145825195-16x12.jpg 16w\" sizes=\"(max-width: 500px) 100vw, 500px\" \/><\/noscript> <img src=\"data:image\/svg+xml,%3Csvg%20xmlns=%27http:\/\/www.w3.org\/2000\/svg%27%20width='500'%20height='350'%20viewBox=%270%200%20500%20350%27%3E%3C\/svg%3E\" loading=\"lazy\" data-lazy=\"1\" data-tf-not-load=\"1\" style=\"background:linear-gradient(to right,#556157 25%,#5c685c 25% 50%,#61645b 50% 75%,#646f61 75%),linear-gradient(to right,#9faca5 25%,#738a76 25% 50%,#8b8d82 50% 75%,#87908b 75%),linear-gradient(to right,#abb1ad 25%,#b7baaf 25% 50%,#bbbcc1 50% 75%,#6a7370 75%),linear-gradient(to right,#99a69d 25%,#a7ada9 25% 50%,#a5a9a8 50% 75%,#87908d 75%)\" decoding=\"async\" data-tf-src=\"https:\/\/guardamardelasafor.org\/wp-content\/uploads\/2024\/09\/md-184-2990680821381073950-500x350.jpg\" width=\"500\" height=\"350\" title=\"md-184-2990680821381073950\" alt=\"md-184-2990680821381073950\" data-tf-srcset=\"https:\/\/guardamardelasafor.org\/wp-content\/uploads\/2024\/09\/md-184-2990680821381073950-500x350.jpg 500w, https:\/\/guardamardelasafor.org\/wp-content\/uploads\/2024\/09\/md-184-2990680821381073950-16x12.jpg 16w\" data-tf-sizes=\"(max-width: 500px) 100vw, 500px\" \/><noscript><img data-tf-not-load data-no-script src=\"https:\/\/guardamardelasafor.org\/wp-content\/uploads\/2024\/09\/md-184-2990680821381073950-500x350.jpg\" width=\"500\" height=\"350\" title=\"md-184-2990680821381073950\" alt=\"md-184-2990680821381073950\" srcset=\"https:\/\/guardamardelasafor.org\/wp-content\/uploads\/2024\/09\/md-184-2990680821381073950-500x350.jpg 500w, https:\/\/guardamardelasafor.org\/wp-content\/uploads\/2024\/09\/md-184-2990680821381073950-16x12.jpg 16w\" sizes=\"(max-width: 500px) 100vw, 500px\" \/><\/noscript> <img src=\"data:image\/svg+xml,%3Csvg%20xmlns=%27http:\/\/www.w3.org\/2000\/svg%27%20width='500'%20height='350'%20viewBox=%270%200%20500%20350%27%3E%3C\/svg%3E\" loading=\"lazy\" data-lazy=\"1\" data-tf-not-load=\"1\" style=\"background:linear-gradient(to right,#56635a 25%,#6f7c75 25% 50%,#888a85 50% 75%,#444a46 75%),linear-gradient(to right,#8c9c9c 25%,#9ca1a4 25% 50%,#959f9e 50% 75%,#c4c5c0 75%),linear-gradient(to right,#354a5d 25%,#979ba4 25% 50%,#6e7166 50% 75%,#665f59 75%),linear-gradient(to right,#9da7a8 25%,#a2abaa 25% 50%,#ccd1cd 50% 75%,#a1a7a3 75%)\" decoding=\"async\" data-tf-src=\"https:\/\/guardamardelasafor.org\/wp-content\/uploads\/2024\/09\/md-184-3519642881777323103-500x350.jpg\" width=\"500\" height=\"350\" title=\"md-184-3519642881777323103\" alt=\"md-184-3519642881777323103\" data-tf-srcset=\"https:\/\/guardamardelasafor.org\/wp-content\/uploads\/2024\/09\/md-184-3519642881777323103-500x350.jpg 500w, https:\/\/guardamardelasafor.org\/wp-content\/uploads\/2024\/09\/md-184-3519642881777323103-16x12.jpg 16w\" data-tf-sizes=\"(max-width: 500px) 100vw, 500px\" \/><noscript><img data-tf-not-load data-no-script src=\"https:\/\/guardamardelasafor.org\/wp-content\/uploads\/2024\/09\/md-184-3519642881777323103-500x350.jpg\" width=\"500\" height=\"350\" title=\"md-184-3519642881777323103\" alt=\"md-184-3519642881777323103\" srcset=\"https:\/\/guardamardelasafor.org\/wp-content\/uploads\/2024\/09\/md-184-3519642881777323103-500x350.jpg 500w, https:\/\/guardamardelasafor.org\/wp-content\/uploads\/2024\/09\/md-184-3519642881777323103-16x12.jpg 16w\" sizes=\"(max-width: 500px) 100vw, 500px\" \/><\/noscript> <img src=\"data:image\/svg+xml,%3Csvg%20xmlns=%27http:\/\/www.w3.org\/2000\/svg%27%20width='500'%20height='350'%20viewBox=%270%200%20500%20350%27%3E%3C\/svg%3E\" loading=\"lazy\" data-lazy=\"1\" data-tf-not-load=\"1\" style=\"background:linear-gradient(to right,#c29ea2 25%,#b6abb3 25% 50%,#bb9aa3 50% 75%,#c5a1a5 75%),linear-gradient(to right,#fff9fb 25%,#f50d1a 25% 50%,#fff90a 50% 75%,#f8b8ae 75%),linear-gradient(to right,#cb7d69 25%,#b1705a 25% 50%,#ffaea3 50% 75%,#773737 75%),linear-gradient(to right,#656462 25%,#792e57 25% 50%,#de1fbc 50% 75%,#fcb6aa 75%)\" decoding=\"async\" data-tf-src=\"https:\/\/guardamardelasafor.org\/wp-content\/uploads\/2024\/09\/md-184-17488570061070825403-500x350.jpg\" width=\"500\" height=\"350\" title=\"md-184-17488570061070825403\" alt=\"md-184-17488570061070825403\" data-tf-srcset=\"https:\/\/guardamardelasafor.org\/wp-content\/uploads\/2024\/09\/md-184-17488570061070825403-500x350.jpg 500w, https:\/\/guardamardelasafor.org\/wp-content\/uploads\/2024\/09\/md-184-17488570061070825403-18x12.jpg 18w\" data-tf-sizes=\"(max-width: 500px) 100vw, 500px\" \/><noscript><img data-tf-not-load data-no-script src=\"https:\/\/guardamardelasafor.org\/wp-content\/uploads\/2024\/09\/md-184-17488570061070825403-500x350.jpg\" width=\"500\" height=\"350\" title=\"md-184-17488570061070825403\" alt=\"md-184-17488570061070825403\" srcset=\"https:\/\/guardamardelasafor.org\/wp-content\/uploads\/2024\/09\/md-184-17488570061070825403-500x350.jpg 500w, https:\/\/guardamardelasafor.org\/wp-content\/uploads\/2024\/09\/md-184-17488570061070825403-18x12.jpg 18w\" sizes=\"(max-width: 500px) 100vw, 500px\" \/><\/noscript>","_links":{"self":[{"href":"https:\/\/guardamardelasafor.org\/es\/wp-json\/wp\/v2\/pages\/601","targetHints":{"allow":["GET"]}}],"collection":[{"href":"https:\/\/guardamardelasafor.org\/es\/wp-json\/wp\/v2\/pages"}],"about":[{"href":"https:\/\/guardamardelasafor.org\/es\/wp-json\/wp\/v2\/types\/page"}],"author":[{"embeddable":true,"href":"https:\/\/guardamardelasafor.org\/es\/wp-json\/wp\/v2\/users\/1"}],"replies":[{"embeddable":true,"href":"https:\/\/guardamardelasafor.org\/es\/wp-json\/wp\/v2\/comments?post=601"}],"version-history":[{"count":21,"href":"https:\/\/guardamardelasafor.org\/es\/wp-json\/wp\/v2\/pages\/601\/revisions"}],"predecessor-version":[{"id":2224,"href":"https:\/\/guardamardelasafor.org\/es\/wp-json\/wp\/v2\/pages\/601\/revisions\/2224"}],"up":[{"embeddable":true,"href":"https:\/\/guardamardelasafor.org\/es\/wp-json\/wp\/v2\/pages\/146"}],"wp:attachment":[{"href":"https:\/\/guardamardelasafor.org\/es\/wp-json\/wp\/v2\/media?parent=601"}],"curies":[{"name":"wp","href":"https:\/\/api.w.org\/{rel}","templated":true}]}}