{"id":599,"date":"2024-09-24T16:38:42","date_gmt":"2024-09-24T16:38:42","guid":{"rendered":"https:\/\/ayto5.accesia.info\/?page_id=599"},"modified":"2024-10-17T11:55:29","modified_gmt":"2024-10-17T11:55:29","slug":"serveis-municipals","status":"publish","type":"page","link":"https:\/\/guardamardelasafor.org\/es\/serveis-municipals\/","title":{"rendered":"Servicios municipales"},"content":{"rendered":"<!--themify_builder_content-->\n<div id=\"themify_builder_content-599\" data-postid=\"599\" class=\"themify_builder_content themify_builder_content-599 themify_builder tf_clear\">\n                    <div  data-parallax-bg=\"desktop\" data-lazy=\"1\" class=\"module_row themify_builder_row tb_fe58c64 tb_first tf_w\">\n            <span  class=\"builder_row_cover tf_abs\" data-lazy=\"1\"><\/span>            <div class=\"row_inner col_align_top tb_col_count_1 tf_box tf_rel\">\n                        <div  data-lazy=\"1\" class=\"module_column tb-column col-full tb_bb1b33d first\">\n                    <!-- module text -->\n<div  class=\"module module-text tb_2c0aaca\" data-lazy=\"1\">\n        <div  class=\"tb_text_wrap\">\n        <h1 style=\"margin-bottom: 0;\">Servicios municipales<\/h1>    <\/div>\n<\/div>\n<!-- \/module text -->        <\/div>\n                        <\/div>\n        <\/div>\n                        <div  data-lazy=\"1\" class=\"module_row themify_builder_row tb_cn7r279 tf_w\">\n                        <div class=\"row_inner col_align_top tb_col_count_3 tf_box tf_rel\">\n                        <div  data-lazy=\"1\" class=\"module_column tb-column col3-1 tb_mi6a279 first\">\n                    <!-- module feature -->\n<div  class=\"module module-feature tb_ryg1279 with-chart layout-icon-top size-small  wow\" data-tf-animation=\"zoomIn\" data-layout-mobile=\"icon-top\" data-layout-desktop=\"icon-top\" data-lazy=\"1\">\n        <div class=\"module-feature-image tf_textc tf_rel\">\n                            <a href=\"\/es\/educacio\/\">\n                        <span class=\"module-feature-chart-html5 tf_box tf_rel tf_inline_b\">\n                                    <svg class=\"tf_abs tf_w tf_h\">\n                    <circle class=\"tb_feature_fill\" r=\"calc(50% - 1.00px)\" cx=\"50%\" cy=\"50%\" stroke-width=\"2\"\/>\n                    <circle class=\"tb_feature_stroke\" r=\"calc(50% - 1.00px)\" cx=\"50%\" cy=\"50%\" stroke=\"#00406e\" stroke-width=\"2\" data-progress=\"100\" stroke-dasharray=\"0,10000\"\/>\n                                        <\/svg>\n                                <span class=\"chart-html5-circle tf_w tf_h\">\n                                            <em class=\"module-feature-icon tf_rel\" style=\"color:#000\"><svg  class=\"tf_fa tf-fas-book-reader\" aria-hidden=\"true\"><use href=\"#tf-fas-book-reader\"><\/use><\/svg><\/em>\n                                    <\/span>\n\n                \n            <\/span>\n                        <\/a>\n            <\/div>\n    <div class=\"module-feature-content tf_textc\">\n                    <h3 class=\"module-feature-title\">\n                            <a href=\"\/es\/educacio\/\">Educaci\u00f3n<\/a>\n                        <\/h3>\n                    <div class=\"tb_text_wrap\">\n            <p>Recursos y actividades educativas y culturales del municipio<\/p>        <\/div>\n    <\/div>\n<\/div>\n<!-- \/module feature -->\n        <\/div>\n                    <div  data-lazy=\"1\" class=\"module_column tb-column col3-1 tb_3dq4279\">\n                    <!-- module feature -->\n<div  class=\"module module-feature tb_rt5b279 with-chart layout-icon-top size-small  wow\" data-tf-animation=\"zoomIn\" data-layout-mobile=\"icon-top\" data-layout-desktop=\"icon-top\" data-lazy=\"1\">\n        <div class=\"module-feature-image tf_textc tf_rel\">\n                            <a href=\"\/es\/biblioteca-i-sala-dinternet\/\">\n                        <span class=\"module-feature-chart-html5 tf_box tf_rel tf_inline_b\">\n                                    <svg class=\"tf_abs tf_w tf_h\">\n                    <circle class=\"tb_feature_fill\" r=\"calc(50% - 1.00px)\" cx=\"50%\" cy=\"50%\" stroke-width=\"2\"\/>\n                    <circle class=\"tb_feature_stroke\" r=\"calc(50% - 1.00px)\" cx=\"50%\" cy=\"50%\" stroke=\"#00406e\" stroke-width=\"2\" data-progress=\"100\" stroke-dasharray=\"0,10000\"\/>\n                                        <\/svg>\n                                <span class=\"chart-html5-circle tf_w tf_h\">\n                                            <em class=\"module-feature-icon tf_rel\" style=\"color:#000\"><svg  class=\"tf_fa tf-fas-book-bookmark\" aria-hidden=\"true\"><use href=\"#tf-fas-book-bookmark\"><\/use><\/svg><\/em>\n                                    <\/span>\n\n                \n            <\/span>\n                        <\/a>\n            <\/div>\n    <div class=\"module-feature-content tf_textc\">\n                    <h3 class=\"module-feature-title\">\n                            <a href=\"\/es\/biblioteca-i-sala-dinternet\/\">Biblioteca municipal<\/a>\n                        <\/h3>\n                    <div class=\"tb_text_wrap\">\n            <p>Informaci\u00f3n sobre la biblioteca municipal de Guardamar de la Safor<\/p>        <\/div>\n    <\/div>\n<\/div>\n<!-- \/module feature -->\n        <\/div>\n                    <div  data-lazy=\"1\" class=\"module_column tb-column col3-1 tb_7qq8279 last\">\n                    <!-- module feature -->\n<div  class=\"module module-feature tb_sj6t279 with-chart layout-icon-top size-small  wow\" data-tf-animation=\"zoomIn\" data-layout-mobile=\"icon-top\" data-layout-desktop=\"icon-top\" data-lazy=\"1\">\n        <div class=\"module-feature-image tf_textc tf_rel\">\n                            <a href=\"\/es\/medi-ambient\/\">\n                        <span class=\"module-feature-chart-html5 tf_box tf_rel tf_inline_b\">\n                                    <svg class=\"tf_abs tf_w tf_h\">\n                    <circle class=\"tb_feature_fill\" r=\"calc(50% - 1.00px)\" cx=\"50%\" cy=\"50%\" stroke-width=\"2\"\/>\n                    <circle class=\"tb_feature_stroke\" r=\"calc(50% - 1.00px)\" cx=\"50%\" cy=\"50%\" stroke=\"#00406e\" stroke-width=\"2\" data-progress=\"100\" stroke-dasharray=\"0,10000\"\/>\n                                        <\/svg>\n                                <span class=\"chart-html5-circle tf_w tf_h\">\n                                            <em class=\"module-feature-icon tf_rel\" style=\"color:#000\"><svg  class=\"tf_fa tf-fas-sun-plant-wilt\" aria-hidden=\"true\"><use href=\"#tf-fas-sun-plant-wilt\"><\/use><\/svg><\/em>\n                                    <\/span>\n\n                \n            <\/span>\n                        <\/a>\n            <\/div>\n    <div class=\"module-feature-content tf_textc\">\n                    <h3 class=\"module-feature-title\">\n                            <a href=\"\/es\/medi-ambient\/\">Medio ambiente<\/a>\n                        <\/h3>\n                    <div class=\"tb_text_wrap\">\n            <p>Iniciativas para la protecci\u00f3n y sostenibilidad del medio ambiente<\/p>        <\/div>\n    <\/div>\n<\/div>\n<!-- \/module feature -->\n        <\/div>\n                        <\/div>\n        <\/div>\n                        <div  data-lazy=\"1\" class=\"module_row themify_builder_row tb_gt76935 tf_w\">\n                        <div class=\"row_inner col_align_top tb_col_count_3 tf_box tf_rel\">\n                        <div  data-lazy=\"1\" class=\"module_column tb-column col3-1 tb_mb92935 first\">\n                    <!-- module feature -->\n<div  class=\"module module-feature tb_uisr935 with-chart layout-icon-top size-small  wow\" data-tf-animation=\"zoomIn\" data-layout-mobile=\"icon-top\" data-layout-desktop=\"icon-top\" data-lazy=\"1\">\n        <div class=\"module-feature-image tf_textc tf_rel\">\n                            <a href=\"\/es\/serveis-socials\/\">\n                        <span class=\"module-feature-chart-html5 tf_box tf_rel tf_inline_b\">\n                                    <svg class=\"tf_abs tf_w tf_h\">\n                    <circle class=\"tb_feature_fill\" r=\"calc(50% - 1.00px)\" cx=\"50%\" cy=\"50%\" stroke-width=\"2\"\/>\n                    <circle class=\"tb_feature_stroke\" r=\"calc(50% - 1.00px)\" cx=\"50%\" cy=\"50%\" stroke=\"#00406e\" stroke-width=\"2\" data-progress=\"100\" stroke-dasharray=\"0,10000\"\/>\n                                        <\/svg>\n                                <span class=\"chart-html5-circle tf_w tf_h\">\n                                            <em class=\"module-feature-icon tf_rel\" style=\"color:#000\"><svg  class=\"tf_fa tf-fas-person-cane\" aria-hidden=\"true\"><use href=\"#tf-fas-person-cane\"><\/use><\/svg><\/em>\n                                    <\/span>\n\n                \n            <\/span>\n                        <\/a>\n            <\/div>\n    <div class=\"module-feature-content tf_textc\">\n                    <h3 class=\"module-feature-title\">\n                            <a href=\"\/es\/serveis-socials\/\">Servicios sociales<\/a>\n                        <\/h3>\n                    <div class=\"tb_text_wrap\">\n            <p>Apoyo y recursos para la ciudadan\u00eda en situaci\u00f3n de vulnerabilidad<\/p>        <\/div>\n    <\/div>\n<\/div>\n<!-- \/module feature -->\n        <\/div>\n                    <div  data-lazy=\"1\" class=\"module_column tb-column col3-1 tb_zmvh935\">\n                    <!-- module feature -->\n<div  class=\"module module-feature tb_m363935 with-chart layout-icon-top size-small  wow\" data-tf-animation=\"zoomIn\" data-layout-mobile=\"icon-top\" data-layout-desktop=\"icon-top\" data-lazy=\"1\">\n        <div class=\"module-feature-image tf_textc tf_rel\">\n                            <a href=\"\/es\/urbanisme\/\">\n                        <span class=\"module-feature-chart-html5 tf_box tf_rel tf_inline_b\">\n                                    <svg class=\"tf_abs tf_w tf_h\">\n                    <circle class=\"tb_feature_fill\" r=\"calc(50% - 1.00px)\" cx=\"50%\" cy=\"50%\" stroke-width=\"2\"\/>\n                    <circle class=\"tb_feature_stroke\" r=\"calc(50% - 1.00px)\" cx=\"50%\" cy=\"50%\" stroke=\"#00406e\" stroke-width=\"2\" data-progress=\"100\" stroke-dasharray=\"0,10000\"\/>\n                                        <\/svg>\n                                <span class=\"chart-html5-circle tf_w tf_h\">\n                                            <em class=\"module-feature-icon tf_rel\" style=\"color:#000\"><svg  class=\"tf_fa tf-fas-map-location-dot\" aria-hidden=\"true\"><use href=\"#tf-fas-map-location-dot\"><\/use><\/svg><\/em>\n                                    <\/span>\n\n                \n            <\/span>\n                        <\/a>\n            <\/div>\n    <div class=\"module-feature-content tf_textc\">\n                    <h3 class=\"module-feature-title\">\n                            <a href=\"\/es\/urbanisme\/\">Urbanismo<\/a>\n                        <\/h3>\n                    <div class=\"tb_text_wrap\">\n            <p>Informaci\u00f3n sobre el desarrollo y la planificaci\u00f3n urbana<\/p>        <\/div>\n    <\/div>\n<\/div>\n<!-- \/module feature -->\n        <\/div>\n                    <div  data-lazy=\"1\" class=\"module_column tb-column col3-1 tb_bqg8935 last\">\n                    <!-- module feature -->\n<div  class=\"module module-feature tb_aimc935 with-chart layout-icon-top size-small  wow\" data-tf-animation=\"zoomIn\" data-layout-mobile=\"icon-top\" data-layout-desktop=\"icon-top\" data-lazy=\"1\">\n        <div class=\"module-feature-image tf_textc tf_rel\">\n                            <a href=\"\/es\/agenda\/\">\n                        <span class=\"module-feature-chart-html5 tf_box tf_rel tf_inline_b\">\n                                    <svg class=\"tf_abs tf_w tf_h\">\n                    <circle class=\"tb_feature_fill\" r=\"calc(50% - 1.00px)\" cx=\"50%\" cy=\"50%\" stroke-width=\"2\"\/>\n                    <circle class=\"tb_feature_stroke\" r=\"calc(50% - 1.00px)\" cx=\"50%\" cy=\"50%\" stroke=\"#00406e\" stroke-width=\"2\" data-progress=\"100\" stroke-dasharray=\"0,10000\"\/>\n                                        <\/svg>\n                                <span class=\"chart-html5-circle tf_w tf_h\">\n                                            <em class=\"module-feature-icon tf_rel\" style=\"color:#000\"><svg  class=\"tf_fa tf-fas-calendar-alt\" aria-hidden=\"true\"><use href=\"#tf-fas-calendar-alt\"><\/use><\/svg><\/em>\n                                    <\/span>\n\n                \n            <\/span>\n                        <\/a>\n            <\/div>\n    <div class=\"module-feature-content tf_textc\">\n                    <h3 class=\"module-feature-title\">\n                            <a href=\"\/es\/agenda\/\">Agenda<\/a>\n                        <\/h3>\n                    <div class=\"tb_text_wrap\">\n            <p>Eventos y actividades programadas en Guardamar de la Safor<\/p>        <\/div>\n    <\/div>\n<\/div>\n<!-- \/module feature -->\n        <\/div>\n                        <\/div>\n        <\/div>\n        <\/div>\n<!--\/themify_builder_content-->","protected":false},"excerpt":{"rendered":"<p>Serveis municipals Educaci\u00f3 Recursos i activitats educatives i culturals del municipi Biblioteca municipal Informaci\u00f3 sobre la biblioteca municipal de Guardamar de la Safor Medi ambient Iniciatives per a la protecci\u00f3 i sostenibilitat del medi ambient Serveis socials Suport i recursos per a la ciutadania en situaci\u00f3 de vulnerabilitat Urbanisme Informaci\u00f3 sobre el desenvolupament i la [&hellip;]<\/p>\n","protected":false},"author":1,"featured_media":0,"parent":0,"menu_order":0,"comment_status":"closed","ping_status":"closed","template":"","meta":{"footnotes":""},"class_list":["post-599","page","type-page","status-publish","hentry","has-post-title","has-post-date","has-post-category","has-post-tag","has-post-comment","has-post-author",""],"builder_content":"<h1 style=\"margin-bottom: 0;\">Serveis municipals<\/h1>\n<a href=\"\/educacio\/\"> <svg> <circle r=\"calc(50% - 1.00px)\" cx=\"50%\" cy=\"50%\" stroke-width=\"2\"\/> <circle r=\"calc(50% - 1.00px)\" cx=\"50%\" cy=\"50%\" stroke=\"#00406e\" stroke-width=\"2\" data-progress=\"100\" stroke-dasharray=\"0,10000\"\/> <\/svg> <em style=\"color:#000\"><svg aria-hidden=\"true\"><use href=\"#tf-fas-book-reader\"><\/use><\/svg><\/em> \n <\/a> <h3> <a href=\"\/educacio\/\">Educaci\u00f3<\/a> <\/h3> <p>Recursos i activitats educatives i culturals del municipi<\/p>\n<a href=\"\/biblioteca-i-sala-dinternet\/\"> <svg> <circle r=\"calc(50% - 1.00px)\" cx=\"50%\" cy=\"50%\" stroke-width=\"2\"\/> <circle r=\"calc(50% - 1.00px)\" cx=\"50%\" cy=\"50%\" stroke=\"#00406e\" stroke-width=\"2\" data-progress=\"100\" stroke-dasharray=\"0,10000\"\/> <\/svg> <em style=\"color:#000\"><svg aria-hidden=\"true\"><use href=\"#tf-fas-book-bookmark\"><\/use><\/svg><\/em> \n <\/a> <h3> <a href=\"\/biblioteca-i-sala-dinternet\/\">Biblioteca municipal<\/a> <\/h3> <p>Informaci\u00f3 sobre la biblioteca municipal de Guardamar de la Safor<\/p>\n<a href=\"\/medi-ambient\/\"> <svg> <circle r=\"calc(50% - 1.00px)\" cx=\"50%\" cy=\"50%\" stroke-width=\"2\"\/> <circle r=\"calc(50% - 1.00px)\" cx=\"50%\" cy=\"50%\" stroke=\"#00406e\" stroke-width=\"2\" data-progress=\"100\" stroke-dasharray=\"0,10000\"\/> <\/svg> <em style=\"color:#000\"><svg aria-hidden=\"true\"><use href=\"#tf-fas-sun-plant-wilt\"><\/use><\/svg><\/em> \n <\/a> <h3> <a href=\"\/medi-ambient\/\">Medi ambient<\/a> <\/h3> <p>Iniciatives per a la protecci\u00f3 i sostenibilitat del medi ambient<\/p>\n<a href=\"\/serveis-socials\/\"> <svg> <circle r=\"calc(50% - 1.00px)\" cx=\"50%\" cy=\"50%\" stroke-width=\"2\"\/> <circle r=\"calc(50% - 1.00px)\" cx=\"50%\" cy=\"50%\" stroke=\"#00406e\" stroke-width=\"2\" data-progress=\"100\" stroke-dasharray=\"0,10000\"\/> <\/svg> <em style=\"color:#000\"><svg aria-hidden=\"true\"><use href=\"#tf-fas-person-cane\"><\/use><\/svg><\/em> \n <\/a> <h3> <a href=\"\/serveis-socials\/\">Serveis socials<\/a> <\/h3> <p>Suport i recursos per a la ciutadania en situaci\u00f3 de vulnerabilitat<\/p>\n<a href=\"\/urbanisme\/\"> <svg> <circle r=\"calc(50% - 1.00px)\" cx=\"50%\" cy=\"50%\" stroke-width=\"2\"\/> <circle r=\"calc(50% - 1.00px)\" cx=\"50%\" cy=\"50%\" stroke=\"#00406e\" stroke-width=\"2\" data-progress=\"100\" stroke-dasharray=\"0,10000\"\/> <\/svg> <em style=\"color:#000\"><svg aria-hidden=\"true\"><use href=\"#tf-fas-map-location-dot\"><\/use><\/svg><\/em> \n <\/a> <h3> <a href=\"\/urbanisme\/\">Urbanisme<\/a> <\/h3> <p>Informaci\u00f3 sobre el desenvolupament i la planificaci\u00f3 urbana<\/p>\n<a href=\"\/agenda\/\"> <svg> <circle r=\"calc(50% - 1.00px)\" cx=\"50%\" cy=\"50%\" stroke-width=\"2\"\/> <circle r=\"calc(50% - 1.00px)\" cx=\"50%\" cy=\"50%\" stroke=\"#00406e\" stroke-width=\"2\" data-progress=\"100\" stroke-dasharray=\"0,10000\"\/> <\/svg> <em style=\"color:#000\"><svg aria-hidden=\"true\"><use href=\"#tf-fas-calendar-alt\"><\/use><\/svg><\/em> \n <\/a> <h3> <a href=\"\/agenda\/\">Agenda<\/a> <\/h3> <p>Esdeveniments i activitats programades a Guardamar de la Safor<\/p>","_links":{"self":[{"href":"https:\/\/guardamardelasafor.org\/es\/wp-json\/wp\/v2\/pages\/599","targetHints":{"allow":["GET"]}}],"collection":[{"href":"https:\/\/guardamardelasafor.org\/es\/wp-json\/wp\/v2\/pages"}],"about":[{"href":"https:\/\/guardamardelasafor.org\/es\/wp-json\/wp\/v2\/types\/page"}],"author":[{"embeddable":true,"href":"https:\/\/guardamardelasafor.org\/es\/wp-json\/wp\/v2\/users\/1"}],"replies":[{"embeddable":true,"href":"https:\/\/guardamardelasafor.org\/es\/wp-json\/wp\/v2\/comments?post=599"}],"version-history":[{"count":20,"href":"https:\/\/guardamardelasafor.org\/es\/wp-json\/wp\/v2\/pages\/599\/revisions"}],"predecessor-version":[{"id":1070,"href":"https:\/\/guardamardelasafor.org\/es\/wp-json\/wp\/v2\/pages\/599\/revisions\/1070"}],"wp:attachment":[{"href":"https:\/\/guardamardelasafor.org\/es\/wp-json\/wp\/v2\/media?parent=599"}],"curies":[{"name":"wp","href":"https:\/\/api.w.org\/{rel}","templated":true}]}}