{"id":411,"date":"2024-08-31T16:41:40","date_gmt":"2024-08-31T16:41:40","guid":{"rendered":"https:\/\/ayto5.accesia.info\/?page_id=411"},"modified":"2024-10-17T11:28:14","modified_gmt":"2024-10-17T11:28:14","slug":"declaracio-daccessibilitat","status":"publish","type":"page","link":"https:\/\/guardamardelasafor.org\/es\/declaracio-daccessibilitat\/","title":{"rendered":"Declaraci\u00f3n de Accesibilidad"},"content":{"rendered":"<!--themify_builder_content-->\n<div id=\"themify_builder_content-411\" data-postid=\"411\" class=\"themify_builder_content themify_builder_content-411 themify_builder tf_clear\">\n                    <div  data-parallax-bg=\"desktop\" data-lazy=\"1\" class=\"module_row themify_builder_row tb_fe58c64 tb_first tf_w\">\n            <span  class=\"builder_row_cover tf_abs\" data-lazy=\"1\"><\/span>            <div class=\"row_inner col_align_top tb_col_count_1 tf_box tf_rel\">\n                        <div  data-lazy=\"1\" class=\"module_column tb-column col-full tb_bb1b33d first\">\n                    <!-- module text -->\n<div  class=\"module module-text tb_2c0aaca   \" data-lazy=\"1\">\n        <div  class=\"tb_text_wrap\">\n        <h1 style=\"margin-bottom: 0;\">Declaraci\u00f3 d&#8217;Accessibilitat<\/h1>    <\/div>\n<\/div>\n<!-- \/module text -->        <\/div>\n                        <\/div>\n        <\/div>\n                        <div  data-lazy=\"1\" class=\"module_row themify_builder_row tb_hh5d979 tf_w\">\n                        <div class=\"row_inner col_align_top tb_col_count_1 tf_box tf_rel\">\n                        <div  data-lazy=\"1\" class=\"module_column tb-column col-full tb_a5jw979 first\">\n                    <!-- module text -->\n<div  class=\"module module-text tb_4klc979   \" data-lazy=\"1\">\n        <div  class=\"tb_text_wrap\">\n        <p>L&#8217;<strong>Ajuntament de Guardamar de la Safor<\/strong>, en endavant \u201cel responsable del lloc\u201d, s\u2019ha comprom\u00e9s a fer accessible aquest lloc web que est\u00e0s visitant, de conformitat amb el Reial decret 1112\/2018, de 7 de setembre, sobre accessibilitat dels llocs web i aplicacions per a dispositius m\u00f2bils del sector p\u00fablic que transposa la Directiva (UE) 2016\/2102 del Parlament Europeu i del Consell.<\/p>\n<p>La present declaraci\u00f3 d\u2019accessibilitat s\u2019aplica a <strong><a href=\"http:\/\/www.guardamardelasafor.org\" target=\"_new\" rel=\"noopener\">www.guardamardelasafor.org<\/a><\/strong>.<\/p>\n<p>Encara que l\u2019article 15 del Reial decret 1112\/2018 obliga a realitzar aquesta declaraci\u00f3 d\u2019accessibilitat, la intenci\u00f3 d\u2019aquest document \u00e9s molt m\u00e9s ambiciosa i intenta oferir una informaci\u00f3 clara, detallada i exhaustiva sobre l\u2019accessibilitat del lloc. Per aix\u00f2, t&#8217;explicarem:<\/p>\n<ul>\n<li>Quines parts del lloc tenen implementades mesures d\u2019accessibilitat i quines no.<\/li>\n<li>Com pots comunicar-te amb el responsable d\u2019aquest lloc web.<\/li>\n<li>Com pots presentar una reclamaci\u00f3 relacionada amb l\u2019accessibilitat d\u2019aquest lloc.<\/li>\n<li>Compatibilitat del lloc web.<\/li>\n<\/ul>\n<p><strong>Quines parts del lloc tenen implementades mesures d\u2019accessibilitat i quines no<\/strong><\/p>\n<p>El lloc web que visites t\u00e9 continguts que s\u00f3n parcialment accessibles i conformes amb el Reial decret 1112\/2018. Aquest lloc web aplica els requisits de la Norma UNE-EN 301549:2022 considerant les excepcions del RD 1112\/2018. No obstant aix\u00f2, el responsable del lloc ha volgut assumir un comprom\u00eds m\u00e9s profund amb l\u2019accessibilitat d\u2019aquell que s\u2019exigeix legalment.<\/p>\n<p>El lloc web que visites t\u00e9 implementat un assistent d\u2019accessibilitat que assegura que totes les persones, incloses aquelles amb discapacitats, puguen accedir a la informaci\u00f3 i navegar sense dificultats. Aquest programari ha sigut desenvolupat per <strong>ACCESIA SOLUCIONES SL<\/strong> (<a href=\"https:\/\/accesia.info\/\" target=\"_new\" rel=\"noopener\">https:\/\/accesia.info\/<\/a>).<\/p>\n<p>D\u2019altra banda, s\u2019ha detectat alguns continguts que per la seua naturalesa no s\u00f3n conformes amb l\u2019accessibilitat. En concret, t\u2019informem que:<\/p>\n<ul>\n<li>Existeixen continguts no textuals que poden mancar d\u2019una alternativa textual, o que tenen una alternativa que no \u00e9s adequada [requisit n\u00famero 9.1.1.1 de la UNE-EN 301549:2022].<\/li>\n<li>Podrien donar-se errors relacionats amb els v\u00eddeos, subt\u00edtols i audiodescripcions i el seu acc\u00e9s per a tots els usuaris [requisits n\u00famero 9.1.2.3 de la UNE-EN 301549:2022].<\/li>\n<\/ul>\n<p><strong>Com facilita la navegaci\u00f3 l\u2019assistent d\u2019accessibilitat?<\/strong><\/p>\n<p>Les funcions d\u2019AJUDA VISUAL ofereixen aquestes eines:<\/p>\n<ul>\n<li>Activar locucions<\/li>\n<li>Mode blanc i negre<\/li>\n<li>Mode contrast<\/li>\n<li>Destacar focus<\/li>\n<li>Augmentar grand\u00e0ria de la font<\/li>\n<li>Mode llegible<\/li>\n<li>Augmentar grand\u00e0ria de la p\u00e0gina<\/li>\n<li>Cursor gran<\/li>\n<li>So en fer clic<\/li>\n<li>Destacar enlla\u00e7os<\/li>\n<li>Descripci\u00f3 d\u2019imatges<\/li>\n<\/ul>\n<p>Les funcions d\u2019AJUDA AUDITIVA ofereixen aquestes eines:<\/p>\n<ul>\n<li>Activar o desactivar els v\u00eddeos en llengua de signes espanyola<\/li>\n<\/ul>\n<p>Les funcions d\u2019AJUDA COGNITIVA ofereixen aquestes eines:<\/p>\n<ul>\n<li>Activar pictogrames<\/li>\n<li>Activar o desactivar v\u00eddeos de llengua de signes espanyola<\/li>\n<li>Cursor gran<\/li>\n<li>Destacar enlla\u00e7os<\/li>\n<li>Mode llegible<\/li>\n<li>Mode disl\u00e8xia<\/li>\n<li>So en fer clic<\/li>\n<li>Descripci\u00f3 d\u2019imatges<\/li>\n<\/ul>\n<p>Totes aquestes dades te les presentem conforme a l\u2019AUTOAVALUACI\u00d3 que ha dut a terme el responsable del lloc web. Aquesta declaraci\u00f3 ha sigut preparada el 12\/07\/2024 i ser\u00e0 revisada i actualitzada peri\u00f2dicament, com a m\u00ednim una vegada a l\u2019any, tal com obliga l\u2019article 15 del Reial decret 1112\/2018.<\/p>\n<p>Pots consultar l\u2019avaluaci\u00f3 realitzada sobre l\u2019accessibilitat de la web en aquest enlla\u00e7.<\/p>\n<p><strong>Com pots comunicar-te amb el responsable d\u2019aquest lloc web<\/strong><\/p>\n<p>El responsable de la web et facilita els seg\u00fcents mitjans de contacte:<\/p>\n<ul>\n<li>Correu electr\u00f2nic: <a rel=\"noopener\">contacto@accesia.info<\/a><\/li>\n<li>Formulari web en aquest enlla\u00e7<\/li>\n<li>Tel\u00e8fon: <a rel=\"noopener\">contacto@accesia.info<\/a><\/li>\n<\/ul>\n<p>A trav\u00e9s de qualsevol d\u2019aquests mitjans pots informar-nos de qualsevol incompliment dels requisits d\u2019accessibilitat o sol\u00b7licitar la informaci\u00f3 en mat\u00e8ria d\u2019accessibilitat de la nostra web que necessites.<\/p>\n<p>L&#8217;Ajuntament de Guardamar de la Safor ha donat compet\u00e8ncies en mat\u00e8ria d\u2019accessibilitat a <strong>Angel Lopez Ramirez<\/strong>. Qualsevol sol\u00b7licitud enviada a trav\u00e9s dels mecanismes de comunicaci\u00f3 que t\u2019hem indicat ser\u00e0 coneguda i estudiada amb detall.<\/p>\n<p><strong>Com pots presentar una reclamaci\u00f3 relacionada amb l\u2019accessibilitat d\u2019aquest lloc<\/strong><\/p>\n<p>En cas que hages notificat qualsevol incid\u00e8ncia o incompliment dels requisits d\u2019accessibilitat o que hages sol\u00b7licitat la informaci\u00f3 en mat\u00e8ria d\u2019accessibilitat de la nostra web i la resposta no haja resultat satisfact\u00f2ria, pots realitzar una reclamaci\u00f3 a trav\u00e9s d\u2019aquest enlla\u00e7.<\/p>\n<p>La reclamaci\u00f3 ser\u00e0 resolta per <strong>Accesia Soluciones<\/strong> i et ser\u00e0 notificada. La resoluci\u00f3 tindr\u00e0 lloc abans de 20 dies h\u00e0bils.<\/p>\n<p><strong>Compatibilitat<\/strong><\/p>\n<p>Aquest lloc s\u2019ha dissenyat adaptant-se als est\u00e0ndards i normatives vigents en relaci\u00f3 amb l\u2019accessibilitat, complint amb els punts de verificaci\u00f3 de prioritat 2 (AA) definits en l\u2019especificaci\u00f3 de Pautes d\u2019Accessibilitat al Contingut en la Web (WCAG 2.1). Est\u00e0 optimitzat per a les \u00faltimes versions vigents de Chrome, Edge, Firefox, Safari i Opera. Est\u00e0 dissenyat per a la seua correcta visualitzaci\u00f3 en qualsevol resoluci\u00f3 i dispositiu d\u2019escriptori, tauletes o m\u00f2bils (disseny responsive). S\u2019ha realitzat utilitzant HTML5 com a llenguatge de marcat i fulles d\u2019estil CSS 3 per al seu disseny. A m\u00e9s, es realitza un treball continu d\u2019auditoria i revisi\u00f3 de continguts per a facilitar la seua interpretaci\u00f3 i millorar la navegaci\u00f3 pel portal web.<\/p>\n<p>El lloc va ser publicat el <b>1 de setembre de 2024<\/b><\/p>\n<p>Text legal redactat per <strong>BUFETE ABOGADO AMIGO<\/strong> (<a href=\"https:\/\/www.abogadoamigo.com\/\" target=\"_new\" rel=\"noopener\">https:\/\/www.abogadoamigo.com\/<\/a>).<\/p>    <\/div>\n<\/div>\n<!-- \/module text -->        <\/div>\n                        <\/div>\n        <\/div>\n                        <div  data-lazy=\"1\" class=\"module_row themify_builder_row tb_7tzc43 tf_w\">\n                        <div class=\"row_inner col_align_top tb_col_count_1 tf_box tf_rel\">\n                        <div  data-lazy=\"1\" class=\"module_column tb-column col-full tb_uhza43 first\">\n                    <!-- module text -->\n<div  class=\"module module-text tb_cdnf43   \" data-lazy=\"1\">\n        <div  class=\"tb_text_wrap\">\n        <p><span style=\"color: #0f0f0f; font-family: S\u00f6hne, ui-sans-serif, system-ui, -apple-system, Segoe UI, Roboto, Ubuntu, Cantarell, Noto Sans, sans-serif, Helvetica Neue, Arial, Apple Color Emoji, Segoe UI Emoji, Segoe UI Symbol, Noto Color Emoji;\"><span style=\"white-space-collapse: preserve;\">Si busques m\u00e9s informaci\u00f3 sobre el funcionament de l&#8217;Assistent d&#8217;Accessibilitat desenvolupat per Accesia Solucions, fent clic al seg\u00fcent bot\u00f3, pots accedir a la documentaci\u00f3 de l&#8217;eina:<\/span><\/span><\/p>    <\/div>\n<\/div>\n<!-- \/module text --><!-- module buttons -->\n<div  class=\"module module-buttons tb_wajc43 buttons-horizontal solid   rounded\" data-lazy=\"1\">\n        <div class=\"module-buttons-item tf_in_flx\">\n                        <a href=\"https:\/\/accesia.info\/va\/asistente-accesibilidad\/\" class=\"ui builder_button tf_in_flx black\" target=\"_blank\" rel=\"noopener\" id=\"boton\">\n                                                M\u00e9s informaci\u00f3 sobre l'Assistent d'Accessibilitat                                        <\/a>\n                <\/div>\n            <\/div>\n<!-- \/module buttons -->\n        <\/div>\n                        <\/div>\n        <\/div>\n        <\/div>\n<!--\/themify_builder_content-->","protected":false},"excerpt":{"rendered":"<p>Declaraci\u00f3 d&#8217;Accessibilitat L&#8217;Ajuntament de Guardamar de la Safor, en endavant \u201cel responsable del lloc\u201d, s\u2019ha comprom\u00e9s a fer accessible aquest lloc web que est\u00e0s visitant, de conformitat amb el Reial decret 1112\/2018, de 7 de setembre, sobre accessibilitat dels llocs web i aplicacions per a dispositius m\u00f2bils del sector p\u00fablic que transposa la Directiva (UE) [&hellip;]<\/p>\n","protected":false},"author":1,"featured_media":0,"parent":0,"menu_order":0,"comment_status":"closed","ping_status":"closed","template":"","meta":{"footnotes":""},"class_list":["post-411","page","type-page","status-publish","hentry","has-post-title","has-post-date","has-post-category","has-post-tag","has-post-comment","has-post-author",""],"builder_content":"<h1 style=\"margin-bottom: 0;\">Declaraci\u00f3 d'Accessibilitat<\/h1>\n<p>L'<strong>Ajuntament de Guardamar de la Safor<\/strong>, en endavant \u201cel responsable del lloc\u201d, s\u2019ha comprom\u00e9s a fer accessible aquest lloc web que est\u00e0s visitant, de conformitat amb el Reial decret 1112\/2018, de 7 de setembre, sobre accessibilitat dels llocs web i aplicacions per a dispositius m\u00f2bils del sector p\u00fablic que transposa la Directiva (UE) 2016\/2102 del Parlament Europeu i del Consell.<\/p> <p>La present declaraci\u00f3 d\u2019accessibilitat s\u2019aplica a <strong><a href=\"http:\/\/www.guardamardelasafor.org\" target=\"_new\" rel=\"noopener\">www.guardamardelasafor.org<\/a><\/strong>.<\/p> <p>Encara que l\u2019article 15 del Reial decret 1112\/2018 obliga a realitzar aquesta declaraci\u00f3 d\u2019accessibilitat, la intenci\u00f3 d\u2019aquest document \u00e9s molt m\u00e9s ambiciosa i intenta oferir una informaci\u00f3 clara, detallada i exhaustiva sobre l\u2019accessibilitat del lloc. Per aix\u00f2, t'explicarem:<\/p> <ul> <li>Quines parts del lloc tenen implementades mesures d\u2019accessibilitat i quines no.<\/li> <li>Com pots comunicar-te amb el responsable d\u2019aquest lloc web.<\/li> <li>Com pots presentar una reclamaci\u00f3 relacionada amb l\u2019accessibilitat d\u2019aquest lloc.<\/li> <li>Compatibilitat del lloc web.<\/li> <\/ul> <p><strong>Quines parts del lloc tenen implementades mesures d\u2019accessibilitat i quines no<\/strong><\/p> <p>El lloc web que visites t\u00e9 continguts que s\u00f3n parcialment accessibles i conformes amb el Reial decret 1112\/2018. Aquest lloc web aplica els requisits de la Norma UNE-EN 301549:2022 considerant les excepcions del RD 1112\/2018. No obstant aix\u00f2, el responsable del lloc ha volgut assumir un comprom\u00eds m\u00e9s profund amb l\u2019accessibilitat d\u2019aquell que s\u2019exigeix legalment.<\/p> <p>El lloc web que visites t\u00e9 implementat un assistent d\u2019accessibilitat que assegura que totes les persones, incloses aquelles amb discapacitats, puguen accedir a la informaci\u00f3 i navegar sense dificultats. Aquest programari ha sigut desenvolupat per <strong>ACCESIA SOLUCIONES SL<\/strong> (<a href=\"https:\/\/accesia.info\/\" target=\"_new\" rel=\"noopener\">https:\/\/accesia.info\/<\/a>).<\/p> <p>D\u2019altra banda, s\u2019ha detectat alguns continguts que per la seua naturalesa no s\u00f3n conformes amb l\u2019accessibilitat. En concret, t\u2019informem que:<\/p> <ul> <li>Existeixen continguts no textuals que poden mancar d\u2019una alternativa textual, o que tenen una alternativa que no \u00e9s adequada [requisit n\u00famero 9.1.1.1 de la UNE-EN 301549:2022].<\/li> <li>Podrien donar-se errors relacionats amb els v\u00eddeos, subt\u00edtols i audiodescripcions i el seu acc\u00e9s per a tots els usuaris [requisits n\u00famero 9.1.2.3 de la UNE-EN 301549:2022].<\/li> <\/ul> <p><strong>Com facilita la navegaci\u00f3 l\u2019assistent d\u2019accessibilitat?<\/strong><\/p> <p>Les funcions d\u2019AJUDA VISUAL ofereixen aquestes eines:<\/p> <ul> <li>Activar locucions<\/li> <li>Mode blanc i negre<\/li> <li>Mode contrast<\/li> <li>Destacar focus<\/li> <li>Augmentar grand\u00e0ria de la font<\/li> <li>Mode llegible<\/li> <li>Augmentar grand\u00e0ria de la p\u00e0gina<\/li> <li>Cursor gran<\/li> <li>So en fer clic<\/li> <li>Destacar enlla\u00e7os<\/li> <li>Descripci\u00f3 d\u2019imatges<\/li> <\/ul> <p>Les funcions d\u2019AJUDA AUDITIVA ofereixen aquestes eines:<\/p> <ul> <li>Activar o desactivar els v\u00eddeos en llengua de signes espanyola<\/li> <\/ul> <p>Les funcions d\u2019AJUDA COGNITIVA ofereixen aquestes eines:<\/p> <ul> <li>Activar pictogrames<\/li> <li>Activar o desactivar v\u00eddeos de llengua de signes espanyola<\/li> <li>Cursor gran<\/li> <li>Destacar enlla\u00e7os<\/li> <li>Mode llegible<\/li> <li>Mode disl\u00e8xia<\/li> <li>So en fer clic<\/li> <li>Descripci\u00f3 d\u2019imatges<\/li> <\/ul> <p>Totes aquestes dades te les presentem conforme a l\u2019AUTOAVALUACI\u00d3 que ha dut a terme el responsable del lloc web. Aquesta declaraci\u00f3 ha sigut preparada el 12\/07\/2024 i ser\u00e0 revisada i actualitzada peri\u00f2dicament, com a m\u00ednim una vegada a l\u2019any, tal com obliga l\u2019article 15 del Reial decret 1112\/2018.<\/p> <p>Pots consultar l\u2019avaluaci\u00f3 realitzada sobre l\u2019accessibilitat de la web en aquest enlla\u00e7.<\/p> <p><strong>Com pots comunicar-te amb el responsable d\u2019aquest lloc web<\/strong><\/p> <p>El responsable de la web et facilita els seg\u00fcents mitjans de contacte:<\/p> <ul> <li>Correu electr\u00f2nic: <a rel=\"noopener\">contacto@accesia.info<\/a><\/li> <li>Formulari web en aquest enlla\u00e7<\/li> <li>Tel\u00e8fon: <a rel=\"noopener\">contacto@accesia.info<\/a><\/li> <\/ul> <p>A trav\u00e9s de qualsevol d\u2019aquests mitjans pots informar-nos de qualsevol incompliment dels requisits d\u2019accessibilitat o sol\u00b7licitar la informaci\u00f3 en mat\u00e8ria d\u2019accessibilitat de la nostra web que necessites.<\/p> <p>L'Ajuntament de Guardamar de la Safor ha donat compet\u00e8ncies en mat\u00e8ria d\u2019accessibilitat a <strong>Angel Lopez Ramirez<\/strong>. Qualsevol sol\u00b7licitud enviada a trav\u00e9s dels mecanismes de comunicaci\u00f3 que t\u2019hem indicat ser\u00e0 coneguda i estudiada amb detall.<\/p> <p><strong>Com pots presentar una reclamaci\u00f3 relacionada amb l\u2019accessibilitat d\u2019aquest lloc<\/strong><\/p> <p>En cas que hages notificat qualsevol incid\u00e8ncia o incompliment dels requisits d\u2019accessibilitat o que hages sol\u00b7licitat la informaci\u00f3 en mat\u00e8ria d\u2019accessibilitat de la nostra web i la resposta no haja resultat satisfact\u00f2ria, pots realitzar una reclamaci\u00f3 a trav\u00e9s d\u2019aquest enlla\u00e7.<\/p> <p>La reclamaci\u00f3 ser\u00e0 resolta per <strong>Accesia Soluciones<\/strong> i et ser\u00e0 notificada. La resoluci\u00f3 tindr\u00e0 lloc abans de 20 dies h\u00e0bils.<\/p> <p><strong>Compatibilitat<\/strong><\/p> <p>Aquest lloc s\u2019ha dissenyat adaptant-se als est\u00e0ndards i normatives vigents en relaci\u00f3 amb l\u2019accessibilitat, complint amb els punts de verificaci\u00f3 de prioritat 2 (AA) definits en l\u2019especificaci\u00f3 de Pautes d\u2019Accessibilitat al Contingut en la Web (WCAG 2.1). Est\u00e0 optimitzat per a les \u00faltimes versions vigents de Chrome, Edge, Firefox, Safari i Opera. Est\u00e0 dissenyat per a la seua correcta visualitzaci\u00f3 en qualsevol resoluci\u00f3 i dispositiu d\u2019escriptori, tauletes o m\u00f2bils (disseny responsive). S\u2019ha realitzat utilitzant HTML5 com a llenguatge de marcat i fulles d\u2019estil CSS 3 per al seu disseny. A m\u00e9s, es realitza un treball continu d\u2019auditoria i revisi\u00f3 de continguts per a facilitar la seua interpretaci\u00f3 i millorar la navegaci\u00f3 pel portal web.<\/p> <p>El lloc va ser publicat el <b>1 de setembre de 2024<\/b><\/p> <p>Text legal redactat per <strong>BUFETE ABOGADO AMIGO<\/strong> (<a href=\"https:\/\/www.abogadoamigo.com\/\" target=\"_new\" rel=\"noopener\">https:\/\/www.abogadoamigo.com\/<\/a>).<\/p>\n<p>Si busques m\u00e9s informaci\u00f3 sobre el funcionament de l'Assistent d'Accessibilitat desenvolupat per Accesia Solucions, fent clic al seg\u00fcent bot\u00f3, pots accedir a la documentaci\u00f3 de l'eina:<\/p>\n<a href=\"https:\/\/accesia.info\/va\/asistente-accesibilidad\/\" target=\"_blank\" rel=\"noopener\" id=\"boton\"> M\u00e9s informaci\u00f3 sobre l'Assistent d'Accessibilitat <\/a>","_links":{"self":[{"href":"https:\/\/guardamardelasafor.org\/es\/wp-json\/wp\/v2\/pages\/411","targetHints":{"allow":["GET"]}}],"collection":[{"href":"https:\/\/guardamardelasafor.org\/es\/wp-json\/wp\/v2\/pages"}],"about":[{"href":"https:\/\/guardamardelasafor.org\/es\/wp-json\/wp\/v2\/types\/page"}],"author":[{"embeddable":true,"href":"https:\/\/guardamardelasafor.org\/es\/wp-json\/wp\/v2\/users\/1"}],"replies":[{"embeddable":true,"href":"https:\/\/guardamardelasafor.org\/es\/wp-json\/wp\/v2\/comments?post=411"}],"version-history":[{"count":9,"href":"https:\/\/guardamardelasafor.org\/es\/wp-json\/wp\/v2\/pages\/411\/revisions"}],"predecessor-version":[{"id":1045,"href":"https:\/\/guardamardelasafor.org\/es\/wp-json\/wp\/v2\/pages\/411\/revisions\/1045"}],"wp:attachment":[{"href":"https:\/\/guardamardelasafor.org\/es\/wp-json\/wp\/v2\/media?parent=411"}],"curies":[{"name":"wp","href":"https:\/\/api.w.org\/{rel}","templated":true}]}}