{"id":407,"date":"2024-08-31T16:41:45","date_gmt":"2024-08-31T16:41:45","guid":{"rendered":"https:\/\/ayto5.accesia.info\/?page_id=407"},"modified":"2024-10-17T11:30:31","modified_gmt":"2024-10-17T11:30:31","slug":"politica-de-privacitat","status":"publish","type":"page","link":"https:\/\/guardamardelasafor.org\/es\/politica-de-privacitat\/","title":{"rendered":"Pol\u00edtica de privacidad"},"content":{"rendered":"<!--themify_builder_content-->\n<div id=\"themify_builder_content-407\" data-postid=\"407\" class=\"themify_builder_content themify_builder_content-407 themify_builder tf_clear\">\n                    <div  data-parallax-bg=\"desktop\" data-lazy=\"1\" class=\"module_row themify_builder_row tb_fe58c64 tb_first tf_w\">\n            <span  class=\"builder_row_cover tf_abs\" data-lazy=\"1\"><\/span>            <div class=\"row_inner col_align_top tb_col_count_1 tf_box tf_rel\">\n                        <div  data-lazy=\"1\" class=\"module_column tb-column col-full tb_bb1b33d first\">\n                    <!-- module text -->\n<div  class=\"module module-text tb_2c0aaca\" data-lazy=\"1\">\n        <div  class=\"tb_text_wrap\">\n        <h1 style=\"margin-bottom: 0;\">Pol\u00edtica de Privacidad<\/h1>    <\/div>\n<\/div>\n<!-- \/module text -->        <\/div>\n                        <\/div>\n        <\/div>\n                        <div  data-lazy=\"1\" class=\"module_row themify_builder_row tb_hh5d979 tf_w\">\n                        <div class=\"row_inner col_align_top tb_col_count_1 tf_box tf_rel\">\n                        <div  data-lazy=\"1\" class=\"module_column tb-column col-full tb_a5jw979 first\">\n                    <!-- module text -->\n<div  class=\"module module-text tb_4klc979\" data-lazy=\"1\">\n        <div  class=\"tb_text_wrap\">\n        <h4><strong style=\"color: #666666; font-size: 1em;\">Fecha de \u00faltima actualizaci\u00f3n: 29\/08\/2024<\/strong><\/h4>\n<p>En el<strong>Ayuntamiento de Guardamar de la Safor<\/strong>, nos tomamos muy en serio la privacidad de nuestros usuarios. Esta pol\u00edtica de privacidad describe c\u00f3mo recopilamos, utilizamos y protegemos la informaci\u00f3n personal que obtenemos a trav\u00e9s de nuestro sitio web <strong><a href=\"https:\/\/guardamardelasafor.org\/es\/\" target=\"_new\" rel=\"noopener\">www.guardamardelasafor.org<\/a><\/strong>.<\/p>\n<p><strong>Recopilaci\u00f3n de informaci\u00f3n personal<\/strong><\/p>\n<p>Cuando visitas nuestro sitio web y utilizas nuestro formulario de contacto, es posible que te solicitemos proporcionar cierta informaci\u00f3n personal, como tu nombre, direcci\u00f3n de correo electr\u00f3nico, n\u00famero de tel\u00e9fono u otra informaci\u00f3n relevante para poder responder a tu consulta o solicitud.<\/p>\n<p><strong>Uso de la informaci\u00f3n recopilada<\/strong><\/p>\n<p>Utilizamos la informaci\u00f3n personal que nos proporcionas a trav\u00e9s del formulario de contacto para responder a tus consultas, ofrecerte el soporte solicitado o enviar informaci\u00f3n relevante sobre nuestros servicios y actividades. Tambi\u00e9n podemos utilizar tu informaci\u00f3n para mejorar nuestro sitio web y personalizar tu experiencia como usuario.<\/p>\n<p><strong>Protecci\u00f3n de la informaci\u00f3n<\/strong><\/p>\n<p>Nos comprometemos a proteger la seguridad de tu informaci\u00f3n personal. Implementamos medidas t\u00e9cnicas y organizativas adecuadas para evitar la p\u00e9rdida, uso indebido, alteraci\u00f3n o divulgaci\u00f3n no autorizada de tus datos personales.<\/p>\n<p><strong>Divulgaci\u00f3n a terceros<\/strong><\/p>\n<p>No vendemos, intercambiamos ni transferimos de otra forma tu informaci\u00f3n personal a terceros sin tu consentimiento, salvo cuando sea necesario para cumplir con una obligaci\u00f3n legal, proteger nuestros derechos o prevenir fraudes o actividades il\u00edcitas.<\/p>\n<p><strong>Enlaces a sitios web de terceros<\/strong><\/p>\n<p>Nuestro sitio web puede contener enlaces a otros sitios web de terceros que no est\u00e1n bajo nuestro control. No nos hacemos responsables de las pr\u00e1cticas de privacidad o el contenido de estos sitios Web. Te recomendamos revisar las pol\u00edticas de privacidad de esos terceros antes de proporcionarles cualquier informaci\u00f3n personal.<\/p>\n<p><strong>Derechos del usuario<\/strong><\/p>\n<p>Tienes derecho a acceder, corregir, actualizar o eliminar tu informaci\u00f3n personal en cualquier momento. Si deseas ejercitar alguno de estos derechos o tienes alguna pregunta o inquietud relacionada con nuestra pol\u00edtica de privacidad, puedes comunicarte con nosotros a trav\u00e9s de los datos de contacto proporcionados al final de este documento.<\/p>\n<p><strong>Cambios en la pol\u00edtica de privacidad<\/strong><\/p>\n<p>Nos reservamos el derecho a actualizar o modificar esta pol\u00edtica de privacidad en cualquier momento. Te recomendamos revisar peri\u00f3dicamente esta p\u00e1gina para estar al corriente de cualquier cambio. La fecha de la \u00faltima actualizaci\u00f3n se indica al principio de este documento.<\/p>\n<p><strong>Contacto<\/strong><\/p>\n<p>Si tienes alguna pregunta, inquietud o solicitud relacionada con nuestra pol\u00edtica de privacidad, no dudes en contactarnos:<\/p>\n<p>Tel\u00e9fono: <a href=\"tel:962 818 851\">962 818 851<\/a><\/p>\n<p>Correo electr\u00f3nico: <a href=\"mailto:ajuntament@guardamardelasafor.org\">ajuntament@guardamardelasafor.org<\/a>\u00a0<\/p>    <\/div>\n<\/div>\n<!-- \/module text -->        <\/div>\n                        <\/div>\n        <\/div>\n        <\/div>\n<!--\/themify_builder_content-->","protected":false},"excerpt":{"rendered":"<p>Pol\u00edtica de Privacitat Data d\u2019\u00faltima actualitzaci\u00f3: 29\/08\/2024 A l&#8217;Ajuntament de Guardamar de la Safor, ens prenem molt seriosament la privacitat dels nostres usuaris. Aquesta pol\u00edtica de privacitat descriu com recopilem, utilitzem i protegim la informaci\u00f3 personal que obtenim a trav\u00e9s del nostre lloc web www.guardamardelasafor.org. Recopilaci\u00f3 d\u2019informaci\u00f3 personal Quan visites el nostre lloc web i [&hellip;]<\/p>\n","protected":false},"author":1,"featured_media":0,"parent":0,"menu_order":0,"comment_status":"closed","ping_status":"closed","template":"","meta":{"footnotes":""},"class_list":["post-407","page","type-page","status-publish","hentry","has-post-title","has-post-date","has-post-category","has-post-tag","has-post-comment","has-post-author",""],"builder_content":"<h1 style=\"margin-bottom: 0;\">Pol\u00edtica de Privacitat<\/h1>\n<h4><strong style=\"color: #666666; font-size: 1em;\">Data d\u2019\u00faltima actualitzaci\u00f3: 29\/08\/2024<\/strong><\/h4> <p>A l'<strong>Ajuntament de Guardamar de la Safor<\/strong>, ens prenem molt seriosament la privacitat dels nostres usuaris. Aquesta pol\u00edtica de privacitat descriu com recopilem, utilitzem i protegim la informaci\u00f3 personal que obtenim a trav\u00e9s del nostre lloc web <strong><a href=\"http:\/\/www.guardamardelasafor.org\" target=\"_new\" rel=\"noopener\">www.guardamardelasafor.org<\/a><\/strong>.<\/p> <p><strong>Recopilaci\u00f3 d\u2019informaci\u00f3 personal<\/strong><\/p> <p>Quan visites el nostre lloc web i utilitzes el nostre formulari de contacte, \u00e9s possible que et sol\u00b7licitem proporcionar una certa informaci\u00f3 personal, com el teu nom, adre\u00e7a de correu electr\u00f2nic, n\u00famero de tel\u00e8fon o una altra informaci\u00f3 rellevant per a poder respondre a la teua consulta o sol\u00b7licitud.<\/p> <p><strong>\u00das de la informaci\u00f3 recopilada<\/strong><\/p> <p>Utilitzem la informaci\u00f3 personal que ens proporciones a trav\u00e9s del formulari de contacte per a respondre a les teues consultes, oferir-te el suport sol\u00b7licitat o enviar informaci\u00f3 rellevant sobre els nostres serveis i activitats. Tamb\u00e9 podem utilitzar la teua informaci\u00f3 per a millorar el nostre lloc web i personalitzar la teua experi\u00e8ncia com a usuari.<\/p> <p><strong>Protecci\u00f3 de la informaci\u00f3<\/strong><\/p> <p>Ens comprometem a protegir la seguretat de la teua informaci\u00f3 personal. Implementem mesures t\u00e8cniques i organitzatives adequades per a evitar la p\u00e8rdua, l\u2019\u00fas indegut, l\u2019alteraci\u00f3 o la divulgaci\u00f3 no autoritzada de les teues dades personals.<\/p> <p><strong>Divulgaci\u00f3 a tercers<\/strong><\/p> <p>No venem, intercanviem ni transferim de cap altra forma la teua informaci\u00f3 personal a tercers sense el teu consentiment, excepte quan siga necessari per a complir amb una obligaci\u00f3 legal, protegir els nostres drets o previndre fraus o activitats il\u00b7l\u00edcites.<\/p> <p><strong>Enlla\u00e7os a llocs web de tercers<\/strong><\/p> <p>El nostre lloc web pot contindre enlla\u00e7os a altres llocs web de tercers que no estan sota el nostre control. No ens fem responsables de les pr\u00e0ctiques de privacitat o el contingut d\u2019aquests llocs web. Et recomanem revisar les pol\u00edtiques de privacitat d\u2019aqueixos tercers abans de proporcionar-los qualsevol informaci\u00f3 personal.<\/p> <p><strong>Drets de l\u2019usuari<\/strong><\/p> <p>Tens dret a accedir, corregir, actualitzar o eliminar la teua informaci\u00f3 personal en qualsevol moment. Si desitges exercir algun d\u2019aquests drets o tens alguna pregunta o inquietud relacionada amb la nostra pol\u00edtica de privacitat, pots comunicar-te amb nosaltres a trav\u00e9s de les dades de contacte proporcionades al final d\u2019aquest document.<\/p> <p><strong>Canvis en la pol\u00edtica de privacitat<\/strong><\/p> <p>Ens reservem el dret d\u2019actualitzar o modificar aquesta pol\u00edtica de privacitat en qualsevol moment. Et recomanem revisar peri\u00f2dicament aquesta p\u00e0gina per a estar al corrent de qualsevol canvi. La data de l\u2019\u00faltima actualitzaci\u00f3 s\u2019indica al comen\u00e7ament d\u2019aquest document.<\/p> <p><strong>Contacte<\/strong><\/p> <p>Si tens alguna pregunta, inquietud o sol\u00b7licitud relacionada amb la nostra pol\u00edtica de privacitat, no dubtes a contactar-nos:<\/p> <p>Tel\u00e8fon: <a href=\"tel:962 818 851\">962 818 851<\/a><\/p> <p>Correu electr\u00f2nic: <a href=\"mailto:ajuntament@guardamardelasafor.org\">ajuntament@guardamardelasafor.org<\/a>\u00a0<\/p>","_links":{"self":[{"href":"https:\/\/guardamardelasafor.org\/es\/wp-json\/wp\/v2\/pages\/407","targetHints":{"allow":["GET"]}}],"collection":[{"href":"https:\/\/guardamardelasafor.org\/es\/wp-json\/wp\/v2\/pages"}],"about":[{"href":"https:\/\/guardamardelasafor.org\/es\/wp-json\/wp\/v2\/types\/page"}],"author":[{"embeddable":true,"href":"https:\/\/guardamardelasafor.org\/es\/wp-json\/wp\/v2\/users\/1"}],"replies":[{"embeddable":true,"href":"https:\/\/guardamardelasafor.org\/es\/wp-json\/wp\/v2\/comments?post=407"}],"version-history":[{"count":13,"href":"https:\/\/guardamardelasafor.org\/es\/wp-json\/wp\/v2\/pages\/407\/revisions"}],"predecessor-version":[{"id":1041,"href":"https:\/\/guardamardelasafor.org\/es\/wp-json\/wp\/v2\/pages\/407\/revisions\/1041"}],"wp:attachment":[{"href":"https:\/\/guardamardelasafor.org\/es\/wp-json\/wp\/v2\/media?parent=407"}],"curies":[{"name":"wp","href":"https:\/\/api.w.org\/{rel}","templated":true}]}}