{"id":146,"date":"2024-08-12T19:59:40","date_gmt":"2024-08-12T19:59:40","guid":{"rendered":"https:\/\/ayto5.accesia.info\/?page_id=146"},"modified":"2024-10-17T11:56:05","modified_gmt":"2024-10-17T11:56:05","slug":"poble","status":"publish","type":"page","link":"https:\/\/guardamardelasafor.org\/es\/poble\/","title":{"rendered":"Pueblo"},"content":{"rendered":"<!--themify_builder_content-->\n<div id=\"themify_builder_content-146\" data-postid=\"146\" class=\"themify_builder_content themify_builder_content-146 themify_builder tf_clear\">\n                    <div  data-parallax-bg=\"desktop\" data-lazy=\"1\" class=\"module_row themify_builder_row tb_fe58c64 tb_first tf_w\">\n            <span  class=\"builder_row_cover tf_abs\" data-lazy=\"1\"><\/span>            <div class=\"row_inner col_align_top tb_col_count_1 tf_box tf_rel\">\n                        <div  data-lazy=\"1\" class=\"module_column tb-column col-full tb_bb1b33d first\">\n                    <!-- module text -->\n<div  class=\"module module-text tb_2c0aaca\" data-lazy=\"1\">\n        <div  class=\"tb_text_wrap\">\n        <h1 style=\"margin-bottom: 0;\">Pueblo<\/h1>    <\/div>\n<\/div>\n<!-- \/module text -->        <\/div>\n                        <\/div>\n        <\/div>\n                        <div  data-lazy=\"1\" class=\"module_row themify_builder_row tb_cn7r279 tf_w\">\n                        <div class=\"row_inner col_align_top tb_col_count_3 tf_box tf_rel\">\n                        <div  data-lazy=\"1\" class=\"module_column tb-column col3-1 tb_mi6a279 first\">\n                    <!-- module feature -->\n<div  class=\"module module-feature tb_ryg1279 with-chart layout-icon-top size-small  wow\" data-tf-animation=\"zoomIn\" data-layout-mobile=\"icon-top\" data-layout-desktop=\"icon-top\" data-lazy=\"1\">\n        <div class=\"module-feature-image tf_textc tf_rel\">\n                            <a href=\"\/es\/turisme\/\">\n                        <span class=\"module-feature-chart-html5 tf_box tf_rel tf_inline_b\">\n                                    <svg class=\"tf_abs tf_w tf_h\">\n                    <circle class=\"tb_feature_fill\" r=\"calc(50% - 1.00px)\" cx=\"50%\" cy=\"50%\" stroke-width=\"2\"\/>\n                    <circle class=\"tb_feature_stroke\" r=\"calc(50% - 1.00px)\" cx=\"50%\" cy=\"50%\" stroke=\"#00406e\" stroke-width=\"2\" data-progress=\"100\" stroke-dasharray=\"0,10000\"\/>\n                                        <\/svg>\n                                <span class=\"chart-html5-circle tf_w tf_h\">\n                                            <em class=\"module-feature-icon tf_rel\" style=\"color:#000000\"><svg  class=\"tf_fa tf-fas-person-walking-luggage\" aria-hidden=\"true\"><use href=\"#tf-fas-person-walking-luggage\"><\/use><\/svg><\/em>\n                                    <\/span>\n\n                \n            <\/span>\n                        <\/a>\n            <\/div>\n    <div class=\"module-feature-content tf_textc\">\n                    <h3 class=\"module-feature-title\">\n                            <a href=\"\/es\/turisme\/\">Turismo<\/a>\n                        <\/h3>\n                    <div class=\"tb_text_wrap\">\n            <p>Atractivos y servicios para visitar Guardamar de la Safor.<\/p>        <\/div>\n    <\/div>\n<\/div>\n<!-- \/module feature -->\n        <\/div>\n                    <div  data-lazy=\"1\" class=\"module_column tb-column col3-1 tb_3dq4279\">\n                    <!-- module feature -->\n<div  class=\"module module-feature tb_rt5b279 with-chart layout-icon-top size-small  wow\" data-tf-animation=\"zoomIn\" data-layout-mobile=\"icon-top\" data-layout-desktop=\"icon-top\" data-lazy=\"1\">\n        <div class=\"module-feature-image tf_textc tf_rel\">\n                            <a href=\"\/es\/esports\/\">\n                        <span class=\"module-feature-chart-html5 tf_box tf_rel tf_inline_b\">\n                                    <svg class=\"tf_abs tf_w tf_h\">\n                    <circle class=\"tb_feature_fill\" r=\"calc(50% - 1.00px)\" cx=\"50%\" cy=\"50%\" stroke-width=\"2\"\/>\n                    <circle class=\"tb_feature_stroke\" r=\"calc(50% - 1.00px)\" cx=\"50%\" cy=\"50%\" stroke=\"#00406e\" stroke-width=\"2\" data-progress=\"100\" stroke-dasharray=\"0,10000\"\/>\n                                        <\/svg>\n                                <span class=\"chart-html5-circle tf_w tf_h\">\n                                            <em class=\"module-feature-icon tf_rel\" style=\"color:#000\"><svg  class=\"tf_fa tf-fas-volleyball\" aria-hidden=\"true\"><use href=\"#tf-fas-volleyball\"><\/use><\/svg><\/em>\n                                    <\/span>\n\n                \n            <\/span>\n                        <\/a>\n            <\/div>\n    <div class=\"module-feature-content tf_textc\">\n                    <h3 class=\"module-feature-title\">\n                            <a href=\"\/es\/esports\/\">Deportes<\/a>\n                        <\/h3>\n                    <div class=\"tb_text_wrap\">\n            <p>Actividades deportivas e instalaciones disponibles para la ciudadan\u00eda.<\/p>        <\/div>\n    <\/div>\n<\/div>\n<!-- \/module feature -->\n        <\/div>\n                    <div  data-lazy=\"1\" class=\"module_column tb-column col3-1 tb_7qq8279 last\">\n                    <!-- module feature -->\n<div  class=\"module module-feature tb_sj6t279 with-chart layout-icon-top size-small  wow\" data-tf-animation=\"zoomIn\" data-layout-mobile=\"icon-top\" data-layout-desktop=\"icon-top\" data-lazy=\"1\">\n        <div class=\"module-feature-image tf_textc tf_rel\">\n                            <a href=\"\/es\/historia-del-municipi\/\">\n                        <span class=\"module-feature-chart-html5 tf_box tf_rel tf_inline_b\">\n                                    <svg class=\"tf_abs tf_w tf_h\">\n                    <circle class=\"tb_feature_fill\" r=\"calc(50% - 1.00px)\" cx=\"50%\" cy=\"50%\" stroke-width=\"2\"\/>\n                    <circle class=\"tb_feature_stroke\" r=\"calc(50% - 1.00px)\" cx=\"50%\" cy=\"50%\" stroke=\"#00406e\" stroke-width=\"2\" data-progress=\"100\" stroke-dasharray=\"0,10000\"\/>\n                                        <\/svg>\n                                <span class=\"chart-html5-circle tf_w tf_h\">\n                                            <em class=\"module-feature-icon tf_rel\" style=\"color:#000\"><svg  class=\"tf_fa tf-fas-history\" aria-hidden=\"true\"><use href=\"#tf-fas-history\"><\/use><\/svg><\/em>\n                                    <\/span>\n\n                \n            <\/span>\n                        <\/a>\n            <\/div>\n    <div class=\"module-feature-content tf_textc\">\n                    <h3 class=\"module-feature-title\">\n                            <a href=\"\/es\/historia-del-municipi\/\">Historia del municipio<\/a>\n                        <\/h3>\n                    <div class=\"tb_text_wrap\">\n            <p>Resumen sobre el patrimonio y la historia de Guardamar de la Safor.<\/p>        <\/div>\n    <\/div>\n<\/div>\n<!-- \/module feature -->\n        <\/div>\n                        <\/div>\n        <\/div>\n                        <div  data-lazy=\"1\" class=\"module_row themify_builder_row tb_yz7c575 tf_w\">\n                        <div class=\"row_inner col_align_top tb_col_count_2 tf_box tf_rel\">\n                        <div  data-lazy=\"1\" class=\"module_column tb-column col4-2 tb_2mo0575 first\">\n                    <!-- module feature -->\n<div  class=\"module module-feature tb_oa7s575 with-chart layout-icon-top size-small  wow\" data-tf-animation=\"zoomIn\" data-layout-mobile=\"icon-top\" data-layout-desktop=\"icon-top\" data-lazy=\"1\">\n        <div class=\"module-feature-image tf_textc tf_rel\">\n                            <a href=\"\/es\/planol-del-municipi\/\">\n                        <span class=\"module-feature-chart-html5 tf_box tf_rel tf_inline_b\">\n                                    <svg class=\"tf_abs tf_w tf_h\">\n                    <circle class=\"tb_feature_fill\" r=\"calc(50% - 1.00px)\" cx=\"50%\" cy=\"50%\" stroke-width=\"2\"\/>\n                    <circle class=\"tb_feature_stroke\" r=\"calc(50% - 1.00px)\" cx=\"50%\" cy=\"50%\" stroke=\"#00406e\" stroke-width=\"2\" data-progress=\"100\" stroke-dasharray=\"0,10000\"\/>\n                                        <\/svg>\n                                <span class=\"chart-html5-circle tf_w tf_h\">\n                                            <em class=\"module-feature-icon tf_rel\" style=\"color:#000000\"><svg  class=\"tf_fa tf-fas-map-location-dot\" aria-hidden=\"true\"><use href=\"#tf-fas-map-location-dot\"><\/use><\/svg><\/em>\n                                    <\/span>\n\n                \n            <\/span>\n                        <\/a>\n            <\/div>\n    <div class=\"module-feature-content tf_textc\">\n                    <h3 class=\"module-feature-title\">\n                            <a href=\"\/es\/planol-del-municipi\/\">Plano del municipio<\/a>\n                        <\/h3>\n                    <div class=\"tb_text_wrap\">\n            <p>Mapa para facilitar la navegaci\u00f3n y exploraci\u00f3n del pueblo<\/p>        <\/div>\n    <\/div>\n<\/div>\n<!-- \/module feature -->\n        <\/div>\n                    <div  data-lazy=\"1\" class=\"module_column tb-column col4-2 tb_jumo575 last\">\n                    <!-- module feature -->\n<div  class=\"module module-feature tb_4aia575 with-chart layout-icon-top size-small  wow\" data-tf-animation=\"zoomIn\" data-layout-mobile=\"icon-top\" data-layout-desktop=\"icon-top\" data-lazy=\"1\">\n        <div class=\"module-feature-image tf_textc tf_rel\">\n                            <a href=\"https:\/\/www.eltiempo.es\/guardamar-de-la-safor.html?utm_source=https:\/\/www.guardamardelasafor.org\/&#038;utm_medium=widget&#038;utm_campaign=eltiempo_widget\" target=\"_blank\" rel=\"noopener\" aria-label=\"El tiempo\">\n                        <span class=\"module-feature-chart-html5 tf_box tf_rel tf_inline_b\">\n                                    <svg class=\"tf_abs tf_w tf_h\">\n                    <circle class=\"tb_feature_fill\" r=\"calc(50% - 1.00px)\" cx=\"50%\" cy=\"50%\" stroke-width=\"2\"\/>\n                    <circle class=\"tb_feature_stroke\" r=\"calc(50% - 1.00px)\" cx=\"50%\" cy=\"50%\" stroke=\"#00406e\" stroke-width=\"2\" data-progress=\"100\" stroke-dasharray=\"0,10000\"\/>\n                                        <\/svg>\n                                <span class=\"chart-html5-circle tf_w tf_h\">\n                                            <em class=\"module-feature-icon tf_rel\" style=\"color:#000\"><svg  class=\"tf_fa tf-fas-cloud-sun\" aria-hidden=\"true\"><use href=\"#tf-fas-cloud-sun\"><\/use><\/svg><\/em>\n                                    <\/span>\n\n                \n            <\/span>\n                        <\/a>\n            <\/div>\n    <div class=\"module-feature-content tf_textc\">\n                    <h3 class=\"module-feature-title\">\n                            <a href=\"https:\/\/www.eltiempo.es\/guardamar-de-la-safor.html?utm_source=https:\/\/www.guardamardelasafor.org\/&#038;utm_medium=widget&#038;utm_campaign=eltiempo_widget\" target=\"_blank\" rel=\"noopener\" aria-label=\"El tiempo\">El tiempo<\/a>\n                        <\/h3>\n                    <div class=\"tb_text_wrap\">\n            <p>Informaci\u00f3n actualizada sobre las condiciones meteorol\u00f3gicas<\/p>        <\/div>\n    <\/div>\n<\/div>\n<!-- \/module feature -->\n        <\/div>\n                        <\/div>\n        <\/div>\n        <\/div>\n<!--\/themify_builder_content-->","protected":false},"excerpt":{"rendered":"<p>Poble Turisme Atractius i serveis per a visitar Guardamar de la Safor. Esports Activitats esportives i instal\u00b7lacions disponibles per a la ciutadania. Hist\u00f2ria del municipi Resum sobre el patrimoni i la hist\u00f2ria de Guardamar de la Safor. Planol del municipi Mapa per a facilitar la navegaci\u00f3 i exploraci\u00f3 del poble L&#8217;oratge Informaci\u00f3 actualitzada sobre les [&hellip;]<\/p>\n","protected":false},"author":1,"featured_media":0,"parent":0,"menu_order":0,"comment_status":"closed","ping_status":"closed","template":"","meta":{"footnotes":""},"class_list":["post-146","page","type-page","status-publish","hentry","has-post-title","has-post-date","has-post-category","has-post-tag","has-post-comment","has-post-author",""],"builder_content":"<h1 style=\"margin-bottom: 0;\">Poble<\/h1>\n<a href=\"\/turisme\/\"> <svg> <circle r=\"calc(50% - 1.00px)\" cx=\"50%\" cy=\"50%\" stroke-width=\"2\"\/> <circle r=\"calc(50% - 1.00px)\" cx=\"50%\" cy=\"50%\" stroke=\"#00406e\" stroke-width=\"2\" data-progress=\"100\" stroke-dasharray=\"0,10000\"\/> <\/svg> <em style=\"color:#000000\"><svg aria-hidden=\"true\"><use href=\"#tf-fas-person-walking-luggage\"><\/use><\/svg><\/em> \n <\/a> <h3> <a href=\"\/turisme\/\">Turisme<\/a> <\/h3> <p>Atractius i serveis per a visitar Guardamar de la Safor.<\/p>\n<a href=\"\/esports\/\"> <svg> <circle r=\"calc(50% - 1.00px)\" cx=\"50%\" cy=\"50%\" stroke-width=\"2\"\/> <circle r=\"calc(50% - 1.00px)\" cx=\"50%\" cy=\"50%\" stroke=\"#00406e\" stroke-width=\"2\" data-progress=\"100\" stroke-dasharray=\"0,10000\"\/> <\/svg> <em style=\"color:#000\"><svg aria-hidden=\"true\"><use href=\"#tf-fas-volleyball\"><\/use><\/svg><\/em> \n <\/a> <h3> <a href=\"\/esports\/\">Esports<\/a> <\/h3> <p>Activitats esportives i instal\u00b7lacions disponibles per a la ciutadania.<\/p>\n<a href=\"\/historia-del-municipi\/\"> <svg> <circle r=\"calc(50% - 1.00px)\" cx=\"50%\" cy=\"50%\" stroke-width=\"2\"\/> <circle r=\"calc(50% - 1.00px)\" cx=\"50%\" cy=\"50%\" stroke=\"#00406e\" stroke-width=\"2\" data-progress=\"100\" stroke-dasharray=\"0,10000\"\/> <\/svg> <em style=\"color:#000\"><svg aria-hidden=\"true\"><use href=\"#tf-fas-history\"><\/use><\/svg><\/em> \n <\/a> <h3> <a href=\"\/historia-del-municipi\/\">Hist\u00f2ria del municipi<\/a> <\/h3> <p>Resum sobre el patrimoni i la hist\u00f2ria de Guardamar de la Safor.<\/p>\n<a href=\"\/planol-del-municipi\/\"> <svg> <circle r=\"calc(50% - 1.00px)\" cx=\"50%\" cy=\"50%\" stroke-width=\"2\"\/> <circle r=\"calc(50% - 1.00px)\" cx=\"50%\" cy=\"50%\" stroke=\"#00406e\" stroke-width=\"2\" data-progress=\"100\" stroke-dasharray=\"0,10000\"\/> <\/svg> <em style=\"color:#000000\"><svg aria-hidden=\"true\"><use href=\"#tf-fas-map-location-dot\"><\/use><\/svg><\/em> \n <\/a> <h3> <a href=\"\/planol-del-municipi\/\">Planol del municipi<\/a> <\/h3> <p>Mapa per a facilitar la navegaci\u00f3 i exploraci\u00f3 del poble<\/p>\n<a href=\"https:\/\/www.eltiempo.es\/guardamar-de-la-safor.html?utm_source=https:\/\/www.guardamardelasafor.org\/&#038;utm_medium=widget&#038;utm_campaign=eltiempo_widget\" target=\"_blank\" rel=\"noopener\" aria-label=\"L&#039;oratge\"> <svg> <circle r=\"calc(50% - 1.00px)\" cx=\"50%\" cy=\"50%\" stroke-width=\"2\"\/> <circle r=\"calc(50% - 1.00px)\" cx=\"50%\" cy=\"50%\" stroke=\"#00406e\" stroke-width=\"2\" data-progress=\"100\" stroke-dasharray=\"0,10000\"\/> <\/svg> <em style=\"color:#000\"><svg aria-hidden=\"true\"><use href=\"#tf-fas-cloud-sun\"><\/use><\/svg><\/em> \n <\/a> <h3> <a href=\"https:\/\/www.eltiempo.es\/guardamar-de-la-safor.html?utm_source=https:\/\/www.guardamardelasafor.org\/&#038;utm_medium=widget&#038;utm_campaign=eltiempo_widget\" target=\"_blank\" rel=\"noopener\" aria-label=\"L&#039;oratge\">L'oratge<\/a> <\/h3> <p>Informaci\u00f3 actualitzada sobre les condicions meteorol\u00f2giques<\/p>","_links":{"self":[{"href":"https:\/\/guardamardelasafor.org\/es\/wp-json\/wp\/v2\/pages\/146","targetHints":{"allow":["GET"]}}],"collection":[{"href":"https:\/\/guardamardelasafor.org\/es\/wp-json\/wp\/v2\/pages"}],"about":[{"href":"https:\/\/guardamardelasafor.org\/es\/wp-json\/wp\/v2\/types\/page"}],"author":[{"embeddable":true,"href":"https:\/\/guardamardelasafor.org\/es\/wp-json\/wp\/v2\/users\/1"}],"replies":[{"embeddable":true,"href":"https:\/\/guardamardelasafor.org\/es\/wp-json\/wp\/v2\/comments?post=146"}],"version-history":[{"count":33,"href":"https:\/\/guardamardelasafor.org\/es\/wp-json\/wp\/v2\/pages\/146\/revisions"}],"predecessor-version":[{"id":1071,"href":"https:\/\/guardamardelasafor.org\/es\/wp-json\/wp\/v2\/pages\/146\/revisions\/1071"}],"wp:attachment":[{"href":"https:\/\/guardamardelasafor.org\/es\/wp-json\/wp\/v2\/media?parent=146"}],"curies":[{"name":"wp","href":"https:\/\/api.w.org\/{rel}","templated":true}]}}