{"id":1081,"date":"2024-11-07T14:50:58","date_gmt":"2024-11-07T14:50:58","guid":{"rendered":"https:\/\/guardamardelasafor.org\/?page_id=1081"},"modified":"2024-11-07T14:55:25","modified_gmt":"2024-11-07T14:55:25","slug":"salutacio-de-lalcaldessa","status":"publish","type":"page","link":"https:\/\/guardamardelasafor.org\/es\/ajuntament\/salutacio-de-lalcaldessa\/","title":{"rendered":"Saludo de la alcaldesa"},"content":{"rendered":"<!--themify_builder_content-->\n<div id=\"themify_builder_content-1081\" data-postid=\"1081\" class=\"themify_builder_content themify_builder_content-1081 themify_builder tf_clear\">\n                    <div  data-parallax-bg=\"desktop\" data-lazy=\"1\" class=\"module_row themify_builder_row tb_fvf9342 tb_first tf_w\">\n            <span  class=\"builder_row_cover tf_abs\" data-lazy=\"1\"><\/span>            <div class=\"row_inner col_align_top tb_col_count_1 tf_box tf_rel\">\n                        <div  data-lazy=\"1\" class=\"module_column tb-column col-full tb_sgm3342 first\">\n                    <!-- module text -->\n<div  class=\"module module-text tb_t6uc342   \" data-lazy=\"1\">\n        <div  class=\"tb_text_wrap\">\n        <h1 style=\"margin-bottom: 0;\">Salutaci\u00f3 de l&#8217;alcaldessa<\/h1>    <\/div>\n<\/div>\n<!-- \/module text -->        <\/div>\n                        <\/div>\n        <\/div>\n                        <div  data-lazy=\"1\" class=\"module_row themify_builder_row tb_vmjr598 tf_w\">\n                        <div class=\"row_inner col_align_top tb_col_count_1 tf_box tf_rel\">\n                        <div  data-lazy=\"1\" class=\"module_column tb-column col-full tb_bund598 first\">\n                            <div  data-lazy=\"1\" class=\"module_subrow themify_builder_sub_row tf_w col_align_top tb_col_count_1 tb_pphb598\">\n                <div  data-lazy=\"1\" class=\"module_column sub_column col-full tb_itzb598 first\">\n                    <!-- module text -->\n<div  class=\"module module-text tb_giz6598   \" data-lazy=\"1\">\n        <div  class=\"tb_text_wrap\">\n        <div class=\"flex-shrink-0 flex flex-col relative items-end\">\n<div>\n<div class=\"pt-0\">\n<div class=\"gizmo-bot-avatar flex h-8 w-8 items-center justify-center overflow-hidden rounded-full\">\n<div class=\"relative p-1 rounded-sm flex items-center justify-center bg-token-main-surface-primary text-token-text-primary h-8 w-8\"><strong>Benvinguts i benvingudes a la p\u00e0gina web de l&#8217;Ajuntament de Guardamar de la Safor!<\/strong><\/div>\n<div>\u00a0<\/div>\n<\/div>\n<\/div>\n<\/div>\n<\/div>\n<div class=\"group\/conversation-turn relative flex w-full min-w-0 flex-col agent-turn\">\n<div class=\"flex-col gap-1 md:gap-3\">\n<div class=\"flex max-w-full flex-col flex-grow\">\n<div class=\"min-h-8 text-message flex w-full flex-col items-end gap-2 whitespace-normal break-words [.text-message+&amp;]:mt-5\" dir=\"auto\" data-message-author-role=\"assistant\" data-message-id=\"9b949064-70f1-41fe-9f1d-a3d4bff838a7\" data-message-model-slug=\"gpt-4o\">\n<div class=\"flex w-full flex-col gap-1 empty:hidden first:pt-[3px]\">\n<div class=\"result-streaming markdown prose w-full break-words dark:prose-invert light\">\n<p>Com a la vostra <strong>alcaldessa<\/strong>, \u00e9s un honor poder dirigir-me a tots i cadascun de vosaltres des d&#8217;aquest espai virtual, <strong>que hem creat pensant en vosaltres<\/strong>, els nostres ve\u00efns i visitants. <strong>Ac\u00ed trobareu tota la informaci\u00f3 necess\u00e0ria<\/strong> sobre el nostre estimat poble, des de <strong>les \u00faltimes not\u00edcies i esdeveniments<\/strong>, fins als <strong>serveis municipals<\/strong> que tenim a la vostra disposici\u00f3.<\/p>\n<p><strong>Guardamar de la Safor \u00e9s un lloc ple de vida, hist\u00f2ria i tradicions<\/strong>, i la nostra p\u00e0gina web \u00e9s una extensi\u00f3 d&#8217;eixe esperit. <strong>Volem que vos sentiu com a casa<\/strong>, que trobeu all\u00f2 que busqueu de manera f\u00e0cil i r\u00e0pida, i que, sobretot, sentiu que <strong>estem ac\u00ed per vosaltres<\/strong>.<\/p>\n<p>Estem treballant cada dia per fer de Guardamar de la Safor <strong>un lloc millor<\/strong>, i <strong>la vostra participaci\u00f3 \u00e9s clau<\/strong>. Aquest portal \u00e9s tamb\u00e9 una <strong>via de comunicaci\u00f3 directa amb l&#8217;Ajuntament<\/strong>, aix\u00ed que no dubteu en fer-ne \u00fas per a qualsevol <strong>consulta, suggeriment o necessitat<\/strong> que tingueu.<\/p>\n<p>Vos convide a <strong>explorar la nostra web<\/strong>, a <strong>descobrir tot el que el nostre poble t\u00e9 per oferir<\/strong>, i a <strong>sentir-vos part activa de la nostra comunitat<\/strong>.<\/p>\n<p>Una abra\u00e7ada propera i c\u00e0lida,<\/p>\n<p><strong>Anabel Ferrer Fuster<\/strong><br><strong>Alcaldessa de Guardamar de la Safor<\/strong><\/p>\n<\/div>\n<\/div>\n<\/div>\n<\/div>\n<\/div>\n<\/div>    <\/div>\n<\/div>\n<!-- \/module text -->        <\/div>\n                    <\/div>\n                <\/div>\n                        <\/div>\n        <\/div>\n        <\/div>\n<!--\/themify_builder_content-->","protected":false},"excerpt":{"rendered":"<p>Salutaci\u00f3 de l&#8217;alcaldessa Benvinguts i benvingudes a la p\u00e0gina web de l&#8217;Ajuntament de Guardamar de la Safor! \u00a0 Com a la vostra alcaldessa, \u00e9s un honor poder dirigir-me a tots i cadascun de vosaltres des d&#8217;aquest espai virtual, que hem creat pensant en vosaltres, els nostres ve\u00efns i visitants. Ac\u00ed trobareu tota la informaci\u00f3 necess\u00e0ria [&hellip;]<\/p>\n","protected":false},"author":1,"featured_media":0,"parent":36,"menu_order":0,"comment_status":"closed","ping_status":"closed","template":"","meta":{"footnotes":""},"class_list":["post-1081","page","type-page","status-publish","hentry","has-post-title","has-post-date","has-post-category","has-post-tag","has-post-comment","has-post-author",""],"builder_content":"<h1 style=\"margin-bottom: 0;\">Salutaci\u00f3 de l'alcaldessa<\/h1>\n<strong>Benvinguts i benvingudes a la p\u00e0gina web de l'Ajuntament de Guardamar de la Safor!<\/strong> \u00a0\n<p>Com a la vostra <strong>alcaldessa<\/strong>, \u00e9s un honor poder dirigir-me a tots i cadascun de vosaltres des d'aquest espai virtual, <strong>que hem creat pensant en vosaltres<\/strong>, els nostres ve\u00efns i visitants. <strong>Ac\u00ed trobareu tota la informaci\u00f3 necess\u00e0ria<\/strong> sobre el nostre estimat poble, des de <strong>les \u00faltimes not\u00edcies i esdeveniments<\/strong>, fins als <strong>serveis municipals<\/strong> que tenim a la vostra disposici\u00f3.<\/p> <p><strong>Guardamar de la Safor \u00e9s un lloc ple de vida, hist\u00f2ria i tradicions<\/strong>, i la nostra p\u00e0gina web \u00e9s una extensi\u00f3 d'eixe esperit. <strong>Volem que vos sentiu com a casa<\/strong>, que trobeu all\u00f2 que busqueu de manera f\u00e0cil i r\u00e0pida, i que, sobretot, sentiu que <strong>estem ac\u00ed per vosaltres<\/strong>.<\/p> <p>Estem treballant cada dia per fer de Guardamar de la Safor <strong>un lloc millor<\/strong>, i <strong>la vostra participaci\u00f3 \u00e9s clau<\/strong>. Aquest portal \u00e9s tamb\u00e9 una <strong>via de comunicaci\u00f3 directa amb l'Ajuntament<\/strong>, aix\u00ed que no dubteu en fer-ne \u00fas per a qualsevol <strong>consulta, suggeriment o necessitat<\/strong> que tingueu.<\/p> <p>Vos convide a <strong>explorar la nostra web<\/strong>, a <strong>descobrir tot el que el nostre poble t\u00e9 per oferir<\/strong>, i a <strong>sentir-vos part activa de la nostra comunitat<\/strong>.<\/p> <p>Una abra\u00e7ada propera i c\u00e0lida,<\/p> <p><strong>Anabel Ferrer Fuster<\/strong><br><strong>Alcaldessa de Guardamar de la Safor<\/strong><\/p>","_links":{"self":[{"href":"https:\/\/guardamardelasafor.org\/es\/wp-json\/wp\/v2\/pages\/1081","targetHints":{"allow":["GET"]}}],"collection":[{"href":"https:\/\/guardamardelasafor.org\/es\/wp-json\/wp\/v2\/pages"}],"about":[{"href":"https:\/\/guardamardelasafor.org\/es\/wp-json\/wp\/v2\/types\/page"}],"author":[{"embeddable":true,"href":"https:\/\/guardamardelasafor.org\/es\/wp-json\/wp\/v2\/users\/1"}],"replies":[{"embeddable":true,"href":"https:\/\/guardamardelasafor.org\/es\/wp-json\/wp\/v2\/comments?post=1081"}],"version-history":[{"count":5,"href":"https:\/\/guardamardelasafor.org\/es\/wp-json\/wp\/v2\/pages\/1081\/revisions"}],"predecessor-version":[{"id":1086,"href":"https:\/\/guardamardelasafor.org\/es\/wp-json\/wp\/v2\/pages\/1081\/revisions\/1086"}],"up":[{"embeddable":true,"href":"https:\/\/guardamardelasafor.org\/es\/wp-json\/wp\/v2\/pages\/36"}],"wp:attachment":[{"href":"https:\/\/guardamardelasafor.org\/es\/wp-json\/wp\/v2\/media?parent=1081"}],"curies":[{"name":"wp","href":"https:\/\/api.w.org\/{rel}","templated":true}]}}