{"id":626,"date":"2024-09-24T16:48:21","date_gmt":"2024-09-24T16:48:21","guid":{"rendered":"https:\/\/ayto5.accesia.info\/?page_id=626"},"modified":"2024-10-17T11:12:52","modified_gmt":"2024-10-17T11:12:52","slug":"urbanisme","status":"publish","type":"page","link":"https:\/\/guardamardelasafor.org\/en\/serveis-municipals\/urbanisme\/","title":{"rendered":"Urban planning"},"content":{"rendered":"<!--themify_builder_content-->\n<div id=\"themify_builder_content-626\" data-postid=\"626\" class=\"themify_builder_content themify_builder_content-626 themify_builder tf_clear\">\n                    <div  data-parallax-bg=\"desktop\" data-lazy=\"1\" class=\"module_row themify_builder_row tb_fvf9342 tb_first tf_w\">\n            <span  class=\"builder_row_cover tf_abs\" data-lazy=\"1\"><\/span>            <div class=\"row_inner col_align_top tb_col_count_1 tf_box tf_rel\">\n                        <div  data-lazy=\"1\" class=\"module_column tb-column col-full tb_sgm3342 first\">\n                    <!-- module text -->\n<div  class=\"module module-text tb_t6uc342\" data-lazy=\"1\">\n        <div  class=\"tb_text_wrap\">\n        <h1 style=\"margin-bottom: 0;\">Urban planning<\/h1>    <\/div>\n<\/div>\n<!-- \/module text -->        <\/div>\n                        <\/div>\n        <\/div>\n                        <div  data-lazy=\"1\" class=\"module_row themify_builder_row tb_865l200 tf_w\">\n                        <div class=\"row_inner col_align_top tb_col_count_1 tf_box tf_rel\">\n                        <div  data-lazy=\"1\" class=\"module_column tb-column col-full tb_6nbg200 first\">\n                    <!-- module text -->\n<div  class=\"module module-text tb_p08r741\" data-lazy=\"1\">\n        <div  class=\"tb_text_wrap\">\n        <h2><strong>GENERAL PLAN OF URBAN ORGANIZATION<\/strong><\/h2>    <\/div>\n<\/div>\n<!-- \/module text --><!-- module buttons -->\n<div  class=\"module module-buttons tb_sn2r731 buttons-horizontal solid   buttons-fullwidth\" data-lazy=\"1\">\n        <div class=\"module-buttons-item tf_in_flx\">\n                        <a href=\"https:\/\/guardamardelasafor.org\/wp-content\/uploads\/2024\/09\/ayuntamiento-479592587.pdf\" class=\"ui builder_button tf_in_flx black\" >\n                                                SEE REGULATIONS                                        <\/a>\n                <\/div>\n            <\/div>\n<!-- \/module buttons -->\n<!-- module image -->\n<div  class=\"module module-image tb_a7yj14 image-top   tf_mw\" data-lazy=\"1\">\n        <div class=\"image-wrap tf_rel tf_mw\">\n            <img loading=\"lazy\" decoding=\"async\" width=\"1463\" height=\"485\" src=\"https:\/\/guardamardelasafor.org\/wp-content\/uploads\/2024\/09\/298f35069f9dada42b9c2a72aa6ab39b.png\" class=\"wp-post-image wp-image-979\" title=\"298f35069f9dada42b9c2a72aa6ab39b\" alt=\"298f35069f9dada42b9c2a72aa6ab39b\" srcset=\"https:\/\/guardamardelasafor.org\/wp-content\/uploads\/2024\/09\/298f35069f9dada42b9c2a72aa6ab39b.png 1463w, https:\/\/guardamardelasafor.org\/wp-content\/uploads\/2024\/09\/298f35069f9dada42b9c2a72aa6ab39b-300x99.png 300w, https:\/\/guardamardelasafor.org\/wp-content\/uploads\/2024\/09\/298f35069f9dada42b9c2a72aa6ab39b-1024x339.png 1024w, https:\/\/guardamardelasafor.org\/wp-content\/uploads\/2024\/09\/298f35069f9dada42b9c2a72aa6ab39b-768x255.png 768w, https:\/\/guardamardelasafor.org\/wp-content\/uploads\/2024\/09\/298f35069f9dada42b9c2a72aa6ab39b-18x6.png 18w\" sizes=\"auto, (max-width: 1463px) 100vw, 1463px\" \/>    \n        <\/div>\n    <!-- \/image-wrap -->\n    \n        <\/div>\n<!-- \/module image -->        <\/div>\n                        <\/div>\n        <\/div>\n                        <div  data-lazy=\"1\" class=\"module_row themify_builder_row tb_5jna306 tf_w\">\n                        <div class=\"row_inner col_align_top tb_col_count_4 tf_box tf_rel\">\n                        <div  data-lazy=\"1\" class=\"module_column tb-column col4-1 tb_rspk306 first\">\n                    <!-- module image -->\n<div  class=\"module module-image tb_9v4r833 image-top   tf_mw\" data-lazy=\"1\">\n        <div class=\"image-wrap tf_rel tf_mw\">\n            <img loading=\"lazy\" decoding=\"async\" width=\"408\" height=\"384\" src=\"https:\/\/guardamardelasafor.org\/wp-content\/uploads\/2024\/09\/184-15306280281395709719.png\" class=\"wp-post-image wp-image-972\" title=\"184-15306280281395709719\" alt=\"184-15306280281395709719\" srcset=\"https:\/\/guardamardelasafor.org\/wp-content\/uploads\/2024\/09\/184-15306280281395709719.png 408w, https:\/\/guardamardelasafor.org\/wp-content\/uploads\/2024\/09\/184-15306280281395709719-300x282.png 300w, https:\/\/guardamardelasafor.org\/wp-content\/uploads\/2024\/09\/184-15306280281395709719-13x12.png 13w\" sizes=\"auto, (max-width: 408px) 100vw, 408px\" \/>    \n        <\/div>\n    <!-- \/image-wrap -->\n    \n        <\/div>\n<!-- \/module image --><!-- module buttons -->\n<div  class=\"module module-buttons tb_e7p8537 buttons-horizontal solid boton1  buttons-fullwidth\" data-lazy=\"1\">\n        <div class=\"module-buttons-item tf_in_flx\">\n                        <a href=\"https:\/\/guardamardelasafor.org\/wp-content\/uploads\/2024\/09\/ayuntamiento-864083815.pdf\" class=\"ui builder_button tf_in_flx black\" download>\n                                                DOWNLOAD SOL INDUSTRIAL                                        <\/a>\n                <\/div>\n            <\/div>\n<!-- \/module buttons -->\n        <\/div>\n                    <div  data-lazy=\"1\" class=\"module_column tb-column col4-1 tb_bjlg162\">\n                    <!-- module image -->\n<div  class=\"module module-image tb_mcf3979 image-top   tf_mw\" data-lazy=\"1\">\n        <div class=\"image-wrap tf_rel tf_mw\">\n            <img loading=\"lazy\" decoding=\"async\" width=\"408\" height=\"384\" src=\"https:\/\/guardamardelasafor.org\/wp-content\/uploads\/2024\/09\/184-14410819451598669998.png\" class=\"wp-post-image wp-image-973\" title=\"184-14410819451598669998\" alt=\"184-14410819451598669998\" srcset=\"https:\/\/guardamardelasafor.org\/wp-content\/uploads\/2024\/09\/184-14410819451598669998.png 408w, https:\/\/guardamardelasafor.org\/wp-content\/uploads\/2024\/09\/184-14410819451598669998-300x282.png 300w, https:\/\/guardamardelasafor.org\/wp-content\/uploads\/2024\/09\/184-14410819451598669998-13x12.png 13w\" sizes=\"auto, (max-width: 408px) 100vw, 408px\" \/>    \n        <\/div>\n    <!-- \/image-wrap -->\n    \n        <\/div>\n<!-- \/module image --><!-- module buttons -->\n<div  class=\"module module-buttons tb_dbua98 buttons-horizontal solid boton1  buttons-fullwidth\" data-lazy=\"1\">\n        <div class=\"module-buttons-item tf_in_flx\">\n                        <a href=\"https:\/\/guardamardelasafor.org\/wp-content\/uploads\/2024\/09\/ayuntamiento-1104848687.pdf\" class=\"ui builder_button tf_in_flx black\" download>\n                                                DOWNLOAD URBAN HELMET                                        <\/a>\n                <\/div>\n            <\/div>\n<!-- \/module buttons -->\n        <\/div>\n                    <div  data-lazy=\"1\" class=\"module_column tb-column col4-1 tb_mtky162\">\n                    <!-- module image -->\n<div  class=\"module module-image tb_g2o1498 image-top   tf_mw\" data-lazy=\"1\">\n        <div class=\"image-wrap tf_rel tf_mw\">\n            <img loading=\"lazy\" decoding=\"async\" width=\"408\" height=\"384\" src=\"https:\/\/guardamardelasafor.org\/wp-content\/uploads\/2024\/09\/184-14251344931321370037.png\" class=\"wp-post-image wp-image-974\" title=\"184-14251344931321370037\" alt=\"184-14251344931321370037\" srcset=\"https:\/\/guardamardelasafor.org\/wp-content\/uploads\/2024\/09\/184-14251344931321370037.png 408w, https:\/\/guardamardelasafor.org\/wp-content\/uploads\/2024\/09\/184-14251344931321370037-300x282.png 300w, https:\/\/guardamardelasafor.org\/wp-content\/uploads\/2024\/09\/184-14251344931321370037-13x12.png 13w\" sizes=\"auto, (max-width: 408px) 100vw, 408px\" \/>    \n        <\/div>\n    <!-- \/image-wrap -->\n    \n        <\/div>\n<!-- \/module image --><!-- module buttons -->\n<div  class=\"module module-buttons tb_48d3535 buttons-horizontal solid boton1  buttons-fullwidth\" data-lazy=\"1\">\n        <div class=\"module-buttons-item tf_in_flx\">\n                        <a href=\"https:\/\/guardamardelasafor.org\/wp-content\/uploads\/2024\/09\/ayuntamiento-447295644_compressed.pdf\" class=\"ui builder_button tf_in_flx black\" download>\n                                                DOWNLOAD ENSANXE CASC URB\u00c0                                        <\/a>\n                <\/div>\n            <\/div>\n<!-- \/module buttons -->\n        <\/div>\n                    <div  data-lazy=\"1\" class=\"module_column tb-column col4-1 tb_0opn162 last\">\n                    <!-- module image -->\n<div  class=\"module module-image tb_2nib683 image-top   tf_mw\" data-lazy=\"1\">\n        <div class=\"image-wrap tf_rel tf_mw\">\n            <img loading=\"lazy\" decoding=\"async\" width=\"408\" height=\"384\" src=\"https:\/\/guardamardelasafor.org\/wp-content\/uploads\/2024\/09\/184-10047755461454469550.png\" class=\"wp-post-image wp-image-975\" title=\"184-10047755461454469550\" alt=\"184-10047755461454469550\" srcset=\"https:\/\/guardamardelasafor.org\/wp-content\/uploads\/2024\/09\/184-10047755461454469550.png 408w, https:\/\/guardamardelasafor.org\/wp-content\/uploads\/2024\/09\/184-10047755461454469550-300x282.png 300w, https:\/\/guardamardelasafor.org\/wp-content\/uploads\/2024\/09\/184-10047755461454469550-13x12.png 13w\" sizes=\"auto, (max-width: 408px) 100vw, 408px\" \/>    \n        <\/div>\n    <!-- \/image-wrap -->\n    \n        <\/div>\n<!-- \/module image --><!-- module buttons -->\n<div  class=\"module module-buttons tb_ukme374 buttons-horizontal solid boton1  buttons-fullwidth\" data-lazy=\"1\">\n        <div class=\"module-buttons-item tf_in_flx\">\n                        <a href=\"https:\/\/guardamardelasafor.org\/wp-content\/uploads\/2024\/09\/ayuntamiento-2024645708.pdf\" class=\"ui builder_button tf_in_flx black\" download>\n                                                DOWNLOAD RESIDENTIAL LOW DENSITY TOWN                                        <\/a>\n                <\/div>\n            <\/div>\n<!-- \/module buttons -->\n        <\/div>\n                        <\/div>\n        <\/div>\n                        <div  data-lazy=\"1\" class=\"module_row themify_builder_row tb_corn922 tf_w\">\n                        <div class=\"row_inner col_align_top tb_col_count_4 tf_box tf_rel\">\n                        <div  data-lazy=\"1\" class=\"module_column tb-column col4-1 tb_0q2c922 first\">\n                    <!-- module image -->\n<div  class=\"module module-image tb_2b2j455 image-top   tf_mw\" data-lazy=\"1\">\n        <div class=\"image-wrap tf_rel tf_mw\">\n            <img loading=\"lazy\" decoding=\"async\" width=\"408\" height=\"384\" src=\"https:\/\/guardamardelasafor.org\/wp-content\/uploads\/2024\/09\/184-18737589611835472360.png\" class=\"wp-post-image wp-image-976\" title=\"184-18737589611835472360\" alt=\"184-18737589611835472360\" srcset=\"https:\/\/guardamardelasafor.org\/wp-content\/uploads\/2024\/09\/184-18737589611835472360.png 408w, https:\/\/guardamardelasafor.org\/wp-content\/uploads\/2024\/09\/184-18737589611835472360-300x282.png 300w, https:\/\/guardamardelasafor.org\/wp-content\/uploads\/2024\/09\/184-18737589611835472360-13x12.png 13w\" sizes=\"auto, (max-width: 408px) 100vw, 408px\" \/>    \n        <\/div>\n    <!-- \/image-wrap -->\n    \n        <\/div>\n<!-- \/module image --><!-- module buttons -->\n<div  class=\"module module-buttons tb_eq4s922 buttons-horizontal solid boton1  buttons-fullwidth\" data-lazy=\"1\">\n        <div class=\"module-buttons-item tf_in_flx\">\n                        <a href=\"https:\/\/guardamardelasafor.org\/wp-content\/uploads\/2024\/09\/ayuntamiento-1400070421_compressed.pdf\" class=\"ui builder_button tf_in_flx black\" download>\n                                                DOWNLOAD BEACH LOW DENSITY SECTOR                                        <\/a>\n                <\/div>\n            <\/div>\n<!-- \/module buttons -->\n        <\/div>\n                    <div  data-lazy=\"1\" class=\"module_column tb-column col4-1 tb_1sxr922\">\n                    <!-- module image -->\n<div  class=\"module module-image tb_ef8x981 image-top   tf_mw\" data-lazy=\"1\">\n        <div class=\"image-wrap tf_rel tf_mw\">\n            <img loading=\"lazy\" decoding=\"async\" width=\"408\" height=\"384\" src=\"https:\/\/guardamardelasafor.org\/wp-content\/uploads\/2024\/09\/184-18918486561168889154.png\" class=\"wp-post-image wp-image-977\" title=\"184-18918486561168889154\" alt=\"184-18918486561168889154\" srcset=\"https:\/\/guardamardelasafor.org\/wp-content\/uploads\/2024\/09\/184-18918486561168889154.png 408w, https:\/\/guardamardelasafor.org\/wp-content\/uploads\/2024\/09\/184-18918486561168889154-300x282.png 300w, https:\/\/guardamardelasafor.org\/wp-content\/uploads\/2024\/09\/184-18918486561168889154-13x12.png 13w\" sizes=\"auto, (max-width: 408px) 100vw, 408px\" \/>    \n        <\/div>\n    <!-- \/image-wrap -->\n    \n        <\/div>\n<!-- \/module image --><!-- module buttons -->\n<div  class=\"module module-buttons tb_lowl922 buttons-horizontal solid boton1  buttons-fullwidth\" data-lazy=\"1\">\n        <div class=\"module-buttons-item tf_in_flx\">\n                        <a href=\"https:\/\/guardamardelasafor.org\/wp-content\/uploads\/2024\/09\/ayuntamiento-415328093_compressed.pdf\" class=\"ui builder_button tf_in_flx black\" download>\n                                                DOWNLOAD Residential sector PLATJA de Guardamar de la Safor                                        <\/a>\n                <\/div>\n            <\/div>\n<!-- \/module buttons -->\n        <\/div>\n                    <div  data-lazy=\"1\" class=\"module_column tb-column col4-1 tb_7r5r922\">\n                    <!-- module image -->\n<div  class=\"module module-image tb_gntq38 image-top   tf_mw\" data-lazy=\"1\">\n        <div class=\"image-wrap tf_rel tf_mw\">\n            <img loading=\"lazy\" decoding=\"async\" width=\"408\" height=\"384\" src=\"https:\/\/guardamardelasafor.org\/wp-content\/uploads\/2024\/09\/184-328423072839974653.jpg\" class=\"wp-post-image wp-image-978\" title=\"184-328423072839974653\" alt=\"184-328423072839974653\" srcset=\"https:\/\/guardamardelasafor.org\/wp-content\/uploads\/2024\/09\/184-328423072839974653.jpg 408w, https:\/\/guardamardelasafor.org\/wp-content\/uploads\/2024\/09\/184-328423072839974653-300x282.jpg 300w, https:\/\/guardamardelasafor.org\/wp-content\/uploads\/2024\/09\/184-328423072839974653-13x12.jpg 13w\" sizes=\"auto, (max-width: 408px) 100vw, 408px\" \/>    \n        <\/div>\n    <!-- \/image-wrap -->\n    \n        <\/div>\n<!-- \/module image --><!-- module buttons -->\n<div  class=\"module module-buttons tb_0s0j922 buttons-horizontal solid boton1  buttons-fullwidth\" data-lazy=\"1\">\n        <div class=\"module-buttons-item tf_in_flx\">\n                        <a href=\"https:\/\/guardamardelasafor.org\/wp-content\/uploads\/2024\/09\/ayuntamiento-1233469931.pdf\" class=\"ui builder_button tf_in_flx black\" download>\n                                                DOWNLOAD NON-URBANIZED AGRICULTURAL PROTECTION SOIL                                        <\/a>\n                <\/div>\n            <\/div>\n<!-- \/module buttons -->\n        <\/div>\n                    <div  data-lazy=\"1\" class=\"module_column tb-column col4-1 tb_f316922 last\">\n                            <\/div>\n                        <\/div>\n        <\/div>\n        <\/div>\n<!--\/themify_builder_content-->","protected":false},"excerpt":{"rendered":"<p>Urbanism GENERAL PLAN OF URBAN ORGANIZATION VORE REGULATIONS DOWNLOAD INDUSTRIAL LAND DOWNLOAD URBAN TOWN DOWNLOAD URBAN TOWN ENSANXE DOWNLOAD LOW-DENSITY RESIDENTIAL VILLAGE DOWNLOAD LOW-DENSITY BEACH SECTOR DOWNLOAD Residential sector BEACH of Guardamar de la Safor DOWNLOAD NON-URBANIZABLE LAND FOR AGRICULTURAL PROTECTION<\/p>","protected":false},"author":1,"featured_media":0,"parent":599,"menu_order":0,"comment_status":"closed","ping_status":"closed","template":"","meta":{"footnotes":""},"class_list":["post-626","page","type-page","status-publish","hentry","has-post-title","has-post-date","has-post-category","has-post-tag","has-post-comment","has-post-author",""],"builder_content":"<h1 style=\"margin-bottom: 0;\">Urbanisme<\/h1>\n<h2><strong>PL\u00c0NOL GENERAL D'ORGANITZACI\u00d3 URBANA<\/strong><\/h2>\n<a href=\"https:\/\/guardamardelasafor.org\/wp-content\/uploads\/2024\/09\/ayuntamiento-479592587.pdf\" > VORE NORMATIVA <\/a>\n<img src=\"https:\/\/guardamardelasafor.org\/wp-content\/uploads\/2024\/09\/298f35069f9dada42b9c2a72aa6ab39b.png\" title=\"298f35069f9dada42b9c2a72aa6ab39b\" alt=\"298f35069f9dada42b9c2a72aa6ab39b\" srcset=\"https:\/\/guardamardelasafor.org\/wp-content\/uploads\/2024\/09\/298f35069f9dada42b9c2a72aa6ab39b.png 1463w, https:\/\/guardamardelasafor.org\/wp-content\/uploads\/2024\/09\/298f35069f9dada42b9c2a72aa6ab39b-300x99.png 300w, https:\/\/guardamardelasafor.org\/wp-content\/uploads\/2024\/09\/298f35069f9dada42b9c2a72aa6ab39b-1024x339.png 1024w, https:\/\/guardamardelasafor.org\/wp-content\/uploads\/2024\/09\/298f35069f9dada42b9c2a72aa6ab39b-768x255.png 768w, https:\/\/guardamardelasafor.org\/wp-content\/uploads\/2024\/09\/298f35069f9dada42b9c2a72aa6ab39b-18x6.png 18w\" sizes=\"(max-width: 1463px) 100vw, 1463px\" \/>\n<img src=\"https:\/\/guardamardelasafor.org\/wp-content\/uploads\/2024\/09\/184-15306280281395709719.png\" title=\"184-15306280281395709719\" alt=\"184-15306280281395709719\" srcset=\"https:\/\/guardamardelasafor.org\/wp-content\/uploads\/2024\/09\/184-15306280281395709719.png 408w, https:\/\/guardamardelasafor.org\/wp-content\/uploads\/2024\/09\/184-15306280281395709719-300x282.png 300w, https:\/\/guardamardelasafor.org\/wp-content\/uploads\/2024\/09\/184-15306280281395709719-13x12.png 13w\" sizes=\"(max-width: 408px) 100vw, 408px\" \/>\n<a href=\"https:\/\/guardamardelasafor.org\/wp-content\/uploads\/2024\/09\/ayuntamiento-864083815.pdf\" download> DESCARREGAR SOL INDUSTRIAL <\/a>\n<img src=\"https:\/\/guardamardelasafor.org\/wp-content\/uploads\/2024\/09\/184-14410819451598669998.png\" title=\"184-14410819451598669998\" alt=\"184-14410819451598669998\" srcset=\"https:\/\/guardamardelasafor.org\/wp-content\/uploads\/2024\/09\/184-14410819451598669998.png 408w, https:\/\/guardamardelasafor.org\/wp-content\/uploads\/2024\/09\/184-14410819451598669998-300x282.png 300w, https:\/\/guardamardelasafor.org\/wp-content\/uploads\/2024\/09\/184-14410819451598669998-13x12.png 13w\" sizes=\"(max-width: 408px) 100vw, 408px\" \/>\n<a href=\"https:\/\/guardamardelasafor.org\/wp-content\/uploads\/2024\/09\/ayuntamiento-1104848687.pdf\" download> DESCARREGAR CASC URB\u00c0 <\/a>\n<img src=\"https:\/\/guardamardelasafor.org\/wp-content\/uploads\/2024\/09\/184-14251344931321370037.png\" title=\"184-14251344931321370037\" alt=\"184-14251344931321370037\" srcset=\"https:\/\/guardamardelasafor.org\/wp-content\/uploads\/2024\/09\/184-14251344931321370037.png 408w, https:\/\/guardamardelasafor.org\/wp-content\/uploads\/2024\/09\/184-14251344931321370037-300x282.png 300w, https:\/\/guardamardelasafor.org\/wp-content\/uploads\/2024\/09\/184-14251344931321370037-13x12.png 13w\" sizes=\"(max-width: 408px) 100vw, 408px\" \/>\n<a href=\"https:\/\/guardamardelasafor.org\/wp-content\/uploads\/2024\/09\/ayuntamiento-447295644_compressed.pdf\" download> DESCARREGAR ENSANXE CASC URB\u00c0 <\/a>\n<img src=\"https:\/\/guardamardelasafor.org\/wp-content\/uploads\/2024\/09\/184-10047755461454469550.png\" title=\"184-10047755461454469550\" alt=\"184-10047755461454469550\" srcset=\"https:\/\/guardamardelasafor.org\/wp-content\/uploads\/2024\/09\/184-10047755461454469550.png 408w, https:\/\/guardamardelasafor.org\/wp-content\/uploads\/2024\/09\/184-10047755461454469550-300x282.png 300w, https:\/\/guardamardelasafor.org\/wp-content\/uploads\/2024\/09\/184-10047755461454469550-13x12.png 13w\" sizes=\"(max-width: 408px) 100vw, 408px\" \/>\n<a href=\"https:\/\/guardamardelasafor.org\/wp-content\/uploads\/2024\/09\/ayuntamiento-2024645708.pdf\" download> DESCARREGAR RESIDENCIAL BAIXA DENSITAT POBLE <\/a>\n<img src=\"https:\/\/guardamardelasafor.org\/wp-content\/uploads\/2024\/09\/184-18737589611835472360.png\" title=\"184-18737589611835472360\" alt=\"184-18737589611835472360\" srcset=\"https:\/\/guardamardelasafor.org\/wp-content\/uploads\/2024\/09\/184-18737589611835472360.png 408w, https:\/\/guardamardelasafor.org\/wp-content\/uploads\/2024\/09\/184-18737589611835472360-300x282.png 300w, https:\/\/guardamardelasafor.org\/wp-content\/uploads\/2024\/09\/184-18737589611835472360-13x12.png 13w\" sizes=\"(max-width: 408px) 100vw, 408px\" \/>\n<a href=\"https:\/\/guardamardelasafor.org\/wp-content\/uploads\/2024\/09\/ayuntamiento-1400070421_compressed.pdf\" download> DESCARREGAR SECTOR BAIXA DENSITAT PLATJA <\/a>\n<img src=\"https:\/\/guardamardelasafor.org\/wp-content\/uploads\/2024\/09\/184-18918486561168889154.png\" title=\"184-18918486561168889154\" alt=\"184-18918486561168889154\" srcset=\"https:\/\/guardamardelasafor.org\/wp-content\/uploads\/2024\/09\/184-18918486561168889154.png 408w, https:\/\/guardamardelasafor.org\/wp-content\/uploads\/2024\/09\/184-18918486561168889154-300x282.png 300w, https:\/\/guardamardelasafor.org\/wp-content\/uploads\/2024\/09\/184-18918486561168889154-13x12.png 13w\" sizes=\"(max-width: 408px) 100vw, 408px\" \/>\n<a href=\"https:\/\/guardamardelasafor.org\/wp-content\/uploads\/2024\/09\/ayuntamiento-415328093_compressed.pdf\" download> DESCARREGAR Sector residencial PLATJA de Guardamar de la Safor <\/a>\n<img src=\"https:\/\/guardamardelasafor.org\/wp-content\/uploads\/2024\/09\/184-328423072839974653.jpg\" title=\"184-328423072839974653\" alt=\"184-328423072839974653\" srcset=\"https:\/\/guardamardelasafor.org\/wp-content\/uploads\/2024\/09\/184-328423072839974653.jpg 408w, https:\/\/guardamardelasafor.org\/wp-content\/uploads\/2024\/09\/184-328423072839974653-300x282.jpg 300w, https:\/\/guardamardelasafor.org\/wp-content\/uploads\/2024\/09\/184-328423072839974653-13x12.jpg 13w\" sizes=\"(max-width: 408px) 100vw, 408px\" \/>\n<a href=\"https:\/\/guardamardelasafor.org\/wp-content\/uploads\/2024\/09\/ayuntamiento-1233469931.pdf\" download> DESCARREGAR S\u00d3L NO URBANITZABLE DE PROTECCI\u00d3 AGR\u00cdCOLA <\/a>","_links":{"self":[{"href":"https:\/\/guardamardelasafor.org\/en\/wp-json\/wp\/v2\/pages\/626","targetHints":{"allow":["GET"]}}],"collection":[{"href":"https:\/\/guardamardelasafor.org\/en\/wp-json\/wp\/v2\/pages"}],"about":[{"href":"https:\/\/guardamardelasafor.org\/en\/wp-json\/wp\/v2\/types\/page"}],"author":[{"embeddable":true,"href":"https:\/\/guardamardelasafor.org\/en\/wp-json\/wp\/v2\/users\/1"}],"replies":[{"embeddable":true,"href":"https:\/\/guardamardelasafor.org\/en\/wp-json\/wp\/v2\/comments?post=626"}],"version-history":[{"count":24,"href":"https:\/\/guardamardelasafor.org\/en\/wp-json\/wp\/v2\/pages\/626\/revisions"}],"predecessor-version":[{"id":1032,"href":"https:\/\/guardamardelasafor.org\/en\/wp-json\/wp\/v2\/pages\/626\/revisions\/1032"}],"up":[{"embeddable":true,"href":"https:\/\/guardamardelasafor.org\/en\/wp-json\/wp\/v2\/pages\/599"}],"wp:attachment":[{"href":"https:\/\/guardamardelasafor.org\/en\/wp-json\/wp\/v2\/media?parent=626"}],"curies":[{"name":"wp","href":"https:\/\/api.w.org\/{rel}","templated":true}]}}