{"id":620,"date":"2024-09-24T16:47:37","date_gmt":"2024-09-24T16:47:37","guid":{"rendered":"https:\/\/ayto5.accesia.info\/?page_id=620"},"modified":"2024-09-26T14:53:19","modified_gmt":"2024-09-26T14:53:19","slug":"biblioteca-municipal","status":"publish","type":"page","link":"https:\/\/guardamardelasafor.org\/en\/serveis-municipals\/biblioteca-municipal\/","title":{"rendered":"Municipal library"},"content":{"rendered":"<!--themify_builder_content-->\n<div id=\"themify_builder_content-620\" data-postid=\"620\" class=\"themify_builder_content themify_builder_content-620 themify_builder tf_clear\">\n                    <div  data-parallax-bg=\"desktop\" data-lazy=\"1\" class=\"module_row themify_builder_row tb_fvf9342 tb_first tf_w\">\n            <span  class=\"builder_row_cover tf_abs\" data-lazy=\"1\"><\/span>            <div class=\"row_inner col_align_top tb_col_count_1 tf_box tf_rel\">\n                        <div  data-lazy=\"1\" class=\"module_column tb-column col-full tb_sgm3342 first\">\n                    <!-- module text -->\n<div  class=\"module module-text tb_t6uc342\" data-lazy=\"1\">\n        <div  class=\"tb_text_wrap\">\n        <h1 style=\"margin-bottom: 0;\">Municipal library<\/h1>    <\/div>\n<\/div>\n<!-- \/module text -->        <\/div>\n                        <\/div>\n        <\/div>\n                        <div  data-lazy=\"1\" class=\"module_row themify_builder_row tb_865l200 tf_w\">\n                        <div class=\"row_inner col_align_top tb_col_count_1 tf_box tf_rel\">\n                        <div  data-lazy=\"1\" class=\"module_column tb-column col-full tb_6nbg200 first\">\n                    <!-- module image -->\n<div  class=\"module module-image tb_a7yj14 image-center   tf_mw\" data-lazy=\"1\">\n        <div class=\"image-wrap tf_rel tf_mw\">\n            <img loading=\"lazy\" decoding=\"async\" width=\"350\" height=\"350\" src=\"https:\/\/guardamardelasafor.org\/wp-content\/uploads\/2024\/09\/184-1774393723132813679.png\" class=\"wp-post-image wp-image-693\" title=\"184-1774393723132813679\" alt=\"184-1774393723132813679\" srcset=\"https:\/\/guardamardelasafor.org\/wp-content\/uploads\/2024\/09\/184-1774393723132813679.png 350w, https:\/\/guardamardelasafor.org\/wp-content\/uploads\/2024\/09\/184-1774393723132813679-300x300.png 300w, https:\/\/guardamardelasafor.org\/wp-content\/uploads\/2024\/09\/184-1774393723132813679-150x150.png 150w, https:\/\/guardamardelasafor.org\/wp-content\/uploads\/2024\/09\/184-1774393723132813679-12x12.png 12w\" sizes=\"auto, (max-width: 350px) 100vw, 350px\" \/>    \n        <\/div>\n    <!-- \/image-wrap -->\n    \n        <\/div>\n<!-- \/module image --><!-- module text -->\n<div  class=\"module module-text tb_p08r741\" data-lazy=\"1\">\n        <div  class=\"tb_text_wrap\">\n        <p style=\"text-align: center;\"><br>open <b>monday<\/b>, <b>Wednesday<\/b> i <b>friday <\/b>of<b> 17:30 to 19:30 <\/b>hours,<\/p>\n<p style=\"text-align: center;\">i <b>Saturdays <\/b>of <b>11:00 a.m. to 1:00 p.m<\/b> hours<br><br><strong>Knowledge does not take place.<\/strong><\/p>    <\/div>\n<\/div>\n<!-- \/module text --><!-- module text -->\n<div  class=\"module module-text tb_qoeo856\" data-lazy=\"1\">\n        <div  class=\"tb_text_wrap\">\n        <h2><span style=\"font-size: 45.6px;\">LIBRARY AND INTERNET ROOM<\/span><br><\/h2>    <\/div>\n<\/div>\n<!-- \/module text --><!-- module text -->\n<div  class=\"module module-text tb_be4k747\" data-lazy=\"1\">\n        <div  class=\"tb_text_wrap\">\n        <div id=\"sl23977_bg\" class=\"sl_bg\" data-name=\"\" data-id=\"23977\">\n<div id=\"sl23977\" class=\"sl\">\n<div class=\"fila\">\n<div class=\"c-12\">\n<div id=\"ce36483_bg\" class=\"ce_bg\">\n<div id=\"ce36483_bg2\" class=\"ce_bg2\">\n<div id=\"ce36483\" class=\"ce\">\n<div class=\"txt\">\n<p>There is a Municipal Public Library, with a wide collection of books on various subjects for both consultation and loan.<\/p><p>The Library also has a series of computers with internet connection where users can carry out consultations, school work, etc.<\/p><\/div><\/div><\/div><\/div><\/div><\/div><\/div><\/div><div id=\"sl23978_bg\" class=\"sl_bg\" data-name=\"\" data-id=\"23978\"><div id=\"sl23978\" class=\"sl\"><div class=\"fila\"><div class=\"c-12 c-md-6\"><div id=\"ce36484_bg\" class=\"ce_bg\"><div id=\"ce36484_bg2\" class=\"ce_bg2\"><div id=\"ce36484\" class=\"ce\"><div class=\"txt\">\n<\/div>\n<\/div>\n<\/div>\n<\/div>\n<\/div>\n<\/div>\n<\/div>\n<\/div>    <\/div>\n<\/div>\n<!-- \/module text --><!-- module image -->\n<div  class=\"module module-image tb_6dpc834 image-center   auto_fullwidth tf_mw\" data-lazy=\"1\">\n        <div class=\"image-wrap tf_rel tf_mw\">\n            <img loading=\"lazy\" decoding=\"async\" width=\"832\" height=\"414\" src=\"https:\/\/guardamardelasafor.org\/wp-content\/uploads\/2024\/09\/e5516ff1a9f3f89cc5cc542442adcc08.png\" class=\"wp-post-image wp-image-696\" title=\"e5516ff1a9f3f89cc5cc542442adcc08\" alt=\"e5516ff1a9f3f89cc5cc542442adcc08\" srcset=\"https:\/\/guardamardelasafor.org\/wp-content\/uploads\/2024\/09\/e5516ff1a9f3f89cc5cc542442adcc08.png 832w, https:\/\/guardamardelasafor.org\/wp-content\/uploads\/2024\/09\/e5516ff1a9f3f89cc5cc542442adcc08-300x149.png 300w, https:\/\/guardamardelasafor.org\/wp-content\/uploads\/2024\/09\/e5516ff1a9f3f89cc5cc542442adcc08-768x382.png 768w, https:\/\/guardamardelasafor.org\/wp-content\/uploads\/2024\/09\/e5516ff1a9f3f89cc5cc542442adcc08-18x9.png 18w\" sizes=\"auto, (max-width: 832px) 100vw, 832px\" \/>    \n        <\/div>\n    <!-- \/image-wrap -->\n    \n        <\/div>\n<!-- \/module image -->        <\/div>\n                        <\/div>\n        <\/div>\n        <\/div>\n<!--\/themify_builder_content-->","protected":false},"excerpt":{"rendered":"<p>Biblioteca municipal Obert dilluns, dimecres i divendres de 17:30 a 19:30 hores, i dissabtes de 11:00 a 13:00 hores. El saber no ocupa lloc. BIBILIOTECA I SALA DE INTERNET Existeix una Biblioteca p\u00fablica Municipal, amb una \u00e0mplia col\u00b7lecci\u00f3 de llibres de diverses tem\u00e0tiques tant per a consulta com per a pr\u00e9stec. La Biblioteca compta, a [&hellip;]<\/p>\n","protected":false},"author":1,"featured_media":0,"parent":599,"menu_order":0,"comment_status":"closed","ping_status":"closed","template":"","meta":{"footnotes":""},"class_list":["post-620","page","type-page","status-publish","hentry","has-post-title","has-post-date","has-post-category","has-post-tag","has-post-comment","has-post-author",""],"builder_content":"<h1 style=\"margin-bottom: 0;\">Biblioteca municipal<\/h1>\n<img src=\"https:\/\/guardamardelasafor.org\/wp-content\/uploads\/2024\/09\/184-1774393723132813679.png\" title=\"184-1774393723132813679\" alt=\"184-1774393723132813679\" srcset=\"https:\/\/guardamardelasafor.org\/wp-content\/uploads\/2024\/09\/184-1774393723132813679.png 350w, https:\/\/guardamardelasafor.org\/wp-content\/uploads\/2024\/09\/184-1774393723132813679-300x300.png 300w, https:\/\/guardamardelasafor.org\/wp-content\/uploads\/2024\/09\/184-1774393723132813679-150x150.png 150w, https:\/\/guardamardelasafor.org\/wp-content\/uploads\/2024\/09\/184-1774393723132813679-12x12.png 12w\" sizes=\"(max-width: 350px) 100vw, 350px\" \/>\n<p style=\"text-align: center;\"><br>Obert <b>dilluns<\/b>, <b>dimecres<\/b> i <b>divendres <\/b>de<b> 17:30 a 19:30 <\/b>hores,<\/p> <p style=\"text-align: center;\">i <b>dissabtes <\/b>de <b>11:00 a 13:00<\/b> hores.<br><br><strong>El saber no ocupa lloc.<\/strong><\/p>\n<h2>BIBILIOTECA I SALA DE INTERNET<br><\/h2>\n<p>Existeix una Biblioteca p\u00fablica Municipal, amb una \u00e0mplia col\u00b7lecci\u00f3 de llibres de diverses tem\u00e0tiques tant per a consulta com per a pr\u00e9stec.<\/p><p>La Biblioteca compta, a m\u00e9s a m\u00e9s, amb una s\u00e8rie d'ordinadors amb connexi\u00f3 a internet on els usuaris poden realitzar consultes, treballs escolars, etc.<\/p>\n<img src=\"https:\/\/guardamardelasafor.org\/wp-content\/uploads\/2024\/09\/e5516ff1a9f3f89cc5cc542442adcc08.png\" title=\"e5516ff1a9f3f89cc5cc542442adcc08\" alt=\"e5516ff1a9f3f89cc5cc542442adcc08\" srcset=\"https:\/\/guardamardelasafor.org\/wp-content\/uploads\/2024\/09\/e5516ff1a9f3f89cc5cc542442adcc08.png 832w, https:\/\/guardamardelasafor.org\/wp-content\/uploads\/2024\/09\/e5516ff1a9f3f89cc5cc542442adcc08-300x149.png 300w, https:\/\/guardamardelasafor.org\/wp-content\/uploads\/2024\/09\/e5516ff1a9f3f89cc5cc542442adcc08-768x382.png 768w, https:\/\/guardamardelasafor.org\/wp-content\/uploads\/2024\/09\/e5516ff1a9f3f89cc5cc542442adcc08-18x9.png 18w\" sizes=\"(max-width: 832px) 100vw, 832px\" \/>","_links":{"self":[{"href":"https:\/\/guardamardelasafor.org\/en\/wp-json\/wp\/v2\/pages\/620","targetHints":{"allow":["GET"]}}],"collection":[{"href":"https:\/\/guardamardelasafor.org\/en\/wp-json\/wp\/v2\/pages"}],"about":[{"href":"https:\/\/guardamardelasafor.org\/en\/wp-json\/wp\/v2\/types\/page"}],"author":[{"embeddable":true,"href":"https:\/\/guardamardelasafor.org\/en\/wp-json\/wp\/v2\/users\/1"}],"replies":[{"embeddable":true,"href":"https:\/\/guardamardelasafor.org\/en\/wp-json\/wp\/v2\/comments?post=620"}],"version-history":[{"count":12,"href":"https:\/\/guardamardelasafor.org\/en\/wp-json\/wp\/v2\/pages\/620\/revisions"}],"predecessor-version":[{"id":806,"href":"https:\/\/guardamardelasafor.org\/en\/wp-json\/wp\/v2\/pages\/620\/revisions\/806"}],"up":[{"embeddable":true,"href":"https:\/\/guardamardelasafor.org\/en\/wp-json\/wp\/v2\/pages\/599"}],"wp:attachment":[{"href":"https:\/\/guardamardelasafor.org\/en\/wp-json\/wp\/v2\/media?parent=620"}],"curies":[{"name":"wp","href":"https:\/\/api.w.org\/{rel}","templated":true}]}}