{"id":409,"date":"2024-08-31T16:41:43","date_gmt":"2024-08-31T16:41:43","guid":{"rendered":"https:\/\/ayto5.accesia.info\/?page_id=409"},"modified":"2024-10-17T11:30:19","modified_gmt":"2024-10-17T11:30:19","slug":"politica-de-cookies","status":"publish","type":"page","link":"https:\/\/guardamardelasafor.org\/en\/politica-de-cookies\/","title":{"rendered":"Cookie policy"},"content":{"rendered":"<!--themify_builder_content-->\n<div id=\"themify_builder_content-409\" data-postid=\"409\" class=\"themify_builder_content themify_builder_content-409 themify_builder tf_clear\">\n                    <div  data-parallax-bg=\"desktop\" data-lazy=\"1\" class=\"module_row themify_builder_row tb_fe58c64 tb_first tf_w\">\n            <span  class=\"builder_row_cover tf_abs\" data-lazy=\"1\"><\/span>            <div class=\"row_inner col_align_top tb_col_count_1 tf_box tf_rel\">\n                        <div  data-lazy=\"1\" class=\"module_column tb-column col-full tb_bb1b33d first\">\n                    <!-- module text -->\n<div  class=\"module module-text tb_2c0aaca\" data-lazy=\"1\">\n        <div  class=\"tb_text_wrap\">\n        <h1 style=\"margin-bottom: 0;\">Cookie policy<\/h1>    <\/div>\n<\/div>\n<!-- \/module text -->        <\/div>\n                        <\/div>\n        <\/div>\n                        <div  data-lazy=\"1\" class=\"module_row themify_builder_row tb_hh5d979 tf_w\">\n                        <div class=\"row_inner col_align_top tb_col_count_1 tf_box tf_rel\">\n                        <div  data-lazy=\"1\" class=\"module_column tb-column col-full tb_a5jw979 first\">\n                    <!-- module text -->\n<div  class=\"module module-text tb_4klc979\" data-lazy=\"1\">\n        <div  class=\"tb_text_wrap\">\n        <p><strong>Date of last update: 29\/08\/2024<\/strong><\/p>\n<p>the<strong>Guardamar de la Safor Town Hall<\/strong> uses cookies and similar technologies on our website <strong><a href=\"https:\/\/guardamardelasafor.org\/en\/\" target=\"_new\" rel=\"noopener\">www.guardamardelasafor.org<\/a><\/strong>.<\/p>\n<p>By using our website, you accept the use of cookies in accordance with this Cookies Policy. If you do not agree with the use of cookies, you must disable them by following the instructions provided in this Cookies Policy or stop using our website.<\/p>\n<p><strong>What are cookies?<\/strong><\/p>\n<p>Cookies are small text files that are stored on your device (such as your computer, tablet or mobile phone) when you visit our website. Cookies are widely used to make websites work properly and more efficiently, as well as to provide information to site owners.<\/p>\n<p><strong>Types of cookies used<\/strong><\/p>\n<ul>\n<li>\n<p><strong>Essential cookies:<\/strong> These cookies are necessary to provide you with the services available through our website and to allow you to use some of its functions. For example, we use essential cookies to authenticate your access to secure areas of the website.<\/p>\n<\/li>\n<li>\n<p><strong>Performance and analysis cookies:<\/strong> These cookies collect information about how visitors use our website, such as the pages they visit most often and whether they receive error messages from web pages. We use this information to improve the functionality and performance of the website and to better understand how it is used and navigated.<\/p>\n<\/li>\n<li>\n<p><strong>Functionality cookies:<\/strong> These cookies are used to recognize you when you return to our website and to remember the choices you have made, such as your preferred language or personalization options. These cookies allow us to provide you with a more personalized experience and improve your comfort of use.<\/p>\n<\/li>\n<li>\n<p><strong>Advertising cookies:<\/strong> These cookies are used to show ads relevant to you and your interests. They are also used to limit the frequency with which an ad is shown and to measure the effectiveness of an advertising campaign. These cookies are generally placed by third-party advertising networks.<\/p>\n<\/li>\n<\/ul>\n<p><strong>Control of cookies<\/strong><\/p>\n<p>By using our website, you accept the use of cookies in accordance with this Cookies Policy. You can control and administer cookies at any time through your browser settings. Please note that disabling cookies may affect the functionality of our website and limit your ability to use all of its features.<\/p>\n<p><strong>Links to other websites<\/strong><\/p>\n<p>Our website may contain links to other third party websites. This Cookies Policy does not apply to third-party websites, so we recommend that you consult the cookie policies of those websites.<\/p>\n<p><strong>Changes in the Cookies Policy<\/strong><\/p>\n<p>We reserve the right to modify or update this Cookie Policy at any time to reflect changes in our cookie practices. Any updates will be effective as soon as the revised version is posted on our website. We recommend that you periodically review this Cookies Policy to be informed about how we use cookies.<\/p>    <\/div>\n<\/div>\n<!-- \/module text -->        <\/div>\n                        <\/div>\n        <\/div>\n        <\/div>\n<!--\/themify_builder_content-->","protected":false},"excerpt":{"rendered":"<p>Pol\u00edtica de cookies Data d\u2019\u00faltima actualitzaci\u00f3: 29\/08\/2024 L&#8217;Ajuntament de Guardamar de la Safor utilitza cookies i tecnologies similars en el nostre lloc web www.guardamardelasafor.org. En utilitzar el nostre lloc web, vost\u00e9 accepta l\u2019\u00fas de cookies d\u2019acord amb aquesta Pol\u00edtica de Cookies. Si no est\u00e0 d\u2019acord amb l\u2019\u00fas de cookies, ha de desactivar-les seguint les instruccions [&hellip;]<\/p>\n","protected":false},"author":1,"featured_media":0,"parent":0,"menu_order":0,"comment_status":"closed","ping_status":"closed","template":"","meta":{"footnotes":""},"class_list":["post-409","page","type-page","status-publish","hentry","has-post-title","has-post-date","has-post-category","has-post-tag","has-post-comment","has-post-author",""],"builder_content":"<h1 style=\"margin-bottom: 0;\">Pol\u00edtica de cookies<\/h1>\n<p><strong>Data d\u2019\u00faltima actualitzaci\u00f3: 29\/08\/2024<\/strong><\/p> <p>L'<strong>Ajuntament de Guardamar de la Safor<\/strong> utilitza cookies i tecnologies similars en el nostre lloc web <strong><a href=\"http:\/\/www.guardamardelasafor.org\" target=\"_new\" rel=\"noopener\">www.guardamardelasafor.org<\/a><\/strong>.<\/p> <p>En utilitzar el nostre lloc web, vost\u00e9 accepta l\u2019\u00fas de cookies d\u2019acord amb aquesta Pol\u00edtica de Cookies. Si no est\u00e0 d\u2019acord amb l\u2019\u00fas de cookies, ha de desactivar-les seguint les instruccions proporcionades en aquesta Pol\u00edtica de Cookies o deixar d\u2019utilitzar el nostre lloc web.<\/p> <p><strong>Qu\u00e8 s\u00f3n les cookies?<\/strong><\/p> <p>Les cookies s\u00f3n xicotets arxius de text que s\u2019emmagatzemen en el seu dispositiu (com l\u2019ordinador, tauleta o tel\u00e8fon m\u00f2bil) quan visita el nostre lloc web. Les cookies s\u2019utilitzen \u00e0mpliament perqu\u00e8 els llocs web funcionen correctament i de manera m\u00e9s eficient, aix\u00ed com per a proporcionar informaci\u00f3 als propietaris del lloc.<\/p> <p><strong>Tipus de cookies utilitzades<\/strong><\/p> <ul> <li> <p><strong>Cookies essencials:<\/strong> Aquestes cookies s\u00f3n necess\u00e0ries per a proporcionar-li els serveis disponibles a trav\u00e9s del nostre lloc web i per a permetre-li utilitzar algunes de les seues funcions. Per exemple, utilitzem cookies essencials per a autenticar el seu acc\u00e9s a \u00e0rees segures del lloc web.<\/p> <\/li> <li> <p><strong>Cookies de rendiment i an\u00e0lisi:<\/strong> Aquestes cookies recopilen informaci\u00f3 sobre com els visitants utilitzen el nostre lloc web, com les p\u00e0gines que visiten amb m\u00e9s freq\u00fc\u00e8ncia i si reben missatges d\u2019error de les p\u00e0gines web. Utilitzem aquesta informaci\u00f3 per a millorar la funcionalitat i rendiment del lloc web i per a comprendre millor com s\u2019utilitza i es navega per aquest.<\/p> <\/li> <li> <p><strong>Cookies de funcionalitat:<\/strong> Aquestes cookies s\u2019utilitzen per a recon\u00e9ixer-lo quan torna al nostre lloc web i per a recordar les eleccions que haja fet, com l\u2019idioma de prefer\u00e8ncia o les opcions de personalitzaci\u00f3. Aquestes cookies ens permeten proporcionar-li una experi\u00e8ncia m\u00e9s personalitzada i millorar la seua comoditat d\u2019\u00fas.<\/p> <\/li> <li> <p><strong>Cookies de publicitat:<\/strong> Aquestes cookies s\u2019utilitzen per a mostrar anuncis rellevants per a vost\u00e9 i els seus interessos. Tamb\u00e9 s\u2019utilitzen per a limitar la freq\u00fc\u00e8ncia amb la qual es mostra un anunci i per a mesurar l\u2019efectivitat d\u2019una campanya publicit\u00e0ria. Aquestes cookies s\u00f3n generalment col\u00b7locades per xarxes publicit\u00e0ries de tercers.<\/p> <\/li> <\/ul> <p><strong>Control de cookies<\/strong><\/p> <p>En utilitzar el nostre lloc web, vost\u00e9 accepta l\u2019\u00fas de cookies d\u2019acord amb aquesta Pol\u00edtica de Cookies. Pot controlar i administrar les cookies en qualsevol moment a trav\u00e9s de la configuraci\u00f3 del seu navegador. Tingueu en compte que desactivar les cookies pot afectar la funcionalitat del nostre lloc web i limitar la seua capacitat per a utilitzar totes les seues caracter\u00edstiques.<\/p> <p><strong>Enlla\u00e7os a altres llocs web<\/strong><\/p> <p>El nostre lloc web pot contindre enlla\u00e7os a altres llocs web de tercers. Aquesta Pol\u00edtica de Cookies no s\u2019aplica als llocs web de tercers, per tant, li recomanem que consulte les pol\u00edtiques de cookies d\u2019aquests llocs web.<\/p> <p><strong>Canvis en la Pol\u00edtica de Cookies<\/strong><\/p> <p>Ens reservem el dret de modificar o actualitzar aquesta Pol\u00edtica de Cookies en qualsevol moment per a reflectir els canvis en les nostres pr\u00e0ctiques de cookies. Qualsevol actualitzaci\u00f3 entrar\u00e0 en vigor tan prompte com es publique la versi\u00f3 revisada en el nostre lloc web. Li recomanem que revise peri\u00f2dicament aquesta Pol\u00edtica de Cookies per a estar informat sobre com utilitzem les cookies.<\/p>","_links":{"self":[{"href":"https:\/\/guardamardelasafor.org\/en\/wp-json\/wp\/v2\/pages\/409","targetHints":{"allow":["GET"]}}],"collection":[{"href":"https:\/\/guardamardelasafor.org\/en\/wp-json\/wp\/v2\/pages"}],"about":[{"href":"https:\/\/guardamardelasafor.org\/en\/wp-json\/wp\/v2\/types\/page"}],"author":[{"embeddable":true,"href":"https:\/\/guardamardelasafor.org\/en\/wp-json\/wp\/v2\/users\/1"}],"replies":[{"embeddable":true,"href":"https:\/\/guardamardelasafor.org\/en\/wp-json\/wp\/v2\/comments?post=409"}],"version-history":[{"count":6,"href":"https:\/\/guardamardelasafor.org\/en\/wp-json\/wp\/v2\/pages\/409\/revisions"}],"predecessor-version":[{"id":1043,"href":"https:\/\/guardamardelasafor.org\/en\/wp-json\/wp\/v2\/pages\/409\/revisions\/1043"}],"wp:attachment":[{"href":"https:\/\/guardamardelasafor.org\/en\/wp-json\/wp\/v2\/media?parent=409"}],"curies":[{"name":"wp","href":"https:\/\/api.w.org\/{rel}","templated":true}]}}