{"id":403,"date":"2024-08-31T16:40:58","date_gmt":"2024-08-31T16:40:58","guid":{"rendered":"https:\/\/ayto5.accesia.info\/?page_id=403"},"modified":"2024-10-17T11:30:03","modified_gmt":"2024-10-17T11:30:03","slug":"avis-legal","status":"publish","type":"page","link":"https:\/\/guardamardelasafor.org\/en\/avis-legal\/","title":{"rendered":"Legal notice"},"content":{"rendered":"<!--themify_builder_content-->\n<div id=\"themify_builder_content-403\" data-postid=\"403\" class=\"themify_builder_content themify_builder_content-403 themify_builder tf_clear\">\n                    <div  data-parallax-bg=\"desktop\" data-lazy=\"1\" class=\"module_row themify_builder_row tb_fe58c64 tb_first tf_w\">\n            <span  class=\"builder_row_cover tf_abs\" data-lazy=\"1\"><\/span>            <div class=\"row_inner col_align_top tb_col_count_1 tf_box tf_rel\">\n                        <div  data-lazy=\"1\" class=\"module_column tb-column col-full tb_bb1b33d first\">\n                    <!-- module text -->\n<div  class=\"module module-text tb_2c0aaca\" data-lazy=\"1\">\n        <div  class=\"tb_text_wrap\">\n        <h1 style=\"margin-bottom: 0;\">Legal notice<\/h1>    <\/div>\n<\/div>\n<!-- \/module text -->        <\/div>\n                        <\/div>\n        <\/div>\n                        <div  data-lazy=\"1\" class=\"module_row themify_builder_row tb_hh5d979 tf_w\">\n                        <div class=\"row_inner col_align_top tb_col_count_1 tf_box tf_rel\">\n                        <div  data-lazy=\"1\" class=\"module_column tb-column col-full tb_a5jw979 first\">\n                    <!-- module text -->\n<div  class=\"module module-text tb_4klc979\" data-lazy=\"1\">\n        <div  class=\"tb_text_wrap\">\n        <p><strong>Date of last update: 29\/08\/2024<\/strong><\/p>\n<p>This Legal Notice regulates the conditions of use of the website <strong><a href=\"https:\/\/guardamardelasafor.org\/en\/\" target=\"_new\" rel=\"noopener\">www.guardamardelasafor.org<\/a><\/strong> (hereinafter, \u201cWebsite\u201d), which is owned by the<strong>Guardamar de la Safor Town Hall<\/strong> (hereinafter, &quot;City Council&quot;, &quot;we&quot; or &quot;our&quot;). By accessing and using our Website, you agree to be bound by the terms and conditions set forth in this Legal Notice. If you do not agree to these terms, we recommend that you do not use our Website.<\/p>\n<p><strong>Intellectual property<\/strong><\/p>\n<p>All intellectual property rights in the content of the Website, including but not limited to texts, images, graphics, logos, icons, audio and video files, software and any other material, are the exclusive property of &#039;<strong>Guardamar de la Safor Town Hall<\/strong> or are used under license. Any form of reproduction, distribution, public communication, modification, transformation or any other act of exploitation of this content is prohibited without the prior written consent of the City Council.<\/p>\n<p><strong>Use of the Website<\/strong><\/p>\n<p>The use of the Website is the sole responsibility of the user. You undertake to use the Website diligently, correctly and lawfully, in accordance with the applicable legislation and this Legal Notice. Any use of the Website that could be harmful to the City Council, its citizens, suppliers or other users is prohibited.<\/p>\n<p><strong>Links to other websites<\/strong><\/p>\n<p>The Website may contain links to third-party websites that are not under the control of<strong>Guardamar de la Safor Town Hall<\/strong>. These links are provided solely as a convenience to the user and do not imply approval or endorsement by the City of these websites. The City does not assume any responsibility for the content, accuracy or privacy practices of third-party websites. We recommend that you review the privacy policies and terms of use of any third-party websites you access through links on our Website.<\/p>\n<p><strong>Exclusion of liability<\/strong><\/p>\n<p>the<strong>Guardamar de la Safor Town Hall<\/strong> does not guarantee the availability, accessibility and continuity of the operation of the Website, nor the absence of errors in its content. To the extent permitted by law, the City Council will not be responsible for damages that may arise from the use or inability to use the Website, including direct, indirect, incidental, consequential or punitive damages , loss of profits, data or any other economic loss.<\/p>\n<p><strong>Protection of personal data<\/strong><\/p>\n<p>The processing of personal data collected through the Website is governed by our Privacy Policy, which forms an integral part of this Legal Notice.<\/p>\n<p><strong>Modifications<\/strong><\/p>\n<p>the<strong>Guardamar de la Safor Town Hall<\/strong> reserves the right to modify, update or remove any aspect of the Website, including this Legal Notice, at any time and without prior notice. It is the responsibility of the user to periodically review this Legal Notice to be informed of the changes made.<\/p>\n<p><strong>Applicable law and jurisdiction<\/strong><\/p>\n<p>This Legal Notice will be governed and interpreted in accordance with the laws of Spain, without prejudice to the rights that assist the user under the applicable legislation. Any dispute arising in connection with the Website shall be subject to the exclusive jurisdiction of the courts of Valencia, Spain.<\/p>\n<p>If you have any questions or queries about this Legal Notice, you can contact us through the means indicated on the Website.<\/p>    <\/div>\n<\/div>\n<!-- \/module text -->        <\/div>\n                        <\/div>\n        <\/div>\n        <\/div>\n<!--\/themify_builder_content-->","protected":false},"excerpt":{"rendered":"<p>Av\u00eds legal Data d\u2019\u00faltima actualitzaci\u00f3: 29\/08\/2024 Aquest Av\u00eds Legal regula les condicions d\u2019\u00fas del lloc web www.guardamardelasafor.org (en avant, \u201cLloc Web\u201d), que \u00e9s propietat de l&#8217;Ajuntament de Guardamar de la Safor (en avant, \u201cAjuntament\u201d, \u201cnosaltres\u201d o \u201cnostre\u201d). En accedir i utilitzar el nostre Lloc Web, vost\u00e9 accepta estar subjecte als termes i condicions establerts en [&hellip;]<\/p>\n","protected":false},"author":1,"featured_media":0,"parent":0,"menu_order":0,"comment_status":"closed","ping_status":"closed","template":"","meta":{"footnotes":""},"class_list":["post-403","page","type-page","status-publish","hentry","has-post-title","has-post-date","has-post-category","has-post-tag","has-post-comment","has-post-author",""],"builder_content":"<h1 style=\"margin-bottom: 0;\">Av\u00eds legal<\/h1>\n<p><strong>Data d\u2019\u00faltima actualitzaci\u00f3: 29\/08\/2024<\/strong><\/p> <p>Aquest Av\u00eds Legal regula les condicions d\u2019\u00fas del lloc web <strong><a href=\"http:\/\/www.guardamardelasafor.org\" target=\"_new\" rel=\"noopener\">www.guardamardelasafor.org<\/a><\/strong> (en avant, \u201cLloc Web\u201d), que \u00e9s propietat de l'<strong>Ajuntament de Guardamar de la Safor<\/strong> (en avant, \u201cAjuntament\u201d, \u201cnosaltres\u201d o \u201cnostre\u201d). En accedir i utilitzar el nostre Lloc Web, vost\u00e9 accepta estar subjecte als termes i condicions establerts en aquest Av\u00eds Legal. Si no est\u00e0 d\u2019acord amb aquests termes, li recomanem que no utilitze el nostre Lloc Web.<\/p> <p><strong>Propietat intel\u00b7lectual<\/strong><\/p> <p>Tots els drets de propietat intel\u00b7lectual sobre el contingut del Lloc Web, incloent-hi, entre altres, textos, imatges, gr\u00e0fics, logotips, icones, arxius d\u2019\u00e0udio i v\u00eddeo, programari i qualsevol altre material, s\u00f3n propietat exclusiva de l'<strong>Ajuntament de Guardamar de la Safor<\/strong> o s\u2019utilitzen sota llic\u00e8ncia. Est\u00e0 prohibida qualsevol forma de reproducci\u00f3, distribuci\u00f3, comunicaci\u00f3 p\u00fablica, modificaci\u00f3, transformaci\u00f3 o qualsevol altre acte d\u2019explotaci\u00f3 d\u2019aquest contingut sense el consentiment previ i per escrit de l'Ajuntament.<\/p> <p><strong>\u00das del Lloc Web<\/strong><\/p> <p>L\u2019\u00fas del Lloc Web \u00e9s responsabilitat exclusiva de l\u2019usuari. Vost\u00e9 es compromet a utilitzar el Lloc Web de manera diligent, correcta i l\u00edcita, d\u2019acord amb la legislaci\u00f3 aplicable i aquest Av\u00eds Legal. Queda prohibit qualsevol \u00fas del Lloc Web que puga ser perjudicial per a l'Ajuntament, els seus ciutadans, prove\u00efdors o altres usuaris.<\/p> <p><strong>Enlla\u00e7os a altres llocs web<\/strong><\/p> <p>El Lloc Web pot contindre enlla\u00e7os a llocs web de tercers que no estan sota el control de l'<strong>Ajuntament de Guardamar de la Safor<\/strong>. Aquests enlla\u00e7os es proporcionen \u00fanicament com una conveni\u00e8ncia per a l\u2019usuari i no impliquen l\u2019aprovaci\u00f3 o suport de l'Ajuntament respecte d\u2019aquests llocs web. L'Ajuntament no assumeix cap responsabilitat pel contingut, la precisi\u00f3 o les pr\u00e0ctiques de privacitat dels llocs web de tercers. Li recomanem que revise les pol\u00edtiques de privacitat i els termes d\u2019\u00fas de qualsevol lloc web de tercers al qual accedisca a trav\u00e9s d\u2019enlla\u00e7os en el nostre Lloc Web.<\/p> <p><strong>Exclusi\u00f3 de responsabilitat<\/strong><\/p> <p>L'<strong>Ajuntament de Guardamar de la Safor<\/strong> no garanteix la disponibilitat, accessibilitat i continu\u00eftat del funcionament del Lloc Web, ni l\u2019abs\u00e8ncia d\u2019errors en el seu contingut. En la mesura permesa per la llei, l'Ajuntament no ser\u00e0 responsable dels danys i perjudicis que puguen derivar-se de l\u2019\u00fas o la impossibilitat d\u2019\u00fas del Lloc Web, incloent-hi danys directes, indirectes, incidentals, conseq\u00fcents o punitius, p\u00e8rdua de beneficis, dades o qualsevol altra p\u00e8rdua econ\u00f2mica.<\/p> <p><strong>Protecci\u00f3 de dades personals<\/strong><\/p> <p>El tractament de les dades personals recopilades a trav\u00e9s del Lloc Web es regeix per la nostra Pol\u00edtica de Privacitat, que forma part integrant d\u2019aquest Av\u00eds Legal.<\/p> <p><strong>Modificacions<\/strong><\/p> <p>L'<strong>Ajuntament de Guardamar de la Safor<\/strong> es reserva el dret de modificar, actualitzar o eliminar qualsevol aspecte del Lloc Web, incloent-hi aquest Av\u00eds Legal, en qualsevol moment i sense previ av\u00eds. \u00c9s responsabilitat de l\u2019usuari revisar peri\u00f2dicament aquest Av\u00eds Legal per a estar informat dels canvis realitzats.<\/p> <p><strong>Llei aplicable i jurisdicci\u00f3<\/strong><\/p> <p>Aquest Av\u00eds Legal es regir\u00e0 i interpretar\u00e0 d\u2019acord amb les lleis d\u2019Espanya, sense perjudici dels drets que li assistisquen a l\u2019usuari en virtut de la legislaci\u00f3 aplicable. Qualsevol disputa que sorgisca en relaci\u00f3 amb el Lloc Web se sotmetr\u00e0 a la jurisdicci\u00f3 exclusiva dels tribunals de Val\u00e8ncia, Espanya.<\/p> <p>Si t\u00e9 alguna pregunta o consulta sobre aquest Av\u00eds Legal, pot posar-se en contacte amb nosaltres a trav\u00e9s dels mitjans indicats en el Lloc Web.<\/p>","_links":{"self":[{"href":"https:\/\/guardamardelasafor.org\/en\/wp-json\/wp\/v2\/pages\/403","targetHints":{"allow":["GET"]}}],"collection":[{"href":"https:\/\/guardamardelasafor.org\/en\/wp-json\/wp\/v2\/pages"}],"about":[{"href":"https:\/\/guardamardelasafor.org\/en\/wp-json\/wp\/v2\/types\/page"}],"author":[{"embeddable":true,"href":"https:\/\/guardamardelasafor.org\/en\/wp-json\/wp\/v2\/users\/1"}],"replies":[{"embeddable":true,"href":"https:\/\/guardamardelasafor.org\/en\/wp-json\/wp\/v2\/comments?post=403"}],"version-history":[{"count":4,"href":"https:\/\/guardamardelasafor.org\/en\/wp-json\/wp\/v2\/pages\/403\/revisions"}],"predecessor-version":[{"id":1044,"href":"https:\/\/guardamardelasafor.org\/en\/wp-json\/wp\/v2\/pages\/403\/revisions\/1044"}],"wp:attachment":[{"href":"https:\/\/guardamardelasafor.org\/en\/wp-json\/wp\/v2\/media?parent=403"}],"curies":[{"name":"wp","href":"https:\/\/api.w.org\/{rel}","templated":true}]}}