{"id":40,"date":"2016-08-03T12:52:55","date_gmt":"2016-08-03T12:52:55","guid":{"rendered":"https:\/\/ayto5.accesia.info\/?page_id=40"},"modified":"2024-10-17T11:22:08","modified_gmt":"2024-10-17T11:22:08","slug":"contacte","status":"publish","type":"page","link":"https:\/\/guardamardelasafor.org\/en\/contacte\/","title":{"rendered":"Contact"},"content":{"rendered":"<!--themify_builder_content-->\n<div id=\"themify_builder_content-40\" data-postid=\"40\" class=\"themify_builder_content themify_builder_content-40 themify_builder tf_clear\">\n                    <div  data-parallax-bg=\"desktop\" data-css_id=\"qhu6175\" data-lazy=\"1\" class=\"module_row themify_builder_row fullwidth tb_qhu6175 tb_first tf_w\">\n            <span  class=\"builder_row_cover tf_abs\" data-lazy=\"1\"><\/span>            <div class=\"row_inner col_align_top tb_col_count_1 tf_box tf_rel\">\n                        <div  data-lazy=\"1\" class=\"module_column tb-column col-full tb_ligv175 first\">\n                    <!-- module text -->\n<div  class=\"module module-text tb_1su5175   \" data-lazy=\"1\">\n        <div  class=\"tb_text_wrap\">\n        <h1 style=\"margin-bottom: 0;\">Contacte<\/h1>    <\/div>\n<\/div>\n<!-- \/module text -->        <\/div>\n                        <\/div>\n        <\/div>\n                        <div  data-lazy=\"1\" class=\"module_row themify_builder_row tb_ds4w666 tf_w\">\n                        <div class=\"row_inner col_align_top tb_col_count_3 tf_box tf_rel\">\n                        <div  data-lazy=\"1\" class=\"module_column tb-column col3-1 tb_cehw684 first\">\n                    <!-- module icon -->\n<div  class=\"module module-icon tb_maiy684  xlarge none icon_horizontal \" data-lazy=\"1\">\n\t\t\t<div class=\"module-icon-item\">\n\t\t\t\t\t\t\t<a href=\"https:\/\/maps.app.goo.gl\/Brw47dNC7cAnbt6S6\" rel=\"noopener\" target=\"_blank\">\n\t\t\t\t\t\t\t\t\t\t\t\t\t\t\t\t\t<em class=\"tf_box\"\n\t\t\t\t\t\t\t\t\t\t\t\t\t\t\t\t\t><svg  class=\"tf_fa tf-far-map-marker\" aria-hidden=\"true\"><use href=\"#tf-far-map-marker\"><\/use><\/svg><\/em>\n\t\t\t\t\t\t\t\t\t\t\t\t\t\t\t\t<\/a>\n\t\t\t\t\t<\/div>\n\t<\/div>\n<!-- \/module icon -->\n<!-- module text -->\n<div  class=\"module module-text tb_6j5b271   \" data-lazy=\"1\">\n        <div  class=\"tb_text_wrap\">\n        <p><a href=\"https:\/\/maps.app.goo.gl\/Brw47dNC7cAnbt6S6\" target=\"_blank\" rel=\"noopener\">Carrer Nou d&#8217;Octubre, 3<\/a><\/p>    <\/div>\n<\/div>\n<!-- \/module text -->        <\/div>\n                    <div  data-lazy=\"1\" class=\"module_column tb-column col3-1 tb_1zu0685\">\n                    <!-- module icon -->\n<div  class=\"module module-icon tb_c4i9685  xlarge none icon_horizontal \" data-lazy=\"1\">\n\t\t\t<div class=\"module-icon-item\">\n\t\t\t\t\t\t\t<a href=\"tel:962818851\">\n\t\t\t\t\t\t\t\t\t\t\t\t\t\t\t\t\t<em class=\"tf_box\"\n\t\t\t\t\t\t\t\t\t\t\t\t\t\t\t\t\t><svg  class=\"tf_fa tf-fas-mobile\" aria-hidden=\"true\"><use href=\"#tf-fas-mobile\"><\/use><\/svg><\/em>\n\t\t\t\t\t\t\t\t\t\t\t\t\t\t\t\t<\/a>\n\t\t\t\t\t<\/div>\n\t<\/div>\n<!-- \/module icon -->\n<!-- module text -->\n<div  class=\"module module-text tb_lose313   \" data-lazy=\"1\">\n        <div  class=\"tb_text_wrap\">\n        <p><a href=\"tel:962818851\">962 818 851<\/a><\/p>    <\/div>\n<\/div>\n<!-- \/module text -->        <\/div>\n                    <div  data-lazy=\"1\" class=\"module_column tb-column col3-1 tb_rtnd686 last\">\n                    <!-- module icon -->\n<div  class=\"module module-icon tb_pwlf686  xlarge none icon_horizontal \" data-lazy=\"1\">\n\t\t\t<div class=\"module-icon-item\">\n\t\t\t\t\t\t\t<a href=\"mailto:ajuntament@guardamardelasafor.org\">\n\t\t\t\t\t\t\t\t\t\t\t\t\t\t\t\t\t<em class=\"tf_box\"\n\t\t\t\t\t\t\t\t\t\t\t\t\t\t\t\t\t><svg  class=\"tf_fa tf-fas-mail-bulk\" aria-hidden=\"true\"><use href=\"#tf-fas-mail-bulk\"><\/use><\/svg><\/em>\n\t\t\t\t\t\t\t\t\t\t\t\t\t\t\t\t<\/a>\n\t\t\t\t\t<\/div>\n\t<\/div>\n<!-- \/module icon -->\n<!-- module text -->\n<div  class=\"module module-text tb_ho83686   \" data-lazy=\"1\">\n        <div  class=\"tb_text_wrap\">\n        <p><a href=\"mailto:ajuntament@guardamardelasafor.org\">ajuntament@guardamardelasafor.org<\/a><\/p>    <\/div>\n<\/div>\n<!-- \/module text -->        <\/div>\n                        <\/div>\n        <\/div>\n                        <div  data-lazy=\"1\" class=\"module_row themify_builder_row tb_c29x667 tf_w\">\n                        <div class=\"row_inner col_align_top tb_col_count_1 tf_box tf_rel\">\n                        <div  data-lazy=\"1\" class=\"module_column tb-column col-full tb_5j9j687 first\">\n                    <!-- module text -->\n<div  class=\"module module-text tb_45mm688   \" data-lazy=\"1\">\n        <div  class=\"tb_text_wrap\">\n        <h2 style=\"text-align: center;\"><strong><span style=\"color: #666666; font-size: 1em;\">Formulari de contacte<\/span><\/strong><\/h2>\n<p style=\"text-align: center;\">Tens alguna pregunta, suggeriment o necessitat d&#8217;informaci\u00f3? No dubtis a posar-te en contacte amb nosaltres! Ompliu el formulari a continuaci\u00f3 i ens posarem en contacte amb tu tan aviat com sigui possible.<\/p>    <\/div>\n<\/div>\n<!-- \/module text --><!-- module plain text -->\n<div  class=\"module module-plain-text tb_sxzp62 \" data-lazy=\"1\">\n        <div class=\"tb_text_wrap\">\n    <div class=\"frm_forms  with_frm_style frm_style_estilo-de-formidable\" id=\"frm_form_2_container\" data-token=\"4b61938f6c73e5cfda6165a210b82804\">\n<form enctype=\"multipart\/form-data\" method=\"post\" class=\"frm-show-form \" id=\"form_formulario-de-contacto\" data-token=\"4b61938f6c73e5cfda6165a210b82804\">\n<div class=\"frm_form_fields \">\n<fieldset>\n<legend class=\"frm_screen_reader\">Formulario de contacto<\/legend>\r\n\r\n<div class=\"frm_fields_container\">\n<input type=\"hidden\" name=\"frm_action\" value=\"create\" \/>\n<input type=\"hidden\" name=\"form_id\" value=\"2\" \/>\n<input type=\"hidden\" name=\"frm_hide_fields_2\" id=\"frm_hide_fields_2\" value=\"\" \/>\n<input type=\"hidden\" name=\"form_key\" value=\"formulario-de-contacto\" \/>\n<input type=\"hidden\" name=\"item_meta[0]\" value=\"\" \/>\n<input type=\"hidden\" id=\"frm_submit_entry_2\" name=\"frm_submit_entry_2\" value=\"4ff8a72767\" \/><input type=\"hidden\" name=\"_wp_http_referer\" value=\"\/en\/wp-json\/wp\/v2\/pages\/40\" \/><div id=\"frm_field_6_container\" class=\"frm_form_field form-field  frm_required_field frm_top_container frm12 frm_first\">\r\n    <label for=\"field_qh4icy2\" id=\"field_qh4icy2_label\" class=\"frm_primary_label\">Nom\r\n        <span class=\"frm_required\" aria-hidden=\"true\">*<\/span>\r\n    <\/label>\r\n    <input type=\"text\" id=\"field_qh4icy2\" name=\"item_meta[6]\" value=\"\"  placeholder=\"Exemple: Maria Gonz\u00e1lez Garc\u00eda\" data-reqmsg=\"Este campo no puede estar en blanco.\" aria-required=\"true\" data-invmsg=\"Name no es v\u00e1lido\" aria-invalid=\"false\"   aria-describedby=\"frm_desc_field_qh4icy2\"\/>\r\n    <div class=\"frm_description\" id=\"frm_desc_field_qh4icy2\">Escriu el teu nom complet perqu\u00e8 puguem dirigir-nos a tu correctament.\r\n<\/div>\r\n    \r\n<\/div>\n<div id=\"frm_field_7_container\" class=\"frm_form_field form-field  frm_required_field frm_top_container frm_full\">\r\n    <label for=\"field_29yf4d2\" id=\"field_29yf4d2_label\" class=\"frm_primary_label\">Correu electr\u00f2nic\r\n        <span class=\"frm_required\" aria-hidden=\"true\">*<\/span>\r\n    <\/label>\r\n    <input type=\"email\" id=\"field_29yf4d2\" name=\"item_meta[7]\" value=\"\"  placeholder=\"Exemple: maria@exemple.com\" data-reqmsg=\"Este campo no puede estar en blanco.\" aria-required=\"true\" data-invmsg=\"Please enter a valid email address\" aria-invalid=\"false\"   aria-describedby=\"frm_desc_field_29yf4d2\"\/>\r\n    <div class=\"frm_description\" id=\"frm_desc_field_29yf4d2\">Introdueix una adre\u00e7a de correu v\u00e0lida. T'hi respondrem.<\/div>\r\n    \r\n<\/div>\n<div id=\"frm_field_8_container\" class=\"frm_form_field form-field  frm_required_field frm_top_container frm_full\">\r\n    <label for=\"field_e6lis62\" id=\"field_e6lis62_label\" class=\"frm_primary_label\">Assumpte\r\n        <span class=\"frm_required\" aria-hidden=\"true\">*<\/span>\r\n    <\/label>\r\n    <input type=\"text\" id=\"field_e6lis62\" name=\"item_meta[8]\" value=\"\"  placeholder=\"Exemple: Consulta sobre els horaris de l&#039;ajuntament\" data-reqmsg=\"Este campo no puede estar en blanco.\" aria-required=\"true\" data-invmsg=\"Subject no es v\u00e1lido\" aria-invalid=\"false\"   aria-describedby=\"frm_desc_field_e6lis62\"\/>\r\n    <div class=\"frm_description\" id=\"frm_desc_field_e6lis62\">Resumeix breument el motiu del teu missatge.<\/div>\r\n    \r\n<\/div>\n<div id=\"frm_field_9_container\" class=\"frm_form_field form-field  frm_required_field frm_top_container frm_full\">\r\n    <label for=\"field_9jv0r12\" id=\"field_9jv0r12_label\" class=\"frm_primary_label\">Missatge\r\n        <span class=\"frm_required\" aria-hidden=\"true\">*<\/span>\r\n    <\/label>\r\n    <textarea name=\"item_meta[9]\" id=\"field_9jv0r12\" rows=\"5\"  placeholder=\"Escriu el teu missatge ac\u00ed...\" data-reqmsg=\"Este campo no puede estar en blanco.\" aria-required=\"true\" data-invmsg=\"Missatge is invalid\" aria-invalid=\"false\"   aria-describedby=\"frm_desc_field_9jv0r12\"><\/textarea>\r\n    <div class=\"frm_description\" id=\"frm_desc_field_9jv0r12\">Explica'ns en qu\u00e8 podem ajudar-te. Com m\u00e9s informaci\u00f3 ens dones, millor et podrem respondre.<\/div>\r\n    \r\n<\/div>\n<div id=\"frm_field_10_container\" class=\"frm_form_field form-field  frm_required_field frm_top_container vertical_radio\">\r\n    <div  id=\"field_ik8qt_label\" class=\"frm_primary_label\">\r\n        <span class=\"frm_required\" aria-hidden=\"true\">*<\/span>\r\n    <\/div>\r\n    <div class=\"frm_opt_container\" aria-labelledby=\"field_ik8qt_label\" role=\"group\">\t\t<div class=\"frm_checkbox\" id=\"frm_checkbox_10-0\">\t\t\t<label  for=\"field_ik8qt-0\">\n\t\t\t<input type=\"checkbox\" name=\"item_meta[10][]\" id=\"field_ik8qt-0\" value=\"He llegit i accepte els &lt;a href=&quot;https:\/\/guardamardelasafor.org\/politica-de-privacitat\/&quot; target=&quot;_blank&quot; rel=&quot;noopener noreferrer&quot;&gt;     termes de privacitat del lloc web.&lt;\/a&gt;\"  data-reqmsg=\"This field cannot be blank.\" data-invmsg=\"This field is invalid\"   aria-required=\"true\"  \/> He llegit i accepte els <a href=\"https:\/\/guardamardelasafor.org\/politica-de-privacitat\/\" target=\"_blank\" rel=\"noopener noreferrer\">     termes de privacitat del lloc web.<\/a><\/label><\/div>\n<\/div>\r\n    \r\n    \r\n<\/div>\n<div id=\"frm_field_33_container\" class=\"frm_form_field form-field  frm_none_container\">\n\t<label for=\"cf-turnstile-response\" id=\"field_sud5s_label\" class=\"frm_primary_label\">Captcha\n\t\t<span class=\"frm_required\" aria-hidden=\"true\"><\/span>\n\t<\/label>\n\t<div  id=\"field_sud5s\" class=\"frm-cf-turnstile\" data-sitekey=\"0x4AAAAAABlZAPSskTeXdA6o\" data-language=\"en-GB\" data-size=\"normal\" data-theme=\"light\"><\/div>\n\t\n\t\n<\/div>\n<div id=\"frm_field_11_container\" class=\"frm_form_field form-field \">\r\n\t<div class=\"frm_submit\">\r\n\r\n<button class=\"frm_button_submit\" type=\"submit\"  >Enviar<\/button>\r\n\r\n<\/div>\r\n<\/div>\n\t<input type=\"hidden\" name=\"item_key\" value=\"\" \/>\n\t\t\t<div id=\"frm_field_35_container\">\n\t\t\t<label for=\"field_l4u6q\" >\n\t\t\t\tIf you are human, leave this field blank.\t\t\t<\/label>\n\t\t\t<input  id=\"field_l4u6q\" type=\"text\" class=\"frm_form_field form-field frm_verify\" name=\"item_meta[35]\" value=\"\"  \/>\n\t\t<\/div>\n\t\t<input name=\"frm_state\" type=\"hidden\" value=\"ShSG6V7vd3poTG+RmV1Dx8rxHmvlvSlz\/h8H9EjkK+U=\" \/><\/div>\n<\/fieldset>\n<\/div>\n\n<\/form>\n<\/div>\n    <\/div>\n<\/div>\n<!-- \/module plain text -->        <\/div>\n                        <\/div>\n        <\/div>\n        <\/div>\n<!--\/themify_builder_content-->","protected":false},"excerpt":{"rendered":"<p>Contact Carrer Nou d&#039;Octubre, 3 962 818 851 ajuntament@guardamardelasafor.org Contact form Do you have any questions, suggestions or need information? Do not hesitate to contact us! Fill out the form below and we will contact you as soon as possible.<\/p>","protected":false},"author":1,"featured_media":0,"parent":0,"menu_order":0,"comment_status":"closed","ping_status":"closed","template":"","meta":{"footnotes":""},"class_list":["post-40","page","type-page","status-publish","hentry","has-post-title","has-post-date","has-post-category","has-post-tag","has-post-comment","has-post-author",""],"builder_content":"<h1 style=\"margin-bottom: 0;\">Contacte<\/h1>\n<a href=\"https:\/\/maps.app.goo.gl\/Brw47dNC7cAnbt6S6\" rel=\"noopener\" target=\"_blank\"> <em ><svg aria-hidden=\"true\"><use href=\"#tf-far-map-marker\"><\/use><\/svg><\/em> <\/a>\n<p><a href=\"https:\/\/maps.app.goo.gl\/Brw47dNC7cAnbt6S6\" target=\"_blank\" rel=\"noopener\">Carrer Nou d'Octubre, 3<\/a><\/p>\n<a href=\"tel:962818851\"> <em ><svg aria-hidden=\"true\"><use href=\"#tf-fas-mobile\"><\/use><\/svg><\/em> <\/a>\n<p><a href=\"tel:962818851\">962 818 851<\/a><\/p>\n<a href=\"mailto:ajuntament@guardamardelasafor.org\"> <em ><svg aria-hidden=\"true\"><use href=\"#tf-fas-mail-bulk\"><\/use><\/svg><\/em> <\/a>\n<p><a href=\"mailto:ajuntament@guardamardelasafor.org\">ajuntament@guardamardelasafor.org<\/a><\/p>\n<h2 style=\"text-align: center;\"><strong>Formulari de contacte<\/strong><\/h2> <p style=\"text-align: center;\">Tens alguna pregunta, suggeriment o necessitat d'informaci\u00f3? No dubtis a posar-te en contacte amb nosaltres! Ompliu el formulari a continuaci\u00f3 i ens posarem en contacte amb tu tan aviat com sigui possible.<\/p>\n[formidable id=2]","_links":{"self":[{"href":"https:\/\/guardamardelasafor.org\/en\/wp-json\/wp\/v2\/pages\/40","targetHints":{"allow":["GET"]}}],"collection":[{"href":"https:\/\/guardamardelasafor.org\/en\/wp-json\/wp\/v2\/pages"}],"about":[{"href":"https:\/\/guardamardelasafor.org\/en\/wp-json\/wp\/v2\/types\/page"}],"author":[{"embeddable":true,"href":"https:\/\/guardamardelasafor.org\/en\/wp-json\/wp\/v2\/users\/1"}],"replies":[{"embeddable":true,"href":"https:\/\/guardamardelasafor.org\/en\/wp-json\/wp\/v2\/comments?post=40"}],"version-history":[{"count":22,"href":"https:\/\/guardamardelasafor.org\/en\/wp-json\/wp\/v2\/pages\/40\/revisions"}],"predecessor-version":[{"id":1038,"href":"https:\/\/guardamardelasafor.org\/en\/wp-json\/wp\/v2\/pages\/40\/revisions\/1038"}],"wp:attachment":[{"href":"https:\/\/guardamardelasafor.org\/en\/wp-json\/wp\/v2\/media?parent=40"}],"curies":[{"name":"wp","href":"https:\/\/api.w.org\/{rel}","templated":true}]}}