{"id":36,"date":"2016-08-06T17:41:40","date_gmt":"2016-08-06T17:41:40","guid":{"rendered":"https:\/\/ayto5.accesia.info\/?page_id=36"},"modified":"2024-11-08T12:08:32","modified_gmt":"2024-11-08T12:08:32","slug":"ajuntament","status":"publish","type":"page","link":"https:\/\/guardamardelasafor.org\/en\/ajuntament\/","title":{"rendered":"City Hall"},"content":{"rendered":"<!--themify_builder_content-->\n<div id=\"themify_builder_content-36\" data-postid=\"36\" class=\"themify_builder_content themify_builder_content-36 themify_builder tf_clear\">\n                    <div  data-parallax-bg=\"desktop\" data-lazy=\"1\" class=\"module_row themify_builder_row tb_fe58c64 tb_first tf_w\">\n            <span  class=\"builder_row_cover tf_abs\" data-lazy=\"1\"><\/span>            <div class=\"row_inner col_align_top tb_col_count_1 tf_box tf_rel\">\n                        <div  data-lazy=\"1\" class=\"module_column tb-column col-full tb_bb1b33d first\">\n                    <!-- module text -->\n<div  class=\"module module-text tb_2c0aaca\" data-lazy=\"1\">\n        <div  class=\"tb_text_wrap\">\n        <h1 style=\"margin-bottom: 0;\">City Hall<\/h1>    <\/div>\n<\/div>\n<!-- \/module text -->        <\/div>\n                        <\/div>\n        <\/div>\n                        <div  data-lazy=\"1\" class=\"module_row themify_builder_row tb_cn7r279 tf_w\">\n                        <div class=\"row_inner col_align_top tb_col_count_4 tf_box tf_rel\">\n                        <div  data-lazy=\"1\" class=\"module_column tb-column col4-1 tb_mi6a279 first\">\n                    <!-- module feature -->\n<div  class=\"module module-feature tb_ryg1279 with-chart layout-icon-top size-small  wow\" data-tf-animation=\"zoomIn\" data-layout-mobile=\"icon-top\" data-layout-desktop=\"icon-top\" data-lazy=\"1\">\n        <div class=\"module-feature-image tf_textc tf_rel\">\n                            <a href=\"\/en\/salutacio-de-lalcaldessa\/\">\n                        <span class=\"module-feature-chart-html5 tf_box tf_rel tf_inline_b\">\n                                    <svg class=\"tf_abs tf_w tf_h\">\n                    <circle class=\"tb_feature_fill\" r=\"calc(50% - 1.00px)\" cx=\"50%\" cy=\"50%\" stroke-width=\"2\"\/>\n                    <circle class=\"tb_feature_stroke\" r=\"calc(50% - 1.00px)\" cx=\"50%\" cy=\"50%\" stroke=\"#00406e\" stroke-width=\"2\" data-progress=\"100\" stroke-dasharray=\"0,10000\"\/>\n                                        <\/svg>\n                                <span class=\"chart-html5-circle tf_w tf_h\">\n                                            <em class=\"module-feature-icon tf_rel\" style=\"color:#000\"><svg  class=\"tf_fa tf-fas-hand\" aria-hidden=\"true\"><use href=\"#tf-fas-hand\"><\/use><\/svg><\/em>\n                                    <\/span>\n\n                \n            <\/span>\n                        <\/a>\n            <\/div>\n    <div class=\"module-feature-content tf_textc\">\n                    <h3 class=\"module-feature-title\">\n                            <a href=\"\/en\/salutacio-de-lalcaldessa\/\">Greetings from the mayoress<\/a>\n                        <\/h3>\n                    <div class=\"tb_text_wrap\">\n            <p>Welcome message and commitment to the municipality.<\/p>        <\/div>\n    <\/div>\n<\/div>\n<!-- \/module feature -->\n        <\/div>\n                    <div  data-lazy=\"1\" class=\"module_column tb-column col4-1 tb_3dq4279\">\n                    <!-- module feature -->\n<div  class=\"module module-feature tb_2sb6103 with-chart layout-icon-top size-small  wow\" data-tf-animation=\"zoomIn\" data-layout-mobile=\"icon-top\" data-layout-desktop=\"icon-top\" data-lazy=\"1\">\n        <div class=\"module-feature-image tf_textc tf_rel\">\n                            <a href=\"\/en\/corporacio-municipal\/\">\n                        <span class=\"module-feature-chart-html5 tf_box tf_rel tf_inline_b\">\n                                    <svg class=\"tf_abs tf_w tf_h\">\n                    <circle class=\"tb_feature_fill\" r=\"calc(50% - 1.00px)\" cx=\"50%\" cy=\"50%\" stroke-width=\"2\"\/>\n                    <circle class=\"tb_feature_stroke\" r=\"calc(50% - 1.00px)\" cx=\"50%\" cy=\"50%\" stroke=\"#00406e\" stroke-width=\"2\" data-progress=\"100\" stroke-dasharray=\"0,10000\"\/>\n                                        <\/svg>\n                                <span class=\"chart-html5-circle tf_w tf_h\">\n                                            <em class=\"module-feature-icon tf_rel\" style=\"color:#000\"><svg  class=\"tf_fa tf-fas-user-friends\" aria-hidden=\"true\"><use href=\"#tf-fas-user-friends\"><\/use><\/svg><\/em>\n                                    <\/span>\n\n                \n            <\/span>\n                        <\/a>\n            <\/div>\n    <div class=\"module-feature-content tf_textc\">\n                    <h3 class=\"module-feature-title\">\n                            <a href=\"\/en\/corporacio-municipal\/\">Municipal corporation<\/a>\n                        <\/h3>\n                    <div class=\"tb_text_wrap\">\n            <p>Information about the members of the city council and its organization.<\/p>        <\/div>\n    <\/div>\n<\/div>\n<!-- \/module feature -->\n        <\/div>\n                    <div  data-lazy=\"1\" class=\"module_column tb-column col4-1 tb_7qq8279\">\n                    <!-- module feature -->\n<div  class=\"module module-feature tb_rt5b279 with-chart layout-icon-top size-small  wow\" data-tf-animation=\"zoomIn\" data-layout-mobile=\"icon-top\" data-layout-desktop=\"icon-top\" data-lazy=\"1\">\n        <div class=\"module-feature-image tf_textc tf_rel\">\n                            <a href=\"\/en\/normativa-municipal\/\">\n                        <span class=\"module-feature-chart-html5 tf_box tf_rel tf_inline_b\">\n                                    <svg class=\"tf_abs tf_w tf_h\">\n                    <circle class=\"tb_feature_fill\" r=\"calc(50% - 1.00px)\" cx=\"50%\" cy=\"50%\" stroke-width=\"2\"\/>\n                    <circle class=\"tb_feature_stroke\" r=\"calc(50% - 1.00px)\" cx=\"50%\" cy=\"50%\" stroke=\"#00406e\" stroke-width=\"2\" data-progress=\"100\" stroke-dasharray=\"0,10000\"\/>\n                                        <\/svg>\n                                <span class=\"chart-html5-circle tf_w tf_h\">\n                                            <em class=\"module-feature-icon tf_rel\" style=\"color:#000\"><svg  class=\"tf_fa tf-fas-balance-scale-right\" aria-hidden=\"true\"><use href=\"#tf-fas-balance-scale-right\"><\/use><\/svg><\/em>\n                                    <\/span>\n\n                \n            <\/span>\n                        <\/a>\n            <\/div>\n    <div class=\"module-feature-content tf_textc\">\n                    <h3 class=\"module-feature-title\">\n                            <a href=\"\/en\/normativa-municipal\/\">Municipal regulation<\/a>\n                        <\/h3>\n                    <div class=\"tb_text_wrap\">\n            <p>Regulations that regulate the services and activities of the municipality.<\/p>        <\/div>\n    <\/div>\n<\/div>\n<!-- \/module feature -->\n        <\/div>\n                    <div  data-lazy=\"1\" class=\"module_column tb-column col4-1 tb_8ts1119 last\">\n                    <!-- module feature -->\n<div  class=\"module module-feature tb_sj6t279 with-chart layout-icon-top size-small  wow\" data-tf-animation=\"zoomIn\" data-layout-mobile=\"icon-top\" data-layout-desktop=\"icon-top\" data-lazy=\"1\">\n        <div class=\"module-feature-image tf_textc tf_rel\">\n                            <a href=\"https:\/\/guardamardelasafor.sedelectronica.es\/info.0\" target=\"_blank\" rel=\"noopener\" aria-label=\"Electronic headquarters\">\n                        <span class=\"module-feature-chart-html5 tf_box tf_rel tf_inline_b\">\n                                    <svg class=\"tf_abs tf_w tf_h\">\n                    <circle class=\"tb_feature_fill\" r=\"calc(50% - 1.00px)\" cx=\"50%\" cy=\"50%\" stroke-width=\"2\"\/>\n                    <circle class=\"tb_feature_stroke\" r=\"calc(50% - 1.00px)\" cx=\"50%\" cy=\"50%\" stroke=\"#00406e\" stroke-width=\"2\" data-progress=\"100\" stroke-dasharray=\"0,10000\"\/>\n                                        <\/svg>\n                                <span class=\"chart-html5-circle tf_w tf_h\">\n                                            <em class=\"module-feature-icon tf_rel\" style=\"color:#000\"><svg  class=\"tf_fa tf-fas-sitemap\" aria-hidden=\"true\"><use href=\"#tf-fas-sitemap\"><\/use><\/svg><\/em>\n                                    <\/span>\n\n                \n            <\/span>\n                        <\/a>\n            <\/div>\n    <div class=\"module-feature-content tf_textc\">\n                    <h3 class=\"module-feature-title\">\n                            <a href=\"https:\/\/guardamardelasafor.sedelectronica.es\/info.0\" target=\"_blank\" rel=\"noopener\" aria-label=\"Electronic headquarters\">Electronic headquarters<\/a>\n                        <\/h3>\n                    <div class=\"tb_text_wrap\">\n            <p>Carry out administrative procedures online, available 24 hours a day.<\/p>        <\/div>\n    <\/div>\n<\/div>\n<!-- \/module feature -->\n        <\/div>\n                        <\/div>\n        <\/div>\n                        <div  data-lazy=\"1\" class=\"module_row themify_builder_row tb_gt76935 tf_w\">\n                        <div class=\"row_inner col_align_top tb_col_count_3 tf_box tf_rel\">\n                        <div  data-lazy=\"1\" class=\"module_column tb-column col3-1 tb_mb92935 first\">\n                    <!-- module feature -->\n<div  class=\"module module-feature tb_uisr935 with-chart layout-icon-top size-small  wow\" data-tf-animation=\"zoomIn\" data-layout-mobile=\"icon-top\" data-layout-desktop=\"icon-top\" data-lazy=\"1\">\n        <div class=\"module-feature-image tf_textc tf_rel\">\n                            <a href=\"\/en\/telefons-dinteres\/\">\n                        <span class=\"module-feature-chart-html5 tf_box tf_rel tf_inline_b\">\n                                    <svg class=\"tf_abs tf_w tf_h\">\n                    <circle class=\"tb_feature_fill\" r=\"calc(50% - 1.00px)\" cx=\"50%\" cy=\"50%\" stroke-width=\"2\"\/>\n                    <circle class=\"tb_feature_stroke\" r=\"calc(50% - 1.00px)\" cx=\"50%\" cy=\"50%\" stroke=\"#00406e\" stroke-width=\"2\" data-progress=\"100\" stroke-dasharray=\"0,10000\"\/>\n                                        <\/svg>\n                                <span class=\"chart-html5-circle tf_w tf_h\">\n                                            <em class=\"module-feature-icon tf_rel\" style=\"color:#000\"><svg  class=\"tf_fa tf-fas-phone-alt\" aria-hidden=\"true\"><use href=\"#tf-fas-phone-alt\"><\/use><\/svg><\/em>\n                                    <\/span>\n\n                \n            <\/span>\n                        <\/a>\n            <\/div>\n    <div class=\"module-feature-content tf_textc\">\n                    <h3 class=\"module-feature-title\">\n                            <a href=\"\/en\/telefons-dinteres\/\">Telephones of interest<\/a>\n                        <\/h3>\n                    <div class=\"tb_text_wrap\">\n            <p>List of useful telephone numbers of municipal services.<\/p>        <\/div>\n    <\/div>\n<\/div>\n<!-- \/module feature -->\n        <\/div>\n                    <div  data-lazy=\"1\" class=\"module_column tb-column col3-1 tb_zmvh935\">\n                    <!-- module feature -->\n<div  class=\"module module-feature tb_m363935 with-chart layout-icon-top size-small  wow\" data-tf-animation=\"zoomIn\" data-layout-mobile=\"icon-top\" data-layout-desktop=\"icon-top\" data-lazy=\"1\">\n        <div class=\"module-feature-image tf_textc tf_rel\">\n                            <a href=\"\/en\/enllacos-dinteres\/\">\n                        <span class=\"module-feature-chart-html5 tf_box tf_rel tf_inline_b\">\n                                    <svg class=\"tf_abs tf_w tf_h\">\n                    <circle class=\"tb_feature_fill\" r=\"calc(50% - 1.00px)\" cx=\"50%\" cy=\"50%\" stroke-width=\"2\"\/>\n                    <circle class=\"tb_feature_stroke\" r=\"calc(50% - 1.00px)\" cx=\"50%\" cy=\"50%\" stroke=\"#00406e\" stroke-width=\"2\" data-progress=\"100\" stroke-dasharray=\"0,10000\"\/>\n                                        <\/svg>\n                                <span class=\"chart-html5-circle tf_w tf_h\">\n                                            <em class=\"module-feature-icon tf_rel\" style=\"color:#000\"><svg  class=\"tf_fa tf-fas-link\" aria-hidden=\"true\"><use href=\"#tf-fas-link\"><\/use><\/svg><\/em>\n                                    <\/span>\n\n                \n            <\/span>\n                        <\/a>\n            <\/div>\n    <div class=\"module-feature-content tf_textc\">\n                    <h3 class=\"module-feature-title\">\n                            <a href=\"\/en\/enllacos-dinteres\/\">Links of interest<\/a>\n                        <\/h3>\n                    <div class=\"tb_text_wrap\">\n            <p>Resources and additional information about local services.<\/p>        <\/div>\n    <\/div>\n<\/div>\n<!-- \/module feature -->\n        <\/div>\n                    <div  data-lazy=\"1\" class=\"module_column tb-column col3-1 tb_bqg8935 last\">\n                    <!-- module feature -->\n<div  class=\"module module-feature tb_aimc935 with-chart layout-icon-top size-small  wow\" data-tf-animation=\"zoomIn\" data-layout-mobile=\"icon-top\" data-layout-desktop=\"icon-top\" data-lazy=\"1\">\n        <div class=\"module-feature-image tf_textc tf_rel\">\n                            <a href=\"https:\/\/contrataciondelestado.es\/wps\/portal\/!ut\/p\/b0\/DcoxCoAwDEDRI2URBMFBHMRJnLTZYo012KalVM9vt__gA8IOqPSJoyJRyVebkzl50adLnC_xY9SSqZAWhg0Q8D3Ekq37kh1pbTB2Tk2YHN3t2kMKYfgB_txCAw!!\/\" target=\"_blank\" rel=\"noopener\" aria-label=\"Profile of the contractor\">\n                        <span class=\"module-feature-chart-html5 tf_box tf_rel tf_inline_b\">\n                                    <svg class=\"tf_abs tf_w tf_h\">\n                    <circle class=\"tb_feature_fill\" r=\"calc(50% - 1.00px)\" cx=\"50%\" cy=\"50%\" stroke-width=\"2\"\/>\n                    <circle class=\"tb_feature_stroke\" r=\"calc(50% - 1.00px)\" cx=\"50%\" cy=\"50%\" stroke=\"#00406e\" stroke-width=\"2\" data-progress=\"100\" stroke-dasharray=\"0,10000\"\/>\n                                        <\/svg>\n                                <span class=\"chart-html5-circle tf_w tf_h\">\n                                            <em class=\"module-feature-icon tf_rel\" style=\"color:#000\"><svg  class=\"tf_fa tf-fas-info-circle\" aria-hidden=\"true\"><use href=\"#tf-fas-info-circle\"><\/use><\/svg><\/em>\n                                    <\/span>\n\n                \n            <\/span>\n                        <\/a>\n            <\/div>\n    <div class=\"module-feature-content tf_textc\">\n                    <h3 class=\"module-feature-title\">\n                            <a href=\"https:\/\/contrataciondelestado.es\/wps\/portal\/!ut\/p\/b0\/DcoxCoAwDEDRI2URBMFBHMRJnLTZYo012KalVM9vt__gA8IOqPSJoyJRyVebkzl50adLnC_xY9SSqZAWhg0Q8D3Ekq37kh1pbTB2Tk2YHN3t2kMKYfgB_txCAw!!\/\" target=\"_blank\" rel=\"noopener\" aria-label=\"Profile of the contractor\">Profile of the contractor<\/a>\n                        <\/h3>\n                    <div class=\"tb_text_wrap\">\n            <p>Data on municipal tenders and contracts.<\/p>        <\/div>\n    <\/div>\n<\/div>\n<!-- \/module feature -->\n        <\/div>\n                        <\/div>\n        <\/div>\n        <\/div>\n<!--\/themify_builder_content-->","protected":false},"excerpt":{"rendered":"<p>Ajuntament Salutaci\u00f3 de l&#8217;alcaldessa Missatge de benvinguda i comprom\u00eds amb el municipi. Corporaci\u00f3 municipal Informaci\u00f3 sobre els membres de l&#8217;ajuntament i la seva organitzaci\u00f3. Normativa municipal Normatives que regulen els serveis i activitats del municipi. Seu electr\u00f2nica Realitza tr\u00e0mits administratius en l\u00ednia, disponible les 24 hores. Tel\u00e8fons d\u2019inter\u00e9s Llista de tel\u00e8fons \u00fatils dels serveis municipals. [&hellip;]<\/p>\n","protected":false},"author":1,"featured_media":0,"parent":0,"menu_order":0,"comment_status":"closed","ping_status":"closed","template":"","meta":{"footnotes":""},"class_list":["post-36","page","type-page","status-publish","hentry","has-post-title","has-post-date","has-post-category","has-post-tag","has-post-comment","has-post-author",""],"builder_content":"<h1 style=\"margin-bottom: 0;\">Ajuntament<\/h1>\n<a href=\"\/salutacio-de-lalcaldessa\/\"> <svg> <circle r=\"calc(50% - 1.00px)\" cx=\"50%\" cy=\"50%\" stroke-width=\"2\"\/> <circle r=\"calc(50% - 1.00px)\" cx=\"50%\" cy=\"50%\" stroke=\"#00406e\" stroke-width=\"2\" data-progress=\"100\" stroke-dasharray=\"0,10000\"\/> <\/svg> <em style=\"color:#000\"><svg aria-hidden=\"true\"><use href=\"#tf-fas-hand\"><\/use><\/svg><\/em> \n <\/a> <h3> <a href=\"\/salutacio-de-lalcaldessa\/\">Salutaci\u00f3 de l'alcaldessa<\/a> <\/h3> <p>Missatge de benvinguda i comprom\u00eds amb el municipi.<\/p>\n<a href=\"\/corporacio-municipal\/\"> <svg> <circle r=\"calc(50% - 1.00px)\" cx=\"50%\" cy=\"50%\" stroke-width=\"2\"\/> <circle r=\"calc(50% - 1.00px)\" cx=\"50%\" cy=\"50%\" stroke=\"#00406e\" stroke-width=\"2\" data-progress=\"100\" stroke-dasharray=\"0,10000\"\/> <\/svg> <em style=\"color:#000\"><svg aria-hidden=\"true\"><use href=\"#tf-fas-user-friends\"><\/use><\/svg><\/em> \n <\/a> <h3> <a href=\"\/corporacio-municipal\/\">Corporaci\u00f3 municipal<\/a> <\/h3> <p>Informaci\u00f3 sobre els membres de l'ajuntament i la seva organitzaci\u00f3.<\/p>\n<a href=\"\/normativa-municipal\/\"> <svg> <circle r=\"calc(50% - 1.00px)\" cx=\"50%\" cy=\"50%\" stroke-width=\"2\"\/> <circle r=\"calc(50% - 1.00px)\" cx=\"50%\" cy=\"50%\" stroke=\"#00406e\" stroke-width=\"2\" data-progress=\"100\" stroke-dasharray=\"0,10000\"\/> <\/svg> <em style=\"color:#000\"><svg aria-hidden=\"true\"><use href=\"#tf-fas-balance-scale-right\"><\/use><\/svg><\/em> \n <\/a> <h3> <a href=\"\/normativa-municipal\/\">Normativa municipal<\/a> <\/h3> <p>Normatives que regulen els serveis i activitats del municipi.<\/p>\n<a href=\"https:\/\/guardamardelasafor.sedelectronica.es\/info.0\" target=\"_blank\" rel=\"noopener\" aria-label=\"Seu electr\u00f2nica\"> <svg> <circle r=\"calc(50% - 1.00px)\" cx=\"50%\" cy=\"50%\" stroke-width=\"2\"\/> <circle r=\"calc(50% - 1.00px)\" cx=\"50%\" cy=\"50%\" stroke=\"#00406e\" stroke-width=\"2\" data-progress=\"100\" stroke-dasharray=\"0,10000\"\/> <\/svg> <em style=\"color:#000\"><svg aria-hidden=\"true\"><use href=\"#tf-fas-sitemap\"><\/use><\/svg><\/em> \n <\/a> <h3> <a href=\"https:\/\/guardamardelasafor.sedelectronica.es\/info.0\" target=\"_blank\" rel=\"noopener\" aria-label=\"Seu electr\u00f2nica\">Seu electr\u00f2nica<\/a> <\/h3> <p>Realitza tr\u00e0mits administratius en l\u00ednia, disponible les 24 hores.<\/p>\n<a href=\"\/telefons-dinteres\/\"> <svg> <circle r=\"calc(50% - 1.00px)\" cx=\"50%\" cy=\"50%\" stroke-width=\"2\"\/> <circle r=\"calc(50% - 1.00px)\" cx=\"50%\" cy=\"50%\" stroke=\"#00406e\" stroke-width=\"2\" data-progress=\"100\" stroke-dasharray=\"0,10000\"\/> <\/svg> <em style=\"color:#000\"><svg aria-hidden=\"true\"><use href=\"#tf-fas-phone-alt\"><\/use><\/svg><\/em> \n <\/a> <h3> <a href=\"\/telefons-dinteres\/\">Tel\u00e8fons d\u2019inter\u00e9s<\/a> <\/h3> <p>Llista de tel\u00e8fons \u00fatils dels serveis municipals.<\/p>\n<a href=\"\/enllacos-dinteres\/\"> <svg> <circle r=\"calc(50% - 1.00px)\" cx=\"50%\" cy=\"50%\" stroke-width=\"2\"\/> <circle r=\"calc(50% - 1.00px)\" cx=\"50%\" cy=\"50%\" stroke=\"#00406e\" stroke-width=\"2\" data-progress=\"100\" stroke-dasharray=\"0,10000\"\/> <\/svg> <em style=\"color:#000\"><svg aria-hidden=\"true\"><use href=\"#tf-fas-link\"><\/use><\/svg><\/em> \n <\/a> <h3> <a href=\"\/enllacos-dinteres\/\">Enlla\u00e7os d\u2019inter\u00e9s<\/a> <\/h3> <p>Recursos i informaci\u00f3 addicional sobre serveis locals.<\/p>\n<a href=\"https:\/\/contrataciondelestado.es\/wps\/portal\/!ut\/p\/b0\/DcoxCoAwDEDRI2URBMFBHMRJnLTZYo012KalVM9vt__gA8IOqPSJoyJRyVebkzl50adLnC_xY9SSqZAWhg0Q8D3Ekq37kh1pbTB2Tk2YHN3t2kMKYfgB_txCAw!!\/\" target=\"_blank\" rel=\"noopener\" aria-label=\"Perfil del contractant\"> <svg> <circle r=\"calc(50% - 1.00px)\" cx=\"50%\" cy=\"50%\" stroke-width=\"2\"\/> <circle r=\"calc(50% - 1.00px)\" cx=\"50%\" cy=\"50%\" stroke=\"#00406e\" stroke-width=\"2\" data-progress=\"100\" stroke-dasharray=\"0,10000\"\/> <\/svg> <em style=\"color:#000\"><svg aria-hidden=\"true\"><use href=\"#tf-fas-info-circle\"><\/use><\/svg><\/em> \n <\/a> <h3> <a href=\"https:\/\/contrataciondelestado.es\/wps\/portal\/!ut\/p\/b0\/DcoxCoAwDEDRI2URBMFBHMRJnLTZYo012KalVM9vt__gA8IOqPSJoyJRyVebkzl50adLnC_xY9SSqZAWhg0Q8D3Ekq37kh1pbTB2Tk2YHN3t2kMKYfgB_txCAw!!\/\" target=\"_blank\" rel=\"noopener\" aria-label=\"Perfil del contractant\">Perfil del contractant<\/a> <\/h3> <p>Dades sobre licitacions i contractacions del municipi.<\/p>","_links":{"self":[{"href":"https:\/\/guardamardelasafor.org\/en\/wp-json\/wp\/v2\/pages\/36","targetHints":{"allow":["GET"]}}],"collection":[{"href":"https:\/\/guardamardelasafor.org\/en\/wp-json\/wp\/v2\/pages"}],"about":[{"href":"https:\/\/guardamardelasafor.org\/en\/wp-json\/wp\/v2\/types\/page"}],"author":[{"embeddable":true,"href":"https:\/\/guardamardelasafor.org\/en\/wp-json\/wp\/v2\/users\/1"}],"replies":[{"embeddable":true,"href":"https:\/\/guardamardelasafor.org\/en\/wp-json\/wp\/v2\/comments?post=36"}],"version-history":[{"count":49,"href":"https:\/\/guardamardelasafor.org\/en\/wp-json\/wp\/v2\/pages\/36\/revisions"}],"predecessor-version":[{"id":1100,"href":"https:\/\/guardamardelasafor.org\/en\/wp-json\/wp\/v2\/pages\/36\/revisions\/1100"}],"wp:attachment":[{"href":"https:\/\/guardamardelasafor.org\/en\/wp-json\/wp\/v2\/media?parent=36"}],"curies":[{"name":"wp","href":"https:\/\/api.w.org\/{rel}","templated":true}]}}